{"id":11004,"date":"2026-01-03T23:18:14","date_gmt":"2026-01-03T22:18:14","guid":{"rendered":"https:\/\/www.lebenslaute.net\/?page_id=11004"},"modified":"2026-02-04T10:44:05","modified_gmt":"2026-02-04T09:44:05","slug":"baden-wuerttemberg-2025","status":"publish","type":"page","link":"https:\/\/www.lebenslaute.net\/?page_id=11004","title":{"rendered":"Baden-W\u00fcrttemberg 2025"},"content":{"rendered":"\n<h3 class=\"wp-block-heading\"><mark style=\"background-color:rgba(0, 0, 0, 0);color:#993401\" class=\"has-inline-color\">Aktionen 2025<\/mark><\/h3>\n\n\n\n<div style=\"height:15px\" aria-hidden=\"true\" class=\"wp-block-spacer\"><\/div>\n\n\n\n<hr class=\"wp-block-separator has-css-opacity\"\/>\n\n\n\n<p style=\"font-size:28px\"><strong>Pfingstkonzerte der \u201eLebenslaute\u201c in Wiesbaden<\/strong><\/p>\n\n\n\n<p><a href=\"https:\/\/wiesbadener-buendnis.de\/2025\/06\/11\/\">Juni 2025<\/a><\/p>\n\n\n\n<p style=\"font-size:16px\">Zu Pfingsten haben etwa 30 Musiker und Musikerinnen der \u201eLebenslaute\u201c Baden-W\u00fcrttemberg (die aber nicht nur von dort, sondern aus ganz Deutschland angereist sind) zwei gro\u00dfartige Konzerte in Wiesbaden gegeben und dabei klassische Werke von J. S. Bach, G. F. H\u00e4ndel, Frederic Rzewski und Fazil Say vorgetragen, von denen viele inhaltlichen Friedensbezug hatten. Hinzu kamen Reden von Regina Hagen von der Kampagne \u201eFriedensf\u00e4hig statt erstschlagsf\u00e4hig\u201c, Albert Meyer vom Wiesbadener B\u00fcndnis gegen Raketenstationierung, Thomas Schwoerer von der DFG-VK, Hartmut Bohrer als Ortsvorsteher von Mainz-Kastel und Enja Riegel, die Gr\u00fcnderin der Schule des Campus Klarenthal, in dem die Musiker zu Gast waren. <\/p>\n\n\n\n<figure class=\"wp-block-image size-large is-resized\"><a href=\"https:\/\/www.lebenslaute.net\/wp-content\/uploads\/2026\/02\/image-4.png\"><img loading=\"lazy\" decoding=\"async\" width=\"1024\" height=\"422\" src=\"https:\/\/www.lebenslaute.net\/wp-content\/uploads\/2026\/02\/image-4-1024x422.png\" alt=\"\" class=\"wp-image-11055\" style=\"width:784px;height:auto\" srcset=\"https:\/\/www.lebenslaute.net\/wp-content\/uploads\/2026\/02\/image-4-1024x422.png 1024w, https:\/\/www.lebenslaute.net\/wp-content\/uploads\/2026\/02\/image-4-300x124.png 300w, https:\/\/www.lebenslaute.net\/wp-content\/uploads\/2026\/02\/image-4-768x317.png 768w, https:\/\/www.lebenslaute.net\/wp-content\/uploads\/2026\/02\/image-4-604x249.png 604w, https:\/\/www.lebenslaute.net\/wp-content\/uploads\/2026\/02\/image-4.png 1508w\" sizes=\"auto, (max-width: 1024px) 100vw, 1024px\" \/><\/a><\/figure>\n\n\n\n<figure class=\"wp-block-image size-large\"><a href=\"https:\/\/www.lebenslaute.net\/wp-content\/uploads\/2026\/02\/image-5.png\"><img loading=\"lazy\" decoding=\"async\" width=\"1024\" height=\"608\" src=\"https:\/\/www.lebenslaute.net\/wp-content\/uploads\/2026\/02\/image-5-1024x608.png\" alt=\"\" class=\"wp-image-11056\" srcset=\"https:\/\/www.lebenslaute.net\/wp-content\/uploads\/2026\/02\/image-5-1024x608.png 1024w, https:\/\/www.lebenslaute.net\/wp-content\/uploads\/2026\/02\/image-5-300x178.png 300w, https:\/\/www.lebenslaute.net\/wp-content\/uploads\/2026\/02\/image-5-768x456.png 768w, https:\/\/www.lebenslaute.net\/wp-content\/uploads\/2026\/02\/image-5-1536x912.png 1536w, https:\/\/www.lebenslaute.net\/wp-content\/uploads\/2026\/02\/image-5-455x270.png 455w, https:\/\/www.lebenslaute.net\/wp-content\/uploads\/2026\/02\/image-5.png 1894w\" sizes=\"auto, (max-width: 1024px) 100vw, 1024px\" \/><\/a><\/figure>\n\n\n\n<figure class=\"wp-block-image size-large\"><a href=\"https:\/\/www.lebenslaute.net\/wp-content\/uploads\/2026\/02\/image-6.png\"><img loading=\"lazy\" decoding=\"async\" width=\"1024\" height=\"612\" src=\"https:\/\/www.lebenslaute.net\/wp-content\/uploads\/2026\/02\/image-6-1024x612.png\" alt=\"\" class=\"wp-image-11057\" srcset=\"https:\/\/www.lebenslaute.net\/wp-content\/uploads\/2026\/02\/image-6-1024x612.png 1024w, https:\/\/www.lebenslaute.net\/wp-content\/uploads\/2026\/02\/image-6-300x179.png 300w, https:\/\/www.lebenslaute.net\/wp-content\/uploads\/2026\/02\/image-6-768x459.png 768w, https:\/\/www.lebenslaute.net\/wp-content\/uploads\/2026\/02\/image-6-1536x918.png 1536w, https:\/\/www.lebenslaute.net\/wp-content\/uploads\/2026\/02\/image-6-452x270.png 452w, https:\/\/www.lebenslaute.net\/wp-content\/uploads\/2026\/02\/image-6.png 1742w\" sizes=\"auto, (max-width: 1024px) 100vw, 1024px\" \/><\/a><\/figure>\n\n\n\n<figure class=\"wp-block-image size-large\"><a href=\"https:\/\/www.lebenslaute.net\/wp-content\/uploads\/2026\/02\/image-8.png\"><img loading=\"lazy\" decoding=\"async\" width=\"1024\" height=\"524\" src=\"https:\/\/www.lebenslaute.net\/wp-content\/uploads\/2026\/02\/image-8-1024x524.png\" alt=\"\" class=\"wp-image-11059\" srcset=\"https:\/\/www.lebenslaute.net\/wp-content\/uploads\/2026\/02\/image-8-1024x524.png 1024w, https:\/\/www.lebenslaute.net\/wp-content\/uploads\/2026\/02\/image-8-300x154.png 300w, https:\/\/www.lebenslaute.net\/wp-content\/uploads\/2026\/02\/image-8-768x393.png 768w, https:\/\/www.lebenslaute.net\/wp-content\/uploads\/2026\/02\/image-8-1536x786.png 1536w, https:\/\/www.lebenslaute.net\/wp-content\/uploads\/2026\/02\/image-8-527x270.png 527w, https:\/\/www.lebenslaute.net\/wp-content\/uploads\/2026\/02\/image-8.png 1918w\" sizes=\"auto, (max-width: 1024px) 100vw, 1024px\" \/><\/a><\/figure>\n\n\n\n<figure class=\"wp-block-image size-large\"><a href=\"https:\/\/www.lebenslaute.net\/wp-content\/uploads\/2026\/02\/image-9.png\"><img loading=\"lazy\" decoding=\"async\" width=\"1024\" height=\"571\" src=\"https:\/\/www.lebenslaute.net\/wp-content\/uploads\/2026\/02\/image-9-1024x571.png\" alt=\"\" class=\"wp-image-11060\" srcset=\"https:\/\/www.lebenslaute.net\/wp-content\/uploads\/2026\/02\/image-9-1024x571.png 1024w, https:\/\/www.lebenslaute.net\/wp-content\/uploads\/2026\/02\/image-9-300x167.png 300w, https:\/\/www.lebenslaute.net\/wp-content\/uploads\/2026\/02\/image-9-768x428.png 768w, https:\/\/www.lebenslaute.net\/wp-content\/uploads\/2026\/02\/image-9-1536x857.png 1536w, https:\/\/www.lebenslaute.net\/wp-content\/uploads\/2026\/02\/image-9-484x270.png 484w, https:\/\/www.lebenslaute.net\/wp-content\/uploads\/2026\/02\/image-9.png 1922w\" sizes=\"auto, (max-width: 1024px) 100vw, 1024px\" \/><\/a><\/figure>\n\n\n\n<figure class=\"wp-block-image size-large\"><a href=\"https:\/\/www.lebenslaute.net\/wp-content\/uploads\/2026\/02\/image-10.png\"><img loading=\"lazy\" decoding=\"async\" width=\"1024\" height=\"579\" src=\"https:\/\/www.lebenslaute.net\/wp-content\/uploads\/2026\/02\/image-10-1024x579.png\" alt=\"\" class=\"wp-image-11061\" srcset=\"https:\/\/www.lebenslaute.net\/wp-content\/uploads\/2026\/02\/image-10-1024x579.png 1024w, https:\/\/www.lebenslaute.net\/wp-content\/uploads\/2026\/02\/image-10-300x170.png 300w, https:\/\/www.lebenslaute.net\/wp-content\/uploads\/2026\/02\/image-10-768x435.png 768w, https:\/\/www.lebenslaute.net\/wp-content\/uploads\/2026\/02\/image-10-1536x869.png 1536w, https:\/\/www.lebenslaute.net\/wp-content\/uploads\/2026\/02\/image-10-477x270.png 477w, https:\/\/www.lebenslaute.net\/wp-content\/uploads\/2026\/02\/image-10.png 1824w\" sizes=\"auto, (max-width: 1024px) 100vw, 1024px\" \/><\/a><\/figure>\n\n\n\n<figure class=\"wp-block-image size-large\"><a href=\"https:\/\/www.lebenslaute.net\/wp-content\/uploads\/2026\/02\/image-11.png\"><img loading=\"lazy\" decoding=\"async\" width=\"1024\" height=\"581\" src=\"https:\/\/www.lebenslaute.net\/wp-content\/uploads\/2026\/02\/image-11-1024x581.png\" alt=\"\" class=\"wp-image-11062\" srcset=\"https:\/\/www.lebenslaute.net\/wp-content\/uploads\/2026\/02\/image-11-1024x581.png 1024w, https:\/\/www.lebenslaute.net\/wp-content\/uploads\/2026\/02\/image-11-300x170.png 300w, https:\/\/www.lebenslaute.net\/wp-content\/uploads\/2026\/02\/image-11-768x436.png 768w, https:\/\/www.lebenslaute.net\/wp-content\/uploads\/2026\/02\/image-11-1536x872.png 1536w, https:\/\/www.lebenslaute.net\/wp-content\/uploads\/2026\/02\/image-11-476x270.png 476w, https:\/\/www.lebenslaute.net\/wp-content\/uploads\/2026\/02\/image-11.png 1931w\" sizes=\"auto, (max-width: 1024px) 100vw, 1024px\" \/><\/a><\/figure>\n\n\n\n<hr class=\"wp-block-separator has-css-opacity\"\/>\n\n\n\n<p style=\"font-size:28px\"><strong><strong>Probenwochenende vom 28.bis 31.03.2025<\/strong><\/strong> f\u00fcr Aktion Mainz-Kastel<\/p>\n\n\n\n<p style=\"font-size:28px\"><strong>Hyperschall &#8211; Habt ihr nen Knall?<\/strong> <\/p>\n\n\n\n<p style=\"font-size:28px\"><strong>Keine Stationierung von Mittelstreckenraketen in Europa!<\/strong> <\/p>\n\n\n\n<p class=\"has-medium-font-size\">Wir, Musiker*innen und Unterst\u00fctzer von Lebenslaute BaW\u00fc und bundesweite Lebenslautis waren mit einen Beitrag an der Demonstration in Wiesbaden am 29.03.2025 zum Thema: &#8220;<a href=\"https:\/\/frieden-und-zukunft.de\/dokumentation-29-3-25\/\" target=\"_blank\" rel=\"noreferrer noopener\">Keine neuen US-Mittelstreckenwaffen<\/a> &#8230;&#8221; beteiligt. Hier eindrucksvolle Bilder, Videos, Reden und Bericht:<\/p>\n\n\n\n<figure class=\"wp-block-gallery has-nested-images columns-default is-cropped wp-block-gallery-1 is-layout-flex wp-block-gallery-is-layout-flex\">\n<figure class=\"wp-block-image size-large\"><a href=\"https:\/\/www.lebenslaute.net\/wp-content\/uploads\/2025\/04\/20250329_124716-scaled.jpg\"><img loading=\"lazy\" decoding=\"async\" width=\"1024\" height=\"461\" data-id=\"10748\" src=\"https:\/\/www.lebenslaute.net\/wp-content\/uploads\/2025\/04\/20250329_124716-1024x461.jpg\" alt=\"\" class=\"wp-image-10748\" srcset=\"https:\/\/www.lebenslaute.net\/wp-content\/uploads\/2025\/04\/20250329_124716-1024x461.jpg 1024w, https:\/\/www.lebenslaute.net\/wp-content\/uploads\/2025\/04\/20250329_124716-300x135.jpg 300w, https:\/\/www.lebenslaute.net\/wp-content\/uploads\/2025\/04\/20250329_124716-768x346.jpg 768w, https:\/\/www.lebenslaute.net\/wp-content\/uploads\/2025\/04\/20250329_124716-1536x691.jpg 1536w, https:\/\/www.lebenslaute.net\/wp-content\/uploads\/2025\/04\/20250329_124716-2048x922.jpg 2048w, https:\/\/www.lebenslaute.net\/wp-content\/uploads\/2025\/04\/20250329_124716-600x270.jpg 600w\" sizes=\"auto, (max-width: 1024px) 100vw, 1024px\" \/><\/a><\/figure>\n\n\n\n<figure class=\"wp-block-image size-large\"><a href=\"https:\/\/www.lebenslaute.net\/wp-content\/uploads\/2025\/04\/20250329_121317-scaled.jpg\"><img loading=\"lazy\" decoding=\"async\" width=\"1024\" height=\"461\" data-id=\"10747\" src=\"https:\/\/www.lebenslaute.net\/wp-content\/uploads\/2025\/04\/20250329_121317-1024x461.jpg\" alt=\"\" class=\"wp-image-10747\" srcset=\"https:\/\/www.lebenslaute.net\/wp-content\/uploads\/2025\/04\/20250329_121317-1024x461.jpg 1024w, https:\/\/www.lebenslaute.net\/wp-content\/uploads\/2025\/04\/20250329_121317-300x135.jpg 300w, https:\/\/www.lebenslaute.net\/wp-content\/uploads\/2025\/04\/20250329_121317-768x346.jpg 768w, https:\/\/www.lebenslaute.net\/wp-content\/uploads\/2025\/04\/20250329_121317-1536x691.jpg 1536w, https:\/\/www.lebenslaute.net\/wp-content\/uploads\/2025\/04\/20250329_121317-2048x922.jpg 2048w, https:\/\/www.lebenslaute.net\/wp-content\/uploads\/2025\/04\/20250329_121317-600x270.jpg 600w\" sizes=\"auto, (max-width: 1024px) 100vw, 1024px\" \/><\/a><\/figure>\n\n\n\n<figure class=\"wp-block-image size-large\"><a href=\"https:\/\/www.lebenslaute.net\/wp-content\/uploads\/2025\/04\/20250329_121257-scaled.jpg\"><img loading=\"lazy\" decoding=\"async\" width=\"1024\" height=\"461\" data-id=\"10749\" src=\"https:\/\/www.lebenslaute.net\/wp-content\/uploads\/2025\/04\/20250329_121257-1024x461.jpg\" alt=\"\" class=\"wp-image-10749\" srcset=\"https:\/\/www.lebenslaute.net\/wp-content\/uploads\/2025\/04\/20250329_121257-1024x461.jpg 1024w, https:\/\/www.lebenslaute.net\/wp-content\/uploads\/2025\/04\/20250329_121257-300x135.jpg 300w, https:\/\/www.lebenslaute.net\/wp-content\/uploads\/2025\/04\/20250329_121257-768x346.jpg 768w, https:\/\/www.lebenslaute.net\/wp-content\/uploads\/2025\/04\/20250329_121257-1536x691.jpg 1536w, https:\/\/www.lebenslaute.net\/wp-content\/uploads\/2025\/04\/20250329_121257-2048x922.jpg 2048w, https:\/\/www.lebenslaute.net\/wp-content\/uploads\/2025\/04\/20250329_121257-600x270.jpg 600w\" sizes=\"auto, (max-width: 1024px) 100vw, 1024px\" \/><\/a><\/figure>\n\n\n\n<figure class=\"wp-block-image size-large\"><a href=\"https:\/\/www.lebenslaute.net\/wp-content\/uploads\/2025\/04\/20250329_132224-scaled.jpg\"><img loading=\"lazy\" decoding=\"async\" width=\"1024\" height=\"461\" data-id=\"10752\" src=\"https:\/\/www.lebenslaute.net\/wp-content\/uploads\/2025\/04\/20250329_132224-1024x461.jpg\" alt=\"\" class=\"wp-image-10752\" srcset=\"https:\/\/www.lebenslaute.net\/wp-content\/uploads\/2025\/04\/20250329_132224-1024x461.jpg 1024w, https:\/\/www.lebenslaute.net\/wp-content\/uploads\/2025\/04\/20250329_132224-300x135.jpg 300w, https:\/\/www.lebenslaute.net\/wp-content\/uploads\/2025\/04\/20250329_132224-768x346.jpg 768w, https:\/\/www.lebenslaute.net\/wp-content\/uploads\/2025\/04\/20250329_132224-1536x691.jpg 1536w, https:\/\/www.lebenslaute.net\/wp-content\/uploads\/2025\/04\/20250329_132224-2048x922.jpg 2048w, https:\/\/www.lebenslaute.net\/wp-content\/uploads\/2025\/04\/20250329_132224-600x270.jpg 600w\" sizes=\"auto, (max-width: 1024px) 100vw, 1024px\" \/><\/a><\/figure>\n\n\n\n<figure class=\"wp-block-image size-large\"><a href=\"https:\/\/www.lebenslaute.net\/wp-content\/uploads\/2025\/04\/20250329_130640-scaled.jpg\"><img loading=\"lazy\" decoding=\"async\" width=\"1024\" height=\"461\" data-id=\"10751\" src=\"https:\/\/www.lebenslaute.net\/wp-content\/uploads\/2025\/04\/20250329_130640-1024x461.jpg\" alt=\"\" class=\"wp-image-10751\" srcset=\"https:\/\/www.lebenslaute.net\/wp-content\/uploads\/2025\/04\/20250329_130640-1024x461.jpg 1024w, https:\/\/www.lebenslaute.net\/wp-content\/uploads\/2025\/04\/20250329_130640-300x135.jpg 300w, https:\/\/www.lebenslaute.net\/wp-content\/uploads\/2025\/04\/20250329_130640-768x346.jpg 768w, https:\/\/www.lebenslaute.net\/wp-content\/uploads\/2025\/04\/20250329_130640-1536x691.jpg 1536w, https:\/\/www.lebenslaute.net\/wp-content\/uploads\/2025\/04\/20250329_130640-2048x922.jpg 2048w, https:\/\/www.lebenslaute.net\/wp-content\/uploads\/2025\/04\/20250329_130640-600x270.jpg 600w\" sizes=\"auto, (max-width: 1024px) 100vw, 1024px\" \/><\/a><\/figure>\n\n\n\n<figure class=\"wp-block-image size-large\"><a href=\"https:\/\/www.lebenslaute.net\/wp-content\/uploads\/2025\/04\/IMG-20250331-WA0001.jpg\"><img loading=\"lazy\" decoding=\"async\" width=\"1024\" height=\"766\" data-id=\"10753\" src=\"https:\/\/www.lebenslaute.net\/wp-content\/uploads\/2025\/04\/IMG-20250331-WA0001-1024x766.jpg\" alt=\"\" class=\"wp-image-10753\" srcset=\"https:\/\/www.lebenslaute.net\/wp-content\/uploads\/2025\/04\/IMG-20250331-WA0001-1024x766.jpg 1024w, https:\/\/www.lebenslaute.net\/wp-content\/uploads\/2025\/04\/IMG-20250331-WA0001-300x224.jpg 300w, https:\/\/www.lebenslaute.net\/wp-content\/uploads\/2025\/04\/IMG-20250331-WA0001-768x574.jpg 768w, https:\/\/www.lebenslaute.net\/wp-content\/uploads\/2025\/04\/IMG-20250331-WA0001-1536x1149.jpg 1536w, https:\/\/www.lebenslaute.net\/wp-content\/uploads\/2025\/04\/IMG-20250331-WA0001-361x270.jpg 361w, https:\/\/www.lebenslaute.net\/wp-content\/uploads\/2025\/04\/IMG-20250331-WA0001.jpg 2000w\" sizes=\"auto, (max-width: 1024px) 100vw, 1024px\" \/><\/a><\/figure>\n<\/figure>\n\n\n\n<p class=\"has-medium-font-size\">F\u00fcr die Lebenslaute hat <a href=\"https:\/\/www.lebenslaute.net\/?p=10755\" target=\"_blank\" rel=\"noreferrer noopener\">Sibylle<\/a> an der Auftaktkundgebung gesprochen. Diese Links der Videos sind von Thomas Schupp: Reden der <a href=\"https:\/\/youtu.be\/1R3AlwHwnpE\" target=\"_blank\" rel=\"noreferrer noopener\">Auftaktkundgebung<\/a>, Beitrag der <a href=\"https:\/\/youtu.be\/zQYfFbiN2YQ\" target=\"_blank\" rel=\"noreferrer noopener\">Lebenslaute<\/a> und Reden auf der <a href=\"https:\/\/youtu.be\/VcFFdbIHrPg\" target=\"_blank\" rel=\"noreferrer noopener\">Abschlusskundgebung<\/a>. Weitere <a href=\"https:\/\/www.flickr.com\/photos\/friekoop\/albums\/72177720324739031\/with\/54417837318\" target=\"_blank\" rel=\"noreferrer noopener\">Bilder<\/a> von Marvin Mendyka und Thomas Kasper. Thomas Carl Schw\u00f6rer von der DFG-VK hat einen <a href=\"https:\/\/www.lebenslaute.net\/?p=10760\" target=\"_blank\" rel=\"noreferrer noopener\">Bericht<\/a> \u00fcber die Demo gegen Mittelstreckenwaffen geschrieben.<br><br>Weiterhin suchen wir noch S\u00e4nger und S\u00e4ngerinnen sowie Instrumentalist:Innen, unterst\u00fctzende Menschen f\u00fcr die Aktion &#8211; 06.06.bis 10.06.2025 (Pfingsten)<br>Interessenten f\u00fcr weitere Infos bitte melden unter: <strong>ll-bawu@posteo.de<\/strong><br><br><\/p>\n\n\n\n<div data-wp-interactive=\"core\/file\" class=\"wp-block-file\"><object data-wp-bind--hidden=\"!state.hasPdfPreview\" hidden class=\"wp-block-file__embed\" data=\"https:\/\/www.lebenslaute.net\/wp-content\/uploads\/2025\/03\/Flyer_DIN-A5_2025-Mainz-Kastel_20250304.pdf\" type=\"application\/pdf\" style=\"width:100%;height:600px\" aria-label=\"Einbettung von Flyer_DIN-A5_2025-Mainz-Kastel_20250304.\"><\/object><a id=\"wp-block-file--media-6d9265eb-b607-492e-ae6e-64265d4fb02d\" href=\"https:\/\/www.lebenslaute.net\/wp-content\/uploads\/2025\/03\/Flyer_DIN-A5_2025-Mainz-Kastel_20250304.pdf\">Flyer_DIN-A5_2025-Mainz-Kastel_20250304<\/a><a href=\"https:\/\/www.lebenslaute.net\/wp-content\/uploads\/2025\/03\/Flyer_DIN-A5_2025-Mainz-Kastel_20250304.pdf\" class=\"wp-block-file__button wp-element-button\" download aria-describedby=\"wp-block-file--media-6d9265eb-b607-492e-ae6e-64265d4fb02d\">Herunterladen<\/a><\/div>\n\n\n\n<p class=\"has-medium-font-size\"><\/p>\n\n\n\n<div data-wp-interactive=\"core\/file\" class=\"wp-block-file\"><object data-wp-bind--hidden=\"!state.hasPdfPreview\" hidden class=\"wp-block-file__embed\" data=\"https:\/\/www.lebenslaute.net\/wp-content\/uploads\/2025\/03\/Postkarte-LL-BaWue_Mainz-Kastel_20250304.pdf\" type=\"application\/pdf\" style=\"width:100%;height:600px\" aria-label=\"Einbettung von Postkarte-LL-BaW\u00fc_Mainz-Kastel_20250304.\"><\/object><a id=\"wp-block-file--media-3e1ac761-4eee-4da3-81f4-9d66043ffe04\" href=\"https:\/\/www.lebenslaute.net\/wp-content\/uploads\/2025\/03\/Postkarte-LL-BaWue_Mainz-Kastel_20250304.pdf\">Postkarte-LL-BaW\u00fc_Mainz-Kastel_20250304<\/a><a href=\"https:\/\/www.lebenslaute.net\/wp-content\/uploads\/2025\/03\/Postkarte-LL-BaWue_Mainz-Kastel_20250304.pdf\" class=\"wp-block-file__button wp-element-button\" download aria-describedby=\"wp-block-file--media-3e1ac761-4eee-4da3-81f4-9d66043ffe04\">Herunterladen<\/a><\/div>\n\n\n\n<p class=\"has-medium-font-size\"><br><\/p>\n","protected":false},"excerpt":{"rendered":"<p>Aktionen 2025 Pfingstkonzerte der \u201eLebenslaute\u201c in Wiesbaden Juni 2025 Zu Pfingsten haben etwa 30 Musiker und Musikerinnen der \u201eLebenslaute\u201c Baden-W\u00fcrttemberg (die aber nicht nur von dort, sondern aus ganz Deutschland angereist sind) zwei gro\u00dfartige Konzerte in Wiesbaden gegeben und dabei klassische Werke von J. S. Bach, G. F. H\u00e4ndel, Frederic Rzewski und Fazil Say vorgetragen, von denen viele inhaltlichen Friedensbezug hatten. Hinzu kamen Reden von Regina Hagen von der Kampagne \u201eFriedensf\u00e4hig statt erstschlagsf\u00e4hig\u201c, Albert Meyer vom Wiesbadener B\u00fcndnis gegen Raketenstationierung,&#8230;<\/p>\n<p class=\"read-more\"><a class=\"btn btn-default\" href=\"https:\/\/www.lebenslaute.net\/?page_id=11004\">Weiterlesen<span class=\"screen-reader-text\"> Weiterlesen<\/span><\/a><\/p>\n","protected":false},"author":30,"featured_media":0,"parent":0,"menu_order":75,"comment_status":"closed","ping_status":"closed","template":"","meta":{"footnotes":""},"class_list":["post-11004","page","type-page","status-publish","hentry"],"_links":{"self":[{"href":"https:\/\/www.lebenslaute.net\/index.php?rest_route=\/wp\/v2\/pages\/11004","targetHints":{"allow":["GET"]}}],"collection":[{"href":"https:\/\/www.lebenslaute.net\/index.php?rest_route=\/wp\/v2\/pages"}],"about":[{"href":"https:\/\/www.lebenslaute.net\/index.php?rest_route=\/wp\/v2\/types\/page"}],"author":[{"embeddable":true,"href":"https:\/\/www.lebenslaute.net\/index.php?rest_route=\/wp\/v2\/users\/30"}],"replies":[{"embeddable":true,"href":"https:\/\/www.lebenslaute.net\/index.php?rest_route=%2Fwp%2Fv2%2Fcomments&post=11004"}],"version-history":[{"count":2,"href":"https:\/\/www.lebenslaute.net\/index.php?rest_route=\/wp\/v2\/pages\/11004\/revisions"}],"predecessor-version":[{"id":11064,"href":"https:\/\/www.lebenslaute.net\/index.php?rest_route=\/wp\/v2\/pages\/11004\/revisions\/11064"}],"wp:attachment":[{"href":"https:\/\/www.lebenslaute.net\/index.php?rest_route=%2Fwp%2Fv2%2Fmedia&parent=11004"}],"curies":[{"name":"wp","href":"https:\/\/api.w.org\/{rel}","templated":true}]}}