{"id":112,"date":"2010-03-27T04:21:27","date_gmt":"2010-03-27T03:21:27","guid":{"rendered":"http:\/\/www.lebenslaute.net\/?page_id=112"},"modified":"2025-03-13T11:08:34","modified_gmt":"2025-03-13T10:08:34","slug":"regionalgruppen","status":"publish","type":"page","link":"https:\/\/www.lebenslaute.net\/?page_id=112","title":{"rendered":"Regional"},"content":{"rendered":"\n<p><a href=\"http:\/\/www.lebenslaute.net\/?p=112#termine\">Regionalgruppen-Termine<\/a>&nbsp; |&nbsp; <a href=\"http:\/\/www.lebenslaute.net\/?p=112#strukturen\">Aktive lokale Strukturen<\/a> |&nbsp;<a href=\"http:\/\/www.lebenslaute.net\/?p=112#terminanfragen\">Terminanfragen<\/a><span style=\"font-size: 1px; color: transparent;\">.<\/span><\/p>\n\n\n\n<p><strong>&gt;&gt; Anstehende regionale TERMINE<\/strong><\/p>\n\n\n\n<p><strong>Hyperschall &#8211; Habt ihr nen Knall?<\/strong> <strong>Keine Stationierung von<br>Mittelstreckenraketen in Europa!<\/strong> (Lebenslaute S\u00fcd in Wiesbaden-Mainz Kastell)<br>Wir suchen noch S\u00e4nger und S\u00e4ngerinnen sowie Instrumentalist:Innen<br>Vorbereitungstreffen &#8211; 28\/29. bis 31.03.2025<br>Aktion &#8211; 06.06.bis 10.06.2025 (Pfingsten)<br>Interessenten f\u00fcr weitere Infos bitte melden unter:<br>ll-bawu@posteo.de<\/p>\n\n\n\n<p class=\"has-text-align-center\"><strong>***&nbsp;&nbsp; ***&nbsp;&nbsp; ***<\/strong><\/p>\n\n\n\n<p><strong>&gt;&nbsp; &gt;&nbsp;<\/strong> <strong style=\"text-decoration: none;\">Aktive LOKALE STRUKTUREN<\/strong><\/p>\n\n\n\n<p><span style=\"font-weight: bold;\">::&nbsp;<\/span> <span style=\"font-weight: bold; text-decoration: underline;\">LEBENSLAUTE-Orte<\/span><span style=\"font-weight: bold;\">&nbsp; ::<\/span><\/p>\n\n\n\n<p>Neben unserer j\u00e4hrlichen, bundesweit organisierten Sommeraktion (siehe <a href=\"http:\/\/www.lebenslaute.net\/?page_id=30\">Sommeraktionen<\/a>) und dem Start-Wochenende daf\u00fcr nach Neujahr sind wir auch in kleineren Besetzungen aktiv.&nbsp; In derzeit sechs Ballungsr\u00e4umen gibt es&nbsp;<strong>eigenst\u00e4ndige Regionalgruppen<\/strong>, die dort Musikauftritte, -aktionen und Kampagnenarbeit betreiben, seltener auch dar\u00fcber hinaus anreisen.&nbsp; In weiteren Regionen k\u00f6nnten solche Gruppen bald entstehen oder wieder aktiv werden.<\/p>\n\n\n\n<p><strong>LEBENSLAUTE-Regionalgruppen, die schon l\u00e4nger bestehen<\/strong> :<br><a href=\"https:\/\/www.lebenslaute.net\/?page_id=6296\"><strong>Baden-W\u00fcrttemberg (\u201eLebenslaute S\u00fcdwest&#8221;)<\/strong><\/a>:&nbsp; &nbsp;region.badenwue \u00e4t lebenslaute.net<br><a href=\"http:\/\/www.lebenslaute.net\/?page_id=161\"><strong>Berlin + Potsdam \/ Brandenburg<\/strong><\/a>:&nbsp; &nbsp;region.berlinbrb \u00e4t lebenslaute.net<br><a href=\"http:\/\/www.lebenslaute.net\/?page_id=164\"><strong>Bielefeld + Herford in Ostwestfalen-Lippe<\/strong><\/a>:&nbsp; &nbsp;region.owl \u00e4t lebenslaute.net<br><a href=\"http:\/\/www.lebenslaute.net\/?page_id=2452\"><strong>Hessen<\/strong><\/a> \/ Rhein-Main:&nbsp; &nbsp;region.hessen \u00e4t lebenslaute.net<br><a href=\"https:\/\/www.lebenslaute.net\/?page_id=5396\"><strong>M\u00fcnchen<\/strong><\/a> und Umgebung:&nbsp;&nbsp; region.muenchen \u00e4t lebenslaute.net<br><a href=\"https:\/\/www.lebenslaute.net\/?page_id=7689\"><strong>Rhein-Ruhr-Gebiet<\/strong><\/a>:   region.rhein-ruhr \u00e4t lebenslaute.net<\/p>\n\n\n\n<p><strong>LEBENSLAUTE-Lokalgruppen im Aufbau<\/strong> :<br><a href=\"https:\/\/www.lebenslaute.net\/?page_id=5392\"><strong>Hamburg<\/strong><\/a> und Umgebung:   region.hamburg \u00e4t lebenslaute.net <\/p>\n\n\n\n<p><strong>Weitere lebenslaute Kontakte vor Ort<\/strong>&nbsp;\u2013 f\u00fcr Probentreffs \/Mitfahren \/k\u00fcnftige Lokalgruppengr\u00fcndungen :<br><a href=\"https:\/\/www.lebenslaute.net\/?page_id=2400\"><strong>Leipzig<\/strong><\/a>&nbsp;und Umgebung:&nbsp; &nbsp;region.leipzig \u00e4t lebenslaute.net<br><strong>Th\u00fcringen<\/strong>&nbsp;um Erfurt:&nbsp; &nbsp;region.thueringen \u00e4t lebenslaute.net<\/p>\n\n\n\n<p>+ Unsere \u201eRegional\u201c-Unterseite <a href=\"http:\/\/www.lebenslaute.net\/?page_id=1384\">\u00dcberregional<\/a>&nbsp;dokumentiert weitere Auftritte, die weder \u00fcberregionale LL-Jahresaktionen noch Aktionen aktiver Regionalstrukturen waren, sondern gemischter oder kurzfristiger vorbereitet oder von aufgel\u00f6sten Regionalgruppen durchgef\u00fchrt wurden.<\/p>\n\n\n\n<div data-ce-tag=\"spacer\">&nbsp;<\/div>\n\n\n\n<p class=\"has-text-align-center\"><strong>***&nbsp;&nbsp; ***&nbsp;&nbsp; ***<\/strong><\/p>\n\n\n\n<div data-ce-tag=\"spacer\">&nbsp;<\/div>\n\n\n\n<p><strong>&gt;&gt; TERMINANFRAGEN an LEBENSLAUTE<\/strong><\/p>\n\n\n\n<p><strong>::<\/strong> <strong style=\"text-decoration: underline;\">Anfragen zu Terminen an LEBENSLAUTE<\/strong><strong> ::<\/strong>&nbsp; (soweit bearbeitet)<\/p>\n\n\n\n<p>Gegenw\u00e4rtig keine Terminanfragen ver\u00f6ffentlicht.<\/p>\n","protected":false},"excerpt":{"rendered":"<p>Regionalgruppen-Termine&nbsp; |&nbsp; Aktive lokale Strukturen |&nbsp;Terminanfragen. &gt;&gt; Anstehende regionale TERMINE Hyperschall &#8211; Habt ihr nen Knall? Keine Stationierung vonMittelstreckenraketen in Europa! (Lebenslaute S\u00fcd in Wiesbaden-Mainz Kastell)Wir suchen noch S\u00e4nger und S\u00e4ngerinnen sowie Instrumentalist:InnenVorbereitungstreffen &#8211; 28\/29. bis 31.03.2025Aktion &#8211; 06.06.bis 10.06.2025 (Pfingsten)Interessenten f\u00fcr weitere Infos bitte melden unter:ll-bawu@posteo.de ***&nbsp;&nbsp; ***&nbsp;&nbsp; *** &gt;&nbsp; &gt;&nbsp; Aktive LOKALE STRUKTUREN ::&nbsp; LEBENSLAUTE-Orte&nbsp; :: Neben unserer j\u00e4hrlichen, bundesweit organisierten Sommeraktion (siehe Sommeraktionen) und dem Start-Wochenende daf\u00fcr nach Neujahr sind wir auch in kleineren Besetzungen aktiv.&nbsp; In&#8230;<\/p>\n<p class=\"read-more\"><a class=\"btn btn-default\" href=\"https:\/\/www.lebenslaute.net\/?page_id=112\">Weiterlesen<span class=\"screen-reader-text\"> Weiterlesen<\/span><\/a><\/p>\n","protected":false},"author":1,"featured_media":0,"parent":0,"menu_order":4,"comment_status":"closed","ping_status":"open","template":"","meta":{"footnotes":""},"class_list":["post-112","page","type-page","status-publish","hentry"],"_links":{"self":[{"href":"https:\/\/www.lebenslaute.net\/index.php?rest_route=\/wp\/v2\/pages\/112","targetHints":{"allow":["GET"]}}],"collection":[{"href":"https:\/\/www.lebenslaute.net\/index.php?rest_route=\/wp\/v2\/pages"}],"about":[{"href":"https:\/\/www.lebenslaute.net\/index.php?rest_route=\/wp\/v2\/types\/page"}],"author":[{"embeddable":true,"href":"https:\/\/www.lebenslaute.net\/index.php?rest_route=\/wp\/v2\/users\/1"}],"replies":[{"embeddable":true,"href":"https:\/\/www.lebenslaute.net\/index.php?rest_route=%2Fwp%2Fv2%2Fcomments&post=112"}],"version-history":[{"count":336,"href":"https:\/\/www.lebenslaute.net\/index.php?rest_route=\/wp\/v2\/pages\/112\/revisions"}],"predecessor-version":[{"id":10709,"href":"https:\/\/www.lebenslaute.net\/index.php?rest_route=\/wp\/v2\/pages\/112\/revisions\/10709"}],"wp:attachment":[{"href":"https:\/\/www.lebenslaute.net\/index.php?rest_route=%2Fwp%2Fv2%2Fmedia&parent=112"}],"curies":[{"name":"wp","href":"https:\/\/api.w.org\/{rel}","templated":true}]}}