{"id":171,"date":"2010-04-04T16:20:06","date_gmt":"2010-04-04T15:20:06","guid":{"rendered":"http:\/\/www.lebenslaute.net\/?page_id=171"},"modified":"2022-03-24T10:31:08","modified_gmt":"2022-03-24T09:31:08","slug":"2008-lubeck-toneklange","status":"publish","type":"page","link":"https:\/\/www.lebenslaute.net\/?page_id=171","title":{"rendered":"2008 L\u00fcbeck"},"content":{"rendered":"\n<figure class=\"wp-block-image size-large\"><a href=\"https:\/\/www.lebenslaute.net\/wp-content\/uploads\/2022\/03\/Hesse2968-scaled.jpg\"><img loading=\"lazy\" decoding=\"async\" width=\"1024\" height=\"694\" src=\"https:\/\/www.lebenslaute.net\/wp-content\/uploads\/2022\/03\/Hesse2968-1024x694.jpg\" alt=\"Lebenslaute vor dem Holstentor L\u00fcbeck\" class=\"wp-image-8255\" srcset=\"https:\/\/www.lebenslaute.net\/wp-content\/uploads\/2022\/03\/Hesse2968-1024x694.jpg 1024w, https:\/\/www.lebenslaute.net\/wp-content\/uploads\/2022\/03\/Hesse2968-300x203.jpg 300w, https:\/\/www.lebenslaute.net\/wp-content\/uploads\/2022\/03\/Hesse2968-768x520.jpg 768w, https:\/\/www.lebenslaute.net\/wp-content\/uploads\/2022\/03\/Hesse2968-1536x1041.jpg 1536w, https:\/\/www.lebenslaute.net\/wp-content\/uploads\/2022\/03\/Hesse2968-2048x1388.jpg 2048w, https:\/\/www.lebenslaute.net\/wp-content\/uploads\/2022\/03\/Hesse2968-398x270.jpg 398w\" sizes=\"auto, (max-width: 1024px) 100vw, 1024px\" \/><\/a><figcaption>Lebenslaute vor dem Holstentor L\u00fcbeck<\/figcaption><\/figure>\n\n\n<p style=\"text-align: justify;\"><strong>&gt; Flyer 2008<\/strong><\/p>\n<p style=\"text-align: justify;\"><span style=\"text-decoration: underline;\"><strong>T\u00f6ne und Kl\u00e4nge statt Grenzen und Zw\u00e4nge<\/strong><\/span><\/p>\n<p style=\"text-align: justify;\"><strong>LEBENSLAUTE-Aktionstage 14.-19.8. 2008 in L\u00fcbeck<\/strong> (Proben, Vor- und Nachbereitung):<br \/>&#8211; <strong>Saal-Konzert am 18.8.<\/strong> abends in L\u00fcbeck<br \/>&#8211; <strong>LEBENSLAUTE-Konzert-Aktion am 19. August 2008<\/strong> vormittags vor der Bundespolizeiakademie und nachmittags in der Innenstadt im Rahmen des Antirassistischen Camps Hamburg (16.-24.8. 2008)<\/p>\n<p style=\"text-align: justify;\"><span style=\"text-decoration: underline;\"><strong>LEBENSLAUTE vor Frontex in L\u00fcbeck<\/strong><\/span><\/p>\n<p style=\"text-align: justify;\"><strong>Freie Migration &#8211; keine Festung Europa!<\/strong><br \/>Die verzweifelte soziale und wirtschaftliche Lage der Menschen besonders in L\u00e4ndern Afrikas und Asiens ist weitgehend ein Ergebnis der Wirtschaftspolitik Europas und der USA. Die EU setzt innerhalb und au\u00dferhalb ihrer Grenzen ein System von Grenzkontrollen, Lagern und Illegalisierung durch, damit Fl\u00fcchtende und Migrant_innen gar nicht erst nach Europa gelangen. Andererseits wird oftmals die Illegalit\u00e4t von Migrant_innen in Kauf genommen, weil diese besonders billige Arbeitskr\u00e4fte sind, die straflos um ihren Lohn geprellt werden k\u00f6nnen.<br \/>FRONTEX ist eine seit 2005 bestehende EU-Agentur mit Sitz in Warschau. Ihr Ziel: Illegalisierte Migration zu verhindern. Die Agentur f\u00fchrt einerseits selbst ,Operationen\u2019 gegen Fl\u00fcchtende an den EU-Grenzen durch und setzt dabei modernes Ger\u00e4t ein. Andererseits dient Frontex der Vernetzung bestehender nationaler Grenzpolizeien und Beh\u00f6rden und wirkt bis in die Politik von L\u00e4ndern wie China, Libyen oder Pakistan hinein. Abkommen mit diesen L\u00e4ndern sollen Fl\u00fcchtlingsbewegungen bereits in der Entstehung verhindern. An der Bundespolizeiakademie in L\u00fcbeck werden Polizist_innen aus der gesamten EU f\u00fcr die Ausf\u00fchrung dieser Politik geschult.<br \/>Als &#8220;Wiege der Bundespolizei&#8221;, ehemals BGS, r\u00fchmt sich die L\u00fcbecker Akademie. Die Hauptaufgabe der rund 40.000 deutschen Bundespolizist_innen ist weiterhin der &#8220;Bundesgrenzschutz&#8221;. Zu Land, zu Wasser und in der Luft soll &#8220;die \u00f6ffentliche Sicherheit und Ordnung&#8221; verteidigt werden: an allen Staatsgrenzen, grenznahen Gebieten, Bundesbahnanlagen und vielen Flug- und Seeh\u00e4fen. Eine Querschnittaufgabe dieser Bereiche ist &#8211; nach &#8220;lagebildabh\u00e4ngigen Personenkontrollen&#8221;, also rassistischem Aufsp\u00fcren und Beobachten &#8211; die Jagd auf illegalisierte Ausl\u00e4nder_innen. Ein Gerichtsurteil 2006 sprach deshalb Menschen, die BGSler_innen als &#8220;Menschenj\u00e4ger&#8221; bezeichnet hatten, vom Vorwurf pers\u00f6nlicher Beleidigung frei, da es um eine personenunabh\u00e4ngige politische Kritik dieser T\u00e4tigkeiten gegangen sei. Zahlreiche Dokumentationen belegen, wie h\u00e4ufig Bundespolizist_innen auch im Rahmen von Abschiebungen immer wieder K\u00f6rperverletzungen einsetzen, in Einzelf\u00e4llen sogar mit Todesfolge.<\/p>\n<p style=\"text-align: justify;\"><strong>Widerstandsstrategien<\/strong><br \/>Weltweit organisieren sich Migrant_innen und Unterst\u00fctzer_innen f\u00fcr Rechte und f\u00fcr freie Migration:<br \/>&#8211; Im April 2008 f\u00fchrten Arbeiter_innen ohne Aufenthaltsberechtigung (Sans Papiers) in Paris einen mehrt\u00e4gigen Streik durch. Ein Aufnahmelager ging in Flammen auf.<br \/>&#8211; In Schweden wurden nach einer Kampane f\u00fcr die Legalisierung der 30.000 abgelehnten Fl\u00fcchtlinge alle Abschiebegefangenen freigelassen.<br \/>&#8211; Am 6. Juni 2008 fand in Warschau am FRONTEX-Hauptquartier eine Protest-Belagerung statt. Es gibt Protestcamps u.a. in der Ukraine und in Italien.<\/p>\n<p style=\"text-align: justify;\">Wir werden an der Bundespolizeiakademie zusammen mit lokalen Initiativen, Frontexwatch und Aktivist_innen des Hamburger Antirassismus-Camps die Politik von Frontex und der Bundespolizei anprangern, \u00d6ffentlichkeit herstellen und Aktionen Zivilen Ungehorsams durchf\u00fchren.<\/p>\n<p style=\"text-align: justify;\"><strong>Wir fordern<\/strong>:<br \/>: Globale Bewegungsfreiheit<br \/>: Beendigung der Abschiebungen<br \/>: Aufl\u00f6sung aller Lager<br \/>: Abschaffung von FRONTEX<\/p>\n<p style=\"text-align: justify;\"><strong>Musikprogramm:<\/strong><\/p>\n<p style=\"text-align: justify;\"><span style=\"font-family: Times New Roman, serif;\"><span style=\"font-size: medium;\">Hermann Schr\u00f6der: Herbstlied<br \/>Dietrich Buxtehude: Kantate \u201eAlles was ihr tut\u201c (BuxWV4) f\u00fcr Chor, Streicher_innen &amp; B.c. (neuer Text: Lebenslaute)<br \/>Joseph Haydn: Sinfonie 92 G-Dur (Auszug)<br \/>Clara Schumann: Vorw\u00e4rts (Text: I. Geibel) f\u00fcr Chor a capella<br \/>Anne T\u00fcbinger: Was ist der Mensch (ohne einen Pass)? (T: B. Brecht) f\u00fcr Chor &amp; Begleitung <\/span><\/span><\/p>\n\n\n<figure class=\"wp-block-gallery columns-3 is-cropped wp-block-gallery-1 is-layout-flex wp-block-gallery-is-layout-flex\"><ul class=\"blocks-gallery-grid\"><li class=\"blocks-gallery-item\"><figure><a href=\"https:\/\/www.lebenslaute.net\/wp-content\/uploads\/2022\/03\/Luebeck_1-scaled.jpg\"><img loading=\"lazy\" decoding=\"async\" width=\"1024\" height=\"716\" src=\"https:\/\/www.lebenslaute.net\/wp-content\/uploads\/2022\/03\/Luebeck_1-1024x716.jpg\" alt=\"Lebenslaute vor der Polizeiakademie L\u00fcbeck\" data-id=\"8257\" data-full-url=\"https:\/\/www.lebenslaute.net\/wp-content\/uploads\/2022\/03\/Luebeck_1-scaled.jpg\" data-link=\"https:\/\/www.lebenslaute.net\/?attachment_id=8257\" class=\"wp-image-8257\" srcset=\"https:\/\/www.lebenslaute.net\/wp-content\/uploads\/2022\/03\/Luebeck_1-1024x716.jpg 1024w, https:\/\/www.lebenslaute.net\/wp-content\/uploads\/2022\/03\/Luebeck_1-300x210.jpg 300w, https:\/\/www.lebenslaute.net\/wp-content\/uploads\/2022\/03\/Luebeck_1-768x537.jpg 768w, https:\/\/www.lebenslaute.net\/wp-content\/uploads\/2022\/03\/Luebeck_1-1536x1074.jpg 1536w, https:\/\/www.lebenslaute.net\/wp-content\/uploads\/2022\/03\/Luebeck_1-2048x1432.jpg 2048w, https:\/\/www.lebenslaute.net\/wp-content\/uploads\/2022\/03\/Luebeck_1-386x270.jpg 386w\" sizes=\"auto, (max-width: 1024px) 100vw, 1024px\" \/><\/a><figcaption class=\"blocks-gallery-item__caption\">Foto: Hesse<\/figcaption><\/figure><\/li><li class=\"blocks-gallery-item\"><figure><a href=\"https:\/\/www.lebenslaute.net\/wp-content\/uploads\/2022\/03\/Hesse32807-scaled.jpg\"><img loading=\"lazy\" decoding=\"async\" width=\"1024\" height=\"681\" src=\"https:\/\/www.lebenslaute.net\/wp-content\/uploads\/2022\/03\/Hesse32807-1024x681.jpg\" alt=\"\" data-id=\"8258\" data-full-url=\"https:\/\/www.lebenslaute.net\/wp-content\/uploads\/2022\/03\/Hesse32807-scaled.jpg\" data-link=\"https:\/\/www.lebenslaute.net\/?attachment_id=8258\" class=\"wp-image-8258\" srcset=\"https:\/\/www.lebenslaute.net\/wp-content\/uploads\/2022\/03\/Hesse32807-1024x681.jpg 1024w, https:\/\/www.lebenslaute.net\/wp-content\/uploads\/2022\/03\/Hesse32807-300x200.jpg 300w, https:\/\/www.lebenslaute.net\/wp-content\/uploads\/2022\/03\/Hesse32807-768x511.jpg 768w, https:\/\/www.lebenslaute.net\/wp-content\/uploads\/2022\/03\/Hesse32807-1536x1022.jpg 1536w, https:\/\/www.lebenslaute.net\/wp-content\/uploads\/2022\/03\/Hesse32807-2048x1362.jpg 2048w, https:\/\/www.lebenslaute.net\/wp-content\/uploads\/2022\/03\/Hesse32807-406x270.jpg 406w\" sizes=\"auto, (max-width: 1024px) 100vw, 1024px\" \/><\/a><figcaption class=\"blocks-gallery-item__caption\">Auch die Wachleute waren an der Musik interessiert<\/figcaption><\/figure><\/li><li class=\"blocks-gallery-item\"><figure><a href=\"https:\/\/www.lebenslaute.net\/wp-content\/uploads\/2022\/03\/DSCF0355-scaled.jpg\"><img loading=\"lazy\" decoding=\"async\" width=\"1024\" height=\"768\" src=\"https:\/\/www.lebenslaute.net\/wp-content\/uploads\/2022\/03\/DSCF0355-1024x768.jpg\" alt=\"Ein Schlauchboot symbolisiert die Flucht\" data-id=\"8259\" data-full-url=\"https:\/\/www.lebenslaute.net\/wp-content\/uploads\/2022\/03\/DSCF0355-scaled.jpg\" data-link=\"https:\/\/www.lebenslaute.net\/?attachment_id=8259\" class=\"wp-image-8259\" srcset=\"https:\/\/www.lebenslaute.net\/wp-content\/uploads\/2022\/03\/DSCF0355-1024x768.jpg 1024w, https:\/\/www.lebenslaute.net\/wp-content\/uploads\/2022\/03\/DSCF0355-300x225.jpg 300w, https:\/\/www.lebenslaute.net\/wp-content\/uploads\/2022\/03\/DSCF0355-768x576.jpg 768w, https:\/\/www.lebenslaute.net\/wp-content\/uploads\/2022\/03\/DSCF0355-1536x1152.jpg 1536w, https:\/\/www.lebenslaute.net\/wp-content\/uploads\/2022\/03\/DSCF0355-2048x1536.jpg 2048w, https:\/\/www.lebenslaute.net\/wp-content\/uploads\/2022\/03\/DSCF0355-360x270.jpg 360w\" sizes=\"auto, (max-width: 1024px) 100vw, 1024px\" \/><\/a><figcaption class=\"blocks-gallery-item__caption\">Ein Schlauchboot symbolisiert die Flucht. Foto: B\u00fcntzly<\/figcaption><\/figure><\/li><\/ul><\/figure>\n","protected":false},"excerpt":{"rendered":"<p>&gt; Flyer 2008 T\u00f6ne und Kl\u00e4nge statt Grenzen und Zw\u00e4nge LEBENSLAUTE-Aktionstage 14.-19.8. 2008 in L\u00fcbeck (Proben, Vor- und Nachbereitung):&#8211; Saal-Konzert am 18.8. abends in L\u00fcbeck&#8211; LEBENSLAUTE-Konzert-Aktion am 19. August 2008 vormittags vor der Bundespolizeiakademie und nachmittags in der Innenstadt im Rahmen des Antirassistischen Camps Hamburg (16.-24.8. 2008) LEBENSLAUTE vor Frontex in L\u00fcbeck Freie Migration &#8211; keine Festung Europa!Die verzweifelte soziale und wirtschaftliche Lage der Menschen besonders in L\u00e4ndern Afrikas und Asiens ist weitgehend ein Ergebnis der Wirtschaftspolitik Europas und der&#8230;<\/p>\n<p class=\"read-more\"><a class=\"btn btn-default\" href=\"https:\/\/www.lebenslaute.net\/?page_id=171\">Weiterlesen<span class=\"screen-reader-text\"> Weiterlesen<\/span><\/a><\/p>\n","protected":false},"author":1,"featured_media":0,"parent":30,"menu_order":22,"comment_status":"open","ping_status":"open","template":"","meta":{"footnotes":""},"class_list":["post-171","page","type-page","status-publish","hentry"],"_links":{"self":[{"href":"https:\/\/www.lebenslaute.net\/index.php?rest_route=\/wp\/v2\/pages\/171","targetHints":{"allow":["GET"]}}],"collection":[{"href":"https:\/\/www.lebenslaute.net\/index.php?rest_route=\/wp\/v2\/pages"}],"about":[{"href":"https:\/\/www.lebenslaute.net\/index.php?rest_route=\/wp\/v2\/types\/page"}],"author":[{"embeddable":true,"href":"https:\/\/www.lebenslaute.net\/index.php?rest_route=\/wp\/v2\/users\/1"}],"replies":[{"embeddable":true,"href":"https:\/\/www.lebenslaute.net\/index.php?rest_route=%2Fwp%2Fv2%2Fcomments&post=171"}],"version-history":[{"count":16,"href":"https:\/\/www.lebenslaute.net\/index.php?rest_route=\/wp\/v2\/pages\/171\/revisions"}],"predecessor-version":[{"id":8280,"href":"https:\/\/www.lebenslaute.net\/index.php?rest_route=\/wp\/v2\/pages\/171\/revisions\/8280"}],"up":[{"embeddable":true,"href":"https:\/\/www.lebenslaute.net\/index.php?rest_route=\/wp\/v2\/pages\/30"}],"wp:attachment":[{"href":"https:\/\/www.lebenslaute.net\/index.php?rest_route=%2Fwp%2Fv2%2Fmedia&parent=171"}],"curies":[{"name":"wp","href":"https:\/\/api.w.org\/{rel}","templated":true}]}}