{"id":19,"date":"2009-11-26T21:38:48","date_gmt":"2009-11-26T20:38:48","guid":{"rendered":"http:\/\/www.lebenslaute.net\/?page_id=19"},"modified":"2026-04-01T16:20:12","modified_gmt":"2026-04-01T14:20:12","slug":"kontakt","status":"publish","type":"page","link":"https:\/\/www.lebenslaute.net\/?page_id=19","title":{"rendered":"Kontakt, Spende, Netzrecht"},"content":{"rendered":"\n<p><strong>Lebenslaute bundesweit:<\/strong> <a href=\"mailto:lebenslaute2025@riseup.net\">lebenslaute2026@riseup.net<\/a>, LEBENSLAUTE, Fehrbelliner Stra\u00dfe 7, 10119 Berlin<\/p>\n\n\n\n<p><strong>Pressekontakt<\/strong> 01578\/7114306, presse@lebenslaute.net<strong><br>Lebenslaute<\/strong> <a href=\"http:\/\/www.lebenslaute.net\/?page_id=112\">Regionalgruppen<\/a><\/p>\n\n\n\n<p><strong>Newsletter [Lebenslaute-Info]<\/strong> (3-12 Mails j\u00e4hrlich)<strong>:<\/strong>&nbsp; <a rel=\"noopener noreferrer\" href=\"http:\/\/listi.jpberlin.de\/mailman\/listinfo\/lebenslaute-info\" target=\"_blank\">Abo-Bestellung<\/a> &amp; <a href=\"https:\/\/listi.jpberlin.de\/pipermail\/lebenslaute-info\/\">Archiv<\/a>&nbsp; (<a href=\"https:\/\/listi.jpberlin.de\/pipermail\/lebenslaute-info\/2014\/thread.html\">2014<\/a>-2020: dt. + english)<\/p>\n\n\n\n<hr class=\"wp-block-separator has-css-opacity\"\/>\n\n\n\n<p><strong>Spenden an LEBENSLAUTE<\/strong>:<\/p>\n\n\n\n<p>NEUE BANKVERBINDUNG ab April 2026:<br>Kontoinhaber: lebenslaute gbr<br>IBAN DE86 4306 0967 3280 1697 00<br><\/p>\n\n\n\n<p>* Spezielle Verwendungsw\u00fcnsche bitte angeben! Allen Spender:innen vielen Dank!<\/p>\n\n\n\n<hr class=\"wp-block-separator has-css-opacity\"\/>\n\n\n\n<p><strong>Impressum:<\/strong><\/p>\n\n\n\n<p><strong>Lizenz<\/strong><\/p>\n\n\n<div class=\"wp-block-image\">\n<figure class=\"alignleft\"><img loading=\"lazy\" decoding=\"async\" width=\"88\" height=\"31\" src=\"http:\/\/www.lebenslaute.net\/wp-content\/uploads\/2009\/11\/88x311.png\" alt=\"88x31\" class=\"wp-image-1158\" title=\"88x31\"\/><\/figure><\/div>\n\n\n<p><a href=\"http:\/\/www.lebenslaute.net\/wp-content\/uploads\/2009\/11\/88x311.png\">  <\/a><\/p>\n\n\n\n<p>Alle Inhalte unserer Homepage unterliegen \u2013 soweit nicht anders gekennzeichnet \u2013 der Lizenz <a href=\"https:\/\/creativecommons.org\/licenses\/by-nc\/3.0\/de\/\" target=\"_blank\" rel=\"noopener noreferrer\">Creative Commons BY-NC 3.0<\/a>. Kopien und Verbreitung sind bei Nennung der AutorIn und der Lizenz erlaubt, kommerzielle Nutzung ist untersagt. Ausnahmen bed\u00fcrfen der Genehmigung. Angabe zur Autorin \u2013 soweit nicht anders gekennzeichnet -: \u201elebenslaute.net, cc by-nc 3.0\u201c<\/p>\n\n\n\n<p><strong>Externe Verweise und Links<\/strong><br>Mit Urteil vom 12. Mai 1998 hat das LG Hamburg entschieden, dass man durch die Ausbringung eines Links die Inhalte der gelinkten Seite ggf. mit zu verantworten hat. Dies kann, so das LG, nur dadurch verhindert werden, dass man sich ausdr\u00fccklich von diesen Inhalten distanziert.<br>Wir haben auf unseren Seiten Links zu Seiten im Internet gelegt, deren Inhalt und Aktualisierung nicht dem Einflussbereich der Lebenslaute unterliegen. F\u00fcr alle diese Links gilt: \u201eLEBENSLAUTE hat keinen Einfluss auf Gestaltung und Inhalte fremder Internetseiten. Sie distanziert sich daher von allen fremden Inhalten, auch wenn von Seiten der Lebenslaute auf diese externe Seiten ein Link gesetzt wurde.\u201c<br>Diese Erkl\u00e4rung gilt f\u00fcr alle auf unserer Homepage angezeigten Links und f\u00fcr alle Inhalte der Seiten, zu denen die Links f\u00fchren.<br><strong><br>Haftungssausschluss<\/strong><br>LEBENSLAUTE \u00fcbernimmt keine Haftung f\u00fcr die Aktualit\u00e4t, die inhaltliche Richtigkeit sowie f\u00fcr die Vollst\u00e4ndigkeit der in ihrem Webangebot eingestellten Informationen. Dies bezieht sich auf eventuelle Sch\u00e4den materieller oder ideeller Art Dritter, die durch die Nutzung dieses Webangebotes verursacht wurden.<\/p>\n\n\n\n<p><strong>Verantwortlich<\/strong><br>G. B\u00fcntzly<br>L\u00fctzowstra\u00dfe 24<br>32052 Herford, B.R.D.\/F.R.G.<br>E-Mail: info(at)lebenslaute.net<\/p>\n\n\n\n<hr class=\"wp-block-separator has-css-opacity\"\/>\n\n\n\n<p><strong>Weiteres \/ <a href=\"https:\/\/DigitalCourage.de\/digitale-selbstverteidigung\" target=\"_blank\" rel=\"noopener noreferrer\">Digitale Selbstverteidigung<\/a><\/strong>:<\/p>\n\n\n\n<p>Eine Webmetrik zu dieser Homepage: <a href=\"https:\/\/urlm.de\/www.lebenslaute.net\" target=\"_blank\" rel=\"noopener noreferrer\">urlm.de\/www.lebenslaute.net<\/a>.<br>Webalizer-Sites\/Visits\/Pages-Statistik (erfordert jpberlin.de-Accountpasswort): <a href=\"http:\/\/www.lebenslaute.net\/usage\/\" target=\"_blank\" rel=\"noopener noreferrer\">lebenslaute.net\/usage<\/a>.<\/p>\n\n\n\n<p>\u201eAnalyze\u201c-Webseiten-Eingabe zum Seiten-Testen \u201eHow privacy-friendly is your site?\u201c: <a href=\"https:\/\/webbkoll.dataskydd.net\/en\" target=\"_blank\" rel=\"noopener noreferrer\">Webbkoll.Dataskydd.net<\/a>.<br>Fingerprint-u.\u00e4.-Schnelltest der eigenen Browser-Einstellung \u201eIs your browser safe against tracking?\u201c: <a href=\"https:\/\/panopticlick.eff.org\/\" target=\"_blank\" rel=\"noopener noreferrer\">Panopticlick<\/a>.<br>Sicherheits- &amp; Datenschutzfunktionen von Netzseiten ermitteln lassen &amp; vergleichen: <a href=\"https:\/\/privacyscore.org\/\" target=\"_blank\" rel=\"noopener noreferrer\">PrivacyScore.org<\/a>.<br>Webseiten-Addon Lightbeam \u201eWer schn\u00fcffelt mit?\u201c f\u00fcr Mozilla-Firefox stellt nach seiner Installation besuchte Seiten, dadurch aktivierte Seiten Dritter (Third Party Sites) und deren Verkn\u00fcpfungswege grafisch dar: <a href=\"https:\/\/addons.mozilla.org\/de\/firefox\/addon\/lightbeam\/\" target=\"_blank\" rel=\"noopener noreferrer\">Lightbeam<\/a>.<\/p>\n","protected":false},"excerpt":{"rendered":"<p>Lebenslaute bundesweit: lebenslaute2026@riseup.net, LEBENSLAUTE, Fehrbelliner Stra\u00dfe 7, 10119 Berlin Pressekontakt 01578\/7114306, presse@lebenslaute.netLebenslaute Regionalgruppen Newsletter [Lebenslaute-Info] (3-12 Mails j\u00e4hrlich):&nbsp; Abo-Bestellung &amp; Archiv&nbsp; (2014-2020: dt. + english) Spenden an LEBENSLAUTE: NEUE BANKVERBINDUNG ab April 2026:Kontoinhaber: lebenslaute gbrIBAN DE86 4306 0967 3280 1697 00 * Spezielle Verwendungsw\u00fcnsche bitte angeben! Allen Spender:innen vielen Dank! Impressum: Lizenz Alle Inhalte unserer Homepage unterliegen \u2013 soweit nicht anders gekennzeichnet \u2013 der Lizenz Creative Commons BY-NC 3.0. Kopien und Verbreitung sind bei Nennung der AutorIn und der Lizenz&#8230;<\/p>\n<p class=\"read-more\"><a class=\"btn btn-default\" href=\"https:\/\/www.lebenslaute.net\/?page_id=19\">Weiterlesen<span class=\"screen-reader-text\"> Weiterlesen<\/span><\/a><\/p>\n","protected":false},"author":1,"featured_media":0,"parent":0,"menu_order":8,"comment_status":"open","ping_status":"closed","template":"","meta":{"footnotes":""},"class_list":["post-19","page","type-page","status-publish","hentry"],"_links":{"self":[{"href":"https:\/\/www.lebenslaute.net\/index.php?rest_route=\/wp\/v2\/pages\/19","targetHints":{"allow":["GET"]}}],"collection":[{"href":"https:\/\/www.lebenslaute.net\/index.php?rest_route=\/wp\/v2\/pages"}],"about":[{"href":"https:\/\/www.lebenslaute.net\/index.php?rest_route=\/wp\/v2\/types\/page"}],"author":[{"embeddable":true,"href":"https:\/\/www.lebenslaute.net\/index.php?rest_route=\/wp\/v2\/users\/1"}],"replies":[{"embeddable":true,"href":"https:\/\/www.lebenslaute.net\/index.php?rest_route=%2Fwp%2Fv2%2Fcomments&post=19"}],"version-history":[{"count":126,"href":"https:\/\/www.lebenslaute.net\/index.php?rest_route=\/wp\/v2\/pages\/19\/revisions"}],"predecessor-version":[{"id":11109,"href":"https:\/\/www.lebenslaute.net\/index.php?rest_route=\/wp\/v2\/pages\/19\/revisions\/11109"}],"wp:attachment":[{"href":"https:\/\/www.lebenslaute.net\/index.php?rest_route=%2Fwp%2Fv2%2Fmedia&parent=19"}],"curies":[{"name":"wp","href":"https:\/\/api.w.org\/{rel}","templated":true}]}}