{"id":30,"date":"2009-11-26T22:26:30","date_gmt":"2009-11-26T21:26:30","guid":{"rendered":"http:\/\/www.lebenslaute.net\/?page_id=30"},"modified":"2025-02-24T21:08:19","modified_gmt":"2025-02-24T20:08:19","slug":"archiv","status":"publish","type":"page","link":"https:\/\/www.lebenslaute.net\/?page_id=30","title":{"rendered":"1986-2024"},"content":{"rendered":"\n<p>Mindestens einmal j\u00e4hrlich findet &#8211; meist im Sommer &#8211; eine gro\u00dfe Lebenslaute-Aktion statt. Diese <strong>Sommeraktionen<\/strong> sind im folgenden dokumentiert. Wir verwenden daf\u00fcr Material, das in unserem gro\u00dfen Buch &#8220;Widerstand an unm\u00f6glichen Orten&#8221; keinen Platz mehr gefunden hat, das St\u00f6bern lohnt sich also! Daneben gibt es auch noch zahlreiche kleinere Aktionen und Auftritte, die meist von Regionalgruppen durchgef\u00fchrt werden. Diese sind haupts\u00e4chlich in der Rubrik <a href=\"http:\/\/www.lebenslaute.net\/?page_id=112\">Regional<\/a> dokumentiert.<\/p>\n\n\n\n<p><a href=\"https:\/\/www.lebenslaute.net\/?page_id=10275\" data-type=\"URL\" data-id=\"https:\/\/www.lebenslaute.net\/?page_id=10275\">2024: Fl\u00f6te und Bass statt Hetze und Hass<\/a>, Rechtsruck, Landtagswahlen Th\u00fcringen, Weimar-Erfurt-Gotha<\/p>\n\n\n\n<p><a href=\"https:\/\/www.lebenslaute.net\/?page_id=9601\">2023: Aufspielen zum Abr\u00fcsten<\/a>, gegen Atomare Teilhabe Deutschlands, N\u00f6rvenich bei Aachen<\/p>\n\n\n\n<p><a href=\"https:\/\/www.lebenslaute.net\/?page_id=7752\">2022: Musizieren statt Betonieren. Mobilit\u00e4tswende jetzt. A100 nicht mit uns!<\/a><br>Autobahn A100, Berlin, mit BI A100 Stoppen<\/p>\n\n\n\n<p><a href=\"https:\/\/www.lebenslaute.net\/?page_id=4588\">2021: Mit Achtel und Triole gegen Klimakiller Kohle &#8211; ALLE D\u00f6rfer bleiben!<\/a><br>Tagebau Garzweiler II, L\u00fctzerath, Nordrhein-Westfalen, mit Die Kirche(n) im Dorf lassen, Alle D\u00f6rfer Bleiben Rheinland, Buirer f\u00fcr Buir<\/p>\n\n\n\n<p><a href=\"https:\/\/www.lebenslaute.net\/?page_id=5368\">2020: Mit Klang und Schall &#8211; Entwaffnet Rheinmetall<\/a><br>Waffenfabrik Rheinmetall, Unterl\u00fc\u00df, Niedersachsen<\/p>\n\n\n\n<p>&nbsp;<a href=\"http:\/\/www.lebenslaute.net\/?page_id=4578\">2019: Wir \u00f6ffnen das Tor mit Orchester und Chor<\/a><br>Lager Nostorf-Horst, Mecklenburg -Vorpommern, mit Pro Bleiberecht (MV)<\/p>\n\n\n\n<p><a href=\"http:\/\/www.lebenslaute.net\/?page_id=3644\">2018: Mit Suite und Kantate gegen den Staat im Staate &#8211; Geheimdienste abschalten<\/a><br>Inlandsgeheimdienst (Bundesamt f\u00fcr Verfassungsschutz), K\u00f6ln, Nordrhein-Westfalen, mit Initiative Keupstra\u00dfe ist \u00fcberall, DFG-VK-Gruppe K\u00f6ln, Tribunal NSU-Komplex aufl\u00f6sen, K\u00f6ln gegen Rechts<\/p>\n\n\n\n<p><a href=\"http:\/\/www.lebenslaute.net\/?page_id=3392\">2017: Von Bass bis Sopran &#8211; gemeinsam gegen R\u00fcstungswahn<\/a><br>Fliegerhorst, Schleswig-Jagel \/ Schleswig-Holstein, mit der DFG-VK-Landesverband Hamburg\/Schleswig\u00ad-Holstein<\/p>\n\n\n\n<p><a href=\"http:\/\/www.lebenslaute.net\/?page_id=3086\">2016: Schlussakkord dem Drohnenmord<\/a><br>Africom &#8211; US-Army Kommandozentrale f\u00fcr Afrika, Stuttgart \/ Baden-W\u00fcrttemberg, mit Aktionsb\u00fcndnis Africom und Eucom schlie\u00dfen, die AnStifter, Friedensb\u00fcndnis Esslingen<\/p>\n\n\n\n<p><a href=\"http:\/\/www.lebenslaute.net\/?page_id=1347\">2015: Andante an der Kante<\/a><br>Braunkohlerevier Rheinland \/ Nordrhein-Westfalen, mit Buirer f\u00fcr Buir und Hambacher Forst<\/p>\n\n\n\n<p><a href=\"http:\/\/www.lebenslaute.net\/?page_id=2535\">2014: Machet die Tore weit &#8211; Music For Free Movement<\/a><br>Abschiebegef\u00e4ngnis, Eisenh\u00fcttenstadt \/ Brandenburg, mit dem Stop-Deportation-Camp<span style=\"font-size: 1px; color: transparent;\">.<\/span><\/p>\n\n\n\n<p><a href=\"http:\/\/www.lebenslaute.net\/?page_id=1498\">2013: Aufspielen statt Aufr\u00fcsten<\/a><br>Atomwaffenstandort, Bundeswehr-Fliegerhorst B\u00fcchel \/ Rheinland-Pfalz, mit der Kampagne &#8220;atomwaffenfrei.jetzt&#8221;<\/p>\n\n\n\n<p><a href=\"http:\/\/www.lebenslaute.net\/?page_id=1496\">2013: <strong>Aufspielen statt Abschieben &#8211; Music for free Movement<\/strong><\/a><br>Bundesinnenministerium, Berlin, mit dem &#8220;Internationalen Fl\u00fcchtlingstribunal gegen die Bundesrepublik Deutschland&#8221; und mit weiteren FreundInnen<\/p>\n\n\n\n<p><a href=\"http:\/\/www.lebenslaute.net\/?page_id=756\">2012: <strong>Waffenhandwerk schafft nur Unheil<\/strong><\/a><br>Waffenfabrik Heckler&amp;Koch, Oberndorf \/ Baden-W\u00fcrttemberg, mit dem Kommunalen Friedensb\u00fcndnis Villingen-Schwenningen und im Rahmen der Kampagne &#8220;Aktion Aufschrei &#8211; Stoppt den Waffenhandel&#8221;<\/p>\n\n\n\n<p><a rel=\"noopener noreferrer\" href=\"http:\/\/www.lebenslaute.net\/?page_id=407\" target=\"_self\">2011: <strong>Piano und Forte statt Kriegstransporte<\/strong><\/a><br>Flughafen Leipzig\/Halle \/ Sachsen, mit dem Friedensweg Leipzig und dem Friedenskreis Halle<\/p>\n\n\n\n<p>2010  Colbitz-Letzlinger Heide<\/p>\n\n\n\n<p><a href=\"https:\/\/www.lebenslaute.net\/?page_id=60\">2009 Gorleben<\/a><\/p>\n\n\n\n<p><a href=\"https:\/\/www.lebenslaute.net\/?page_id=9183\">2008 L\u00fcbeck: T\u00f6ne und Kl\u00e4nge statt Grenzen und Zw\u00e4nge<\/a><\/p>\n\n\n\n<p><a href=\"https:\/\/www.lebenslaute.net\/wp-admin\/post.php?post=9160&amp;action=edit\">2007 Wittstock: Von der Heide bis zum Strand<\/a><\/p>\n\n\n\n<p><a href=\"https:\/\/www.lebenslaute.net\/?page_id=8859(\u00f6ffnet in neuem Tab)\">2006: <strong>Lieber wild musiziert als genmanipuliert!<\/strong><\/a><br>Genmaisfelder, Badingen &amp; Strausberg \/ Brandenburg, mit Gendreck-Weg-Feldbefreier_innen <\/p>\n\n\n\n<p><a href=\"https:\/\/www.lebenslaute.net\/?page_id=8827\">2005 Bielefeld: <strong>Aufspielen statt Abschieben<\/strong><\/a><br>Zentrale Ausl\u00e4nderbeh\u00f6rde ZAB &amp; City, Bielefeld \/ Nordrhein-Westfalen, mit der \u00f6rtlichen Kampagne Z-ABschaffen <\/p>\n\n\n\n<p><a href=\"https:\/\/www.lebenslaute.net\/?page_id=8819\">2004: <strong>Polyphon gegen\u2019s Bombodrom<\/strong><\/a><br>Bombodrom Freie Heide, bei Wittstock \/ Brandenburg, mit den Antimilitaristischen Sommeraktionstagen <\/p>\n\n\n\n<p><a href=\"https:\/\/www.lebenslaute.net\/?page_id=8583\">2003 Stuttgart: <strong>Lebenslaute statt Kriegskommandos<\/strong><\/a><br>US-Milit\u00e4r-Kommandozentrale EUCOM, Stuttgart \/ Baden-W\u00fcrttemberg, zum Friedenssommer <\/p>\n\n\n\n<p><a href=\"https:\/\/www.lebenslaute.net\/?page_id=8577(\u00f6ffnet in neuem Tab)\">2001 Frankfurt\/Main: <strong>Musik gegen Grenzen<\/strong><\/a><br>Flughafen Frankfurt a. M. \/ Hessen, mit dem Grenzcamp <\/p>\n\n\n\n<p><a href=\"https:\/\/www.lebenslaute.net\/?page_id=8564\">2000 Wittstock: Lebenslaute in der Freien Heide<\/a><\/p>\n\n\n\n<p><a href=\"https:\/\/www.lebenslaute.net\/?page_id=8553\">1999 Biblis: Abschiedssinfonie f\u00fcr die Atomindustrie<\/a><\/p>\n\n\n<p style=\"margin-bottom: 0.2cm;\"><a href=\"https:\/\/www.lebenslaute.net\/?page_id=8530\">1998 Bielefeld: <\/a><strong>Seid Sand im Getriebe: kein Mensch ist illegal<br><\/strong>Ausl\u00e4nderbeh\u00f6rde Bielefeld, mit der Karawane f\u00fcr die Rechte der Fl\u00fcchtlinge und MigrantInnen sowie dem Fl\u00fcchtlingsrat Bielefeld<\/p>\n\n\n<p><a href=\"https:\/\/www.lebenslaute.net\/?page_id=8524(\u00f6ffnet in neuem Tab)\">1996 Hamburg: Verabschiedung des 25 000. Fl\u00fcchtlings<\/a><\/p>\n\n\n\n<p><a href=\"https:\/\/www.lebenslaute.net\/?page_id=8496\">1995 Wittstock: Lebenslaute statt Bombenget\u00f6se<\/a><\/p>\n\n\n<p style=\"margin-bottom: 0.2cm;\"><a href=\"https:\/\/www.lebenslaute.net\/?page_id=8475\">1994&nbsp; Terz in Gorleben<\/a><strong><br><\/strong><\/p>\n<p>Geplantes Atomm\u00fcll-Zwischenlager Gorleben \/ Niedersachsen, Go-In mit Freund_innen<\/p>\n\n\n<p><a href=\"https:\/\/www.lebenslaute.net\/?page_id=8452(\u00f6ffnet in neuem Tab)\">1992 M\u00fcnsingen-Gruorn: Albtraum M\u00fcnsingen<\/a><\/p>\n\n\n\n<p><a href=\"https:\/\/www.lebenslaute.net\/?page_id=8382\">1991 M\u00fcnsingen-Gruorn: Entr\u00fcstungskonzert, <\/a>mit BoA (Bundesrepublik ohne Armee) und T\u00fcbinger Friedensgruppen <\/p>\n\n\n\n<p><a href=\"https:\/\/www.lebenslaute.net\/?page_id=8364\">1991 Frankfurt am Main: Konzertblockade der Frankfurt Air Base der US-Streitkr\u00e4fte<\/a><\/p>\n\n\n\n<p><a href=\"https:\/\/www.lebenslaute.net\/?page_id=8416\">1991 Stuttgart: Regionalaktion vor der EUCOM-Kommenadozentrale<\/a><\/p>\n\n\n\n<p><a href=\"https:\/\/www.lebenslaute.net\/?page_id=8401\" data-type=\"URL\" data-id=\"https:\/\/www.lebenslaute.net\/?page_id=8401\">1990: Konzertblockade vor der Brennelemente-Fabrik Hanau \/ Hessen,<\/a> mit Freund_innen<\/p>\n\n\n\n<p><a href=\"https:\/\/www.lebenslaute.net\/?page_id=8433\">1990 Hannover &#8211; gegen die ILA (Internationale Luftfahrtausstellung<\/a>)<\/p>\n\n\n\n<p><a href=\"https:\/\/www.lebenslaute.net\/?page_id=8438\">1989 Brokdorf &#8211; Blockade des Atomkraftwerks<\/a><\/p>\n\n\n\n<p><a href=\"https:\/\/www.lebenslaute.net\/?page_id=8312\">1989: Dem Wasser eine Stimme geben: Schlutup bei L\u00fcbeck, mit L\u00fcbecker Gruppen<\/a><\/p>\n\n\n\n<p><a rel=\"noreferrer noopener\" href=\"https:\/\/www.lebenslaute.net\/?page_id=8245\" target=\"_blank\">1988 (Oktober): Musikalische Mahnwache vor dem Chemiewaffenlager in Fischbach \/ Rheinland-Pfalz<\/a>, mit der LL-Regionalgruppe Rhein-Ruhr<\/p>\n\n\n\n<p><a href=\"https:\/\/www.lebenslaute.net\/?p=8345(\u00f6ffnet in neuem Tab)\">1988 Wackersdorf: Blockade der Baustelle der geplanten Wiederaufbereitungsanlage<\/a><\/p>\n\n\n\n<p><a href=\"https:\/\/www.lebenslaute.net\/?p=8215\">1988 Gro\u00dfengstingen: Musik aus dem Zielgebiet<\/a><\/p>\n\n\n\n<p> <\/p>\n\n\n\n<p><a href=\"https:\/\/www.lebenslaute.net\/?page_id=8208\">1987: Konzertblockade vor dem Pershing-II-Atomraketen-Lager<\/a><br>Heilbronn \/ Baden-W\u00fcrttemberg, mit dem CVJM Heilbronn<\/p>\n\n\n\n<p><a rel=\"noreferrer noopener\" href=\"https:\/\/www.lebenslaute.net\/?page_id=8191\" target=\"_blank\">1986: Konzertblockade in Mutlangen: Klassische Musik bis zur R\u00e4umung<\/a><br>Pershing-II-Atomraketen-Lager Mutlangen, Baden-W\u00fcrttemberg, mit Presseh\u00fctte und ZU bis zur Abr\u00fcstung<\/p>\n","protected":false},"excerpt":{"rendered":"<p>Mindestens einmal j\u00e4hrlich findet &#8211; meist im Sommer &#8211; eine gro\u00dfe Lebenslaute-Aktion statt. Diese Sommeraktionen sind im folgenden dokumentiert. Wir verwenden daf\u00fcr Material, das in unserem gro\u00dfen Buch &#8220;Widerstand an unm\u00f6glichen Orten&#8221; keinen Platz mehr gefunden hat, das St\u00f6bern lohnt sich also! Daneben gibt es auch noch zahlreiche kleinere Aktionen und Auftritte, die meist von Regionalgruppen durchgef\u00fchrt werden. Diese sind haupts\u00e4chlich in der Rubrik Regional dokumentiert. 2024: Fl\u00f6te und Bass statt Hetze und Hass, Rechtsruck, Landtagswahlen Th\u00fcringen, Weimar-Erfurt-Gotha 2023: Aufspielen&#8230;<\/p>\n<p class=\"read-more\"><a class=\"btn btn-default\" href=\"https:\/\/www.lebenslaute.net\/?page_id=30\">Weiterlesen<span class=\"screen-reader-text\"> Weiterlesen<\/span><\/a><\/p>\n","protected":false},"author":1,"featured_media":0,"parent":0,"menu_order":3,"comment_status":"closed","ping_status":"closed","template":"","meta":{"footnotes":""},"class_list":["post-30","page","type-page","status-publish","hentry"],"_links":{"self":[{"href":"https:\/\/www.lebenslaute.net\/index.php?rest_route=\/wp\/v2\/pages\/30","targetHints":{"allow":["GET"]}}],"collection":[{"href":"https:\/\/www.lebenslaute.net\/index.php?rest_route=\/wp\/v2\/pages"}],"about":[{"href":"https:\/\/www.lebenslaute.net\/index.php?rest_route=\/wp\/v2\/types\/page"}],"author":[{"embeddable":true,"href":"https:\/\/www.lebenslaute.net\/index.php?rest_route=\/wp\/v2\/users\/1"}],"replies":[{"embeddable":true,"href":"https:\/\/www.lebenslaute.net\/index.php?rest_route=%2Fwp%2Fv2%2Fcomments&post=30"}],"version-history":[{"count":125,"href":"https:\/\/www.lebenslaute.net\/index.php?rest_route=\/wp\/v2\/pages\/30\/revisions"}],"predecessor-version":[{"id":10685,"href":"https:\/\/www.lebenslaute.net\/index.php?rest_route=\/wp\/v2\/pages\/30\/revisions\/10685"}],"wp:attachment":[{"href":"https:\/\/www.lebenslaute.net\/index.php?rest_route=%2Fwp%2Fv2%2Fmedia&parent=30"}],"curies":[{"name":"wp","href":"https:\/\/api.w.org\/{rel}","templated":true}]}}