{"id":326,"date":"2011-01-18T22:14:41","date_gmt":"2011-01-18T21:14:41","guid":{"rendered":"http:\/\/www.lebenslaute.net\/?page_id=326"},"modified":"2022-04-15T12:19:26","modified_gmt":"2022-04-15T10:19:26","slug":"2010-colbitzer-heide","status":"publish","type":"page","link":"https:\/\/www.lebenslaute.net\/?page_id=326","title":{"rendered":"2010 Colbitz"},"content":{"rendered":"<p style=\"text-align: left;\"><strong>\u00a0<\/strong><\/p>\n<p style=\"margin-bottom: 0cm; text-align: left;\">Am <strong>5. September 2010<\/strong> haben wir auf einer Anh\u00f6he mitten auf dem <strong>Truppen\u00fcbungsplatz Altmark <\/strong>in der <strong>Colbitz-Letzlinger Heide<\/strong> ein Konzert mit klassischer Musik gegeben. Mit dieser bewussten Grenz\u00fcberschreitung setzen wir musikalisch und praktisch einen Kontrapunkt gegen die t\u00f6dliche Kriegspolitik der Bundesrepublik.<\/p>\n<p style=\"margin-bottom: 0cm; text-align: left;\">Die Konzertaktion fand gemeinsam mit lokalen Aktivist_innen von Friedens- und Umweltbewegungen und im Rahmen des 206. Friedenswegs der <a href=\"http:\/\/www.offeneheide.de\/\" target=\"_blank\" rel=\"noopener\">BI Offene Heide<\/a> statt. 100 Zuh\u00f6rer_innen und Unterst\u00fctzer_innen begleiteten uns auf den Truppen\u00fcbungsplatz, um mit uns das Konzert zu veranstalten. W\u00e4hrend des Konzerts wurde ein h\u00f6lzernes Klangspiel des K\u00fcnstlers Enrico Genz eingeweiht, Teile davon sind als Erinnerung an die Konzert-Aktion noch immer auf dem Truppen\u00fcbungsplatz.<\/p>\n<p style=\"margin-bottom: 0cm; text-align: left;\">Einen Tag vorher, am 04.09.10, spielten wir um 19:00 Uhr in &#8220;Webers Hof&#8221; (Farsleben) unser Vorkonzert.<\/p>\n<p style=\"margin-bottom: 0cm; text-align: left;\"><strong>\u00a0<\/strong><\/p>\n<p style=\"text-align: left;\"><strong>&gt;<\/strong><strong>&gt; Film und Fotos<\/strong><\/p>\n<p style=\"text-align: left;\">Einen Film von graswurzel.tv \u00fcber die Aktion gibt es <a href=\"http:\/\/www.graswurzel.tv\/v123.html\" target=\"_blank\" rel=\"noopener\">hier<\/a>.<\/p>\n<figure id=\"attachment_792\" aria-describedby=\"caption-attachment-792\" style=\"width: 300px\" class=\"wp-caption alignleft\"><img loading=\"lazy\" decoding=\"async\" class=\"wp-image-792 size-full\" title=\"ViolinkonzertBach\" src=\"https:\/\/www.lebenslaute.net\/wp-content\/uploads\/2011\/01\/ViolinkonzertBach.JPG\" alt=\"Vorkonzert: Doppelkonzertf\u00fcr 2 Violinen von J.S. Bach\" width=\"300\" height=\"189\" \/><figcaption id=\"caption-attachment-792\" class=\"wp-caption-text\">Vorkonzert: Doppelkonzert f\u00fcr 2 Violinen von J.S. Bach<\/figcaption><\/figure>\n<figure id=\"attachment_767\" aria-describedby=\"caption-attachment-767\" style=\"width: 300px\" class=\"wp-caption alignleft\"><a href=\"http:\/\/www.lebenslaute.net\/?attachment_id=767\"><img loading=\"lazy\" decoding=\"async\" class=\"size-medium wp-image-767 \" title=\"20100905 LL Friedensweg2\" src=\"http:\/\/www.lebenslaute.net\/wp-content\/uploads\/2011\/01\/20100905-LL-Friedensweg2-300x199.jpg\" alt=\"206. Friedensweg entlang des Truppen\u00fcbungsplatzes (Foto: Kirsten Neubig)\" width=\"300\" height=\"199\" srcset=\"https:\/\/www.lebenslaute.net\/wp-content\/uploads\/2011\/01\/20100905-LL-Friedensweg2-300x199.jpg 300w, https:\/\/www.lebenslaute.net\/wp-content\/uploads\/2011\/01\/20100905-LL-Friedensweg2-1024x682.jpg 1024w, https:\/\/www.lebenslaute.net\/wp-content\/uploads\/2011\/01\/20100905-LL-Friedensweg2.JPG 1604w\" sizes=\"auto, (max-width: 300px) 100vw, 300px\" \/><\/a><figcaption id=\"caption-attachment-767\" class=\"wp-caption-text\">Aktionsbeginn: 206. Friedensweg entlang des Truppen\u00fcbungsplatzes (Foto: Kirsten Neubig)<\/figcaption><\/figure>\n<figure id=\"attachment_768\" aria-describedby=\"caption-attachment-768\" style=\"width: 300px\" class=\"wp-caption alignleft\"><a href=\"http:\/\/www.lebenslaute.net\/?attachment_id=768\"><img loading=\"lazy\" decoding=\"async\" class=\"size-medium wp-image-768 \" title=\"20100905 LL \u00fcberGrenzen\" src=\"http:\/\/www.lebenslaute.net\/wp-content\/uploads\/2011\/01\/20100905-LL-\u00fcberGrenzen-300x200.jpg\" alt=\"Milit\u00e4rgebiet betreten: Lebenslaute und Zuh\u00f6rerInnen biegen vom Friedensweg auf den Truppen\u00fcbungsplatz ab (Foto: Rosa Heide)\" width=\"300\" height=\"200\" srcset=\"https:\/\/www.lebenslaute.net\/wp-content\/uploads\/2011\/01\/20100905-LL-\u00fcberGrenzen-300x200.jpg 300w, https:\/\/www.lebenslaute.net\/wp-content\/uploads\/2011\/01\/20100905-LL-\u00fcberGrenzen-1024x685.jpg 1024w\" sizes=\"auto, (max-width: 300px) 100vw, 300px\" \/><\/a><figcaption id=\"caption-attachment-768\" class=\"wp-caption-text\">Milit\u00e4rgebiet betreten: Lebenslaute und Zuh\u00f6rerInnen biegen vom Friedensweg auf den Truppen\u00fcbungsplatz ab (Foto: Rosa Heide)<\/figcaption><\/figure>\n<figure id=\"attachment_769\" aria-describedby=\"caption-attachment-769\" style=\"width: 300px\" class=\"wp-caption alignleft\"><a href=\"http:\/\/www.lebenslaute.net\/?attachment_id=769\"><img loading=\"lazy\" decoding=\"async\" class=\"wp-image-769 \" title=\"20100905 LL zumKonzertort\" src=\"http:\/\/www.lebenslaute.net\/wp-content\/uploads\/2011\/01\/20100905-LL-zumKonzertort-300x200.jpg\" alt=\"Zum Konzertort: Ein H\u00fcgel mit Panoramablick (Foto: Rosa Heide)\" width=\"300\" height=\"200\" srcset=\"https:\/\/www.lebenslaute.net\/wp-content\/uploads\/2011\/01\/20100905-LL-zumKonzertort-300x200.jpg 300w, https:\/\/www.lebenslaute.net\/wp-content\/uploads\/2011\/01\/20100905-LL-zumKonzertort-1024x685.jpg 1024w\" sizes=\"auto, (max-width: 300px) 100vw, 300px\" \/><\/a><figcaption id=\"caption-attachment-769\" class=\"wp-caption-text\">Zum Konzertort: Ein H\u00fcgel mit Panoramablick (Foto: Rosa Heide)<\/figcaption><\/figure>\n<figure id=\"attachment_770\" aria-describedby=\"caption-attachment-770\" style=\"width: 300px\" class=\"wp-caption alignleft\"><a href=\"http:\/\/www.lebenslaute.net\/?attachment_id=770\"><img loading=\"lazy\" decoding=\"async\" class=\"size-medium wp-image-770 \" title=\"20100905 LL KonzertaufT\u00dcP2\" src=\"http:\/\/www.lebenslaute.net\/wp-content\/uploads\/2011\/01\/20100905-LL-KonzertaufT\u00dcP2-300x225.jpg\" alt=\"Antimilitaristisches Konzert mit Blick in die Heide (Foto: Lebenslaute)\" width=\"300\" height=\"225\" srcset=\"https:\/\/www.lebenslaute.net\/wp-content\/uploads\/2011\/01\/20100905-LL-KonzertaufT\u00dcP2-300x225.jpg 300w, https:\/\/www.lebenslaute.net\/wp-content\/uploads\/2011\/01\/20100905-LL-KonzertaufT\u00dcP2-1024x768.jpg 1024w\" sizes=\"auto, (max-width: 300px) 100vw, 300px\" \/><\/a><figcaption id=\"caption-attachment-770\" class=\"wp-caption-text\">Antimilitaristisches Konzert mit Blick in die Heide (Foto: Lebenslaute)<\/figcaption><\/figure>\n<figure id=\"attachment_771\" aria-describedby=\"caption-attachment-771\" style=\"width: 300px\" class=\"wp-caption alignleft\"><a href=\"http:\/\/www.lebenslaute.net\/?attachment_id=771\"><img loading=\"lazy\" decoding=\"async\" class=\"size-medium wp-image-771 \" title=\"20100905 LL KonzertinHeide\" src=\"http:\/\/www.lebenslaute.net\/wp-content\/uploads\/2011\/01\/20100905-LL-KonzertinHeide-300x199.jpg\" alt=\"Friedensode in der Heide (Foto: Kirsten Neubig)\" width=\"300\" height=\"199\" srcset=\"https:\/\/www.lebenslaute.net\/wp-content\/uploads\/2011\/01\/20100905-LL-KonzertinHeide-300x199.jpg 300w, https:\/\/www.lebenslaute.net\/wp-content\/uploads\/2011\/01\/20100905-LL-KonzertinHeide-1024x680.jpg 1024w\" sizes=\"auto, (max-width: 300px) 100vw, 300px\" \/><\/a><figcaption id=\"caption-attachment-771\" class=\"wp-caption-text\">Friedensode in der Heide (Foto: Kirsten Neubig)<\/figcaption><\/figure>\n<figure id=\"attachment_772\" aria-describedby=\"caption-attachment-772\" style=\"width: 300px\" class=\"wp-caption alignleft\"><a href=\"http:\/\/www.lebenslaute.net\/?attachment_id=772\"><img loading=\"lazy\" decoding=\"async\" class=\"size-medium wp-image-772 \" title=\"IMGP4986\" src=\"http:\/\/www.lebenslaute.net\/wp-content\/uploads\/2011\/01\/IMGP4986-300x199.jpg\" alt=\"Das Klangspiel wird eingeweiht (Foto: Kirsten Neubig)\" width=\"300\" height=\"199\" srcset=\"https:\/\/www.lebenslaute.net\/wp-content\/uploads\/2011\/01\/IMGP4986-300x199.jpg 300w, https:\/\/www.lebenslaute.net\/wp-content\/uploads\/2011\/01\/IMGP4986-1024x680.jpg 1024w\" sizes=\"auto, (max-width: 300px) 100vw, 300px\" \/><\/a><figcaption id=\"caption-attachment-772\" class=\"wp-caption-text\">Das Klangspiel wird eingeweiht (Foto: Kirsten Neubig)<\/figcaption><\/figure>\n<figure id=\"attachment_773\" aria-describedby=\"caption-attachment-773\" style=\"width: 300px\" class=\"wp-caption alignnone\"><a href=\"http:\/\/www.lebenslaute.net\/?attachment_id=773\"><img loading=\"lazy\" decoding=\"async\" class=\"wp-image-773 \" title=\"20100905 LL Geigent\u00f6ne\" src=\"http:\/\/www.lebenslaute.net\/wp-content\/uploads\/2011\/01\/20100905-LL-Geigent\u00f6ne-300x225.jpg\" alt=\"Geigent\u00f6ne statt Kriegsgedr\u00f6hne (Foto: Lebenslaute)\" width=\"300\" height=\"225\" srcset=\"https:\/\/www.lebenslaute.net\/wp-content\/uploads\/2011\/01\/20100905-LL-Geigent\u00f6ne-300x225.jpg 300w, https:\/\/www.lebenslaute.net\/wp-content\/uploads\/2011\/01\/20100905-LL-Geigent\u00f6ne-1024x768.jpg 1024w\" sizes=\"auto, (max-width: 300px) 100vw, 300px\" \/><\/a><figcaption id=\"caption-attachment-773\" class=\"wp-caption-text\">Geigent\u00f6ne statt Kriegsgedr\u00f6hne (Foto: Lebenslaute)<\/figcaption><\/figure>\n<p>Die Fotos k\u00f6nnen (durch Klick auf das Bild) in Druckqualit\u00e4t kostenlos herunter geladen werden. Bei Ver\u00f6ffentlichung bitte Quelle angeben.<\/p>\n<p style=\"margin-bottom: 0cm; text-align: left;\"><strong>\u00a0<\/strong><\/p>\n<p style=\"text-align: left;\"><strong>&gt;<\/strong><strong>&gt; Presseberichte<span style=\"text-decoration: underline;\"><br \/>\n<\/span><\/strong><\/p>\n<p style=\"margin-bottom: 0cm; text-align: left;\">MDR Sachsen-Anhalt (5.9.10): <a href=\"http:\/\/www.mdr.de\/sachsen-anhalt\/stendal\/7639193.html\" target=\"_blank\" rel=\"noopener\">Bundeswehr duldet Freiluftkonzert auf Truppen\u00fcbungsplatz<\/a><\/p>\n<p style=\"margin-bottom: 0cm; text-align: left;\">graswurzel.tv (5.9.10): <a href=\"http:\/\/www.graswurzel.tv\/v123.html\" target=\"_blank\" rel=\"noopener\">Geigent\u00f6ne statt Kriegsgedr\u00f6hne (Film)<\/a><\/p>\n<p style=\"margin-bottom: 0cm; text-align: left;\">Neues Deutschland (6.9.10): <a href=\"http:\/\/www.neues-deutschland.de\/artikel\/178998.geigenklang-im-sperrgebiet-der-heide.html\" target=\"_blank\" rel=\"noopener\">Geigenklang im Sperrgebiet der Heide<\/a><\/p>\n<p style=\"margin-bottom: 0cm; text-align: left;\">Volksstimme (6.9.10): <a href=\"..\/material\/H%C3%A4ndel%20und%20Mozart%2020100906.pdf\" target=\"_blank\" rel=\"noopener\">H\u00e4ndel und Mozart erklingen auf dem Truppen\u00fcbungsplatz<\/a><\/p>\n<p style=\"margin-bottom: 0cm; text-align: left;\">Volksstimme (6.9.10): <a href=\"http:\/\/www.volksstimme.de\/vsm\/nachrichten\/sachsen_anhalt\/sachsen_anhalt_newsticker\/?em_cnt=1804610&amp;sid=ckd0d1ijqa44qi8uk0mbggpil6\" target=\"_blank\" rel=\"noopener\">Musiker dringen in Sperrgebiet ein<\/a><\/p>\n<p style=\"margin-bottom: 0cm; text-align: left;\">Altmark-Zeitung (7.9.10): &#8220;Geigent\u00f6ne&#8221; &#8211; naiv und blau\u00e4ugig<\/p>\n<p style=\"margin-bottom: 0cm; text-align: left;\">Volksstimme (7.9.10): <a href=\"..\/material\/Wollen%20keine%20Gewalt%2020100907.pdf\" target=\"_blank\" rel=\"noopener\">&#8220;Wollen keine Gewalt gegen Mitb\u00fcrger&#8230;&#8221;<\/a><\/p>\n<p style=\"margin-bottom: 0cm; text-align: left;\">indymedia (7.9.10): <a href=\"http:\/\/de.indymedia.org\/2010\/09\/289454.shtml\" target=\"_blank\" rel=\"noopener\">Altmark: Geigent\u00f6ne statt Kriegsgedr\u00f6hne<\/a><\/p>\n<p style=\"margin-bottom: 0cm; text-align: left;\">indymedia (8.9.10): <a href=\"http:\/\/de.indymedia.org\/2010\/09\/289528.shtml\" target=\"_blank\" rel=\"noopener\">Klassische Musik &#8211; politische Aktion<\/a><\/p>\n<p>.<\/p>\n<p><em>Sp\u00e4ter<\/em>:<br \/>\nO-T\u00f6ne in Radio-Sendung \u201e<a href=\"https:\/\/hoerspiele-download.de\/hoerspiel-hoerbuch-download\/angst-und-abscheu-in-der-brd-4024.htm\" target=\"_blank\" rel=\"noopener\">Angst und Abscheu in der BRD \u2013 Sendezwang<\/a>\u201e, Gonzo-Journalismus-H\u00f6rspiel, <a href=\"https:\/\/www.deutschlandfunkkultur.de\/angst-und-abscheu-in-der-brd.3683.de.html?dram:article_id=263177\" target=\"_blank\" rel=\"noopener\">WDR<\/a> 3, <a href=\"https:\/\/www.mediafire.com\/file\/odi5fk2kjvr7v7u\/Angst_und_Abscheu_in_der_BRD.mp3\" target=\"_blank\" rel=\"noopener\">9.11. 2011<\/a> (<a href=\"https:\/\/www.youtube.com\/watch?v=Vz_d_C8-4G8&amp;t=22m10s\" target=\"_blank\" rel=\"noopener\">51\u201932-Audio<\/a>, \u201eLogbuch&#8221; u.a. 22\u201910-28\u201920 bei der Lebenslaute-Jahresaktion 2010 auf dem T\u00dcP Altmark, Sachsen-Anhalt, Dirk Laucke + Thomas Mahmoud + Matthias Platz)<\/p>\n<p class=\"empty-paragraph\"><strong><strong>\u00a0<span style=\"font-size: 1px;\">.<\/span><\/strong><\/strong><\/p>\n<p><strong>&gt;<\/strong><strong>&gt; <\/strong><strong>Material<\/strong><\/p>\n<p style=\"margin-bottom: 0cm;\">* Die Pressemitteilung \u201eGeigent\u00f6ne statt Kriegsgedr\u00f6hne\u201c vom 05.09.10 gibt es <a href=\"..\/material\/PM%20Gruppe%20Lebenslaute%2020100905.pdf\">hier<\/a>.<\/p>\n<p style=\"margin-bottom: 0cm;\">* Die Pressemitteilung \u201cLebenslaute begr\u00fc\u00dft R\u00e4umung\u201d vom 08.09.10 gibt es <a href=\"..\/material\/PM%20Gruppe%20Lebenslaute%2020100908.pdf\" target=\"_blank\" rel=\"noopener\">hier<\/a>.<\/p>\n<p>* Die Rede der Lebenslaute auf dem Truppen\u00fcbungsplatz Altmark gibt es <a href=\"..\/material\/Lebenslaute%20Rede%2020100905.pdf\" target=\"_blank\" rel=\"noopener\">hier<\/a>.<\/p>\n<p class=\"empty-paragraph\"><strong><strong>\u00a0<span style=\"font-size: 1px;\">.<\/span><\/strong><\/strong><\/p>\n<p><strong>&gt;<\/strong><strong>&gt; Aufruf f\u00fcr &#8220;Geigent\u00f6ne statt Kriegsgedr\u00f6hne&#8221;<br \/>\n<\/strong><\/p>\n<p style=\"margin-bottom: 0cm; text-align: left;\"><em>Lebenslaut in der OFFENen HEIDe (Altmark)<\/em><\/p>\n<p style=\"margin-bottom: 0cm; text-align: left;\">Krieg war nie gerecht \u2013 und wird es auch niemals sein. Jedes Jahr fallen Zehntausende unbeteiligte Menschen milit\u00e4rischen Operationen zum Opfer. Jedes Jahr sterben Zigtausende Soldaten und Soldatinnen im Krieg. Jedes Jahr erzielen R\u00fcstungsbetriebe Milliardengewinne und Wirtschaftsunternehmen steigern ihre Exporte durch sogenannte Wiederaufbauhilfen. Die Bundesrepublik Deutschland f\u00fchrt Krieg \u2013 allein in Afghanistan hat sie bis zu 5350 SoldatInnen im Einsatz.<\/p>\n<p style=\"margin-bottom: 0cm; text-align: left;\"><em>Wer Krieg \u00fcbt&#8230;<\/em><\/p>\n<p style=\"margin-bottom: 0cm; text-align: left;\">Auf einer Fl\u00e4che von 23000ha betreibt die Bundeswehr in der Colbitz-Letzlinger Heide n\u00f6rdlich von Magdeburg einen der gr\u00f6\u00dften Truppen\u00fcbungspl\u00e4tze Deutschlands. Dort haben die Nazis 1935 begonnen, Kriegsman\u00f6ver zu proben. Die russische Armee hat den \u00dcbungsplatz nach 1945 weiter gef\u00fchrt. Obwohl in der Heide das Trinkwasserreservoir f\u00fcr \u00fcber 600.000 Menschen ist, wurde die milit\u00e4rische Besetzung der Landschaft nach der Wende nicht beendet. Heute erlernen in der Altmark jedes Jahr bis zu 20.000 SoldatInnen das effiziente T\u00f6ten. Rheinmetall betreibt hier mit dem Gefechts\u00fcbungszentrum (G\u00dcZ) die europaweit modernste Anlage f\u00fcr Bodentruppen. Das G\u00dcZ spielt eine bedeutende Rolle in der Umstrukturierung der Bundeswehr zu einer weltweit einsetzbaren Angriffsarmee. Mit GPS-Sendern, Satelliten und intelligenten Waffensystemen werden in nachgebildeten afghanischen D\u00f6rfern H\u00e4userk\u00e4mpfe trainiert. Alle BundeswehrsoldatInnen, die nach Afghanistan gehen, \u00fcben zuvor auf diesem Truppen\u00fcbungsplatz.<\/p>\n<p style=\"margin-bottom: 0cm; text-align: left;\"><em>&#8230;muss mit Widerstand rechnen!<\/em><\/p>\n<p style=\"margin-bottom: 0cm; text-align: left;\">Die B\u00fcrgerinitiative OFFENe HEIDe fordert, dass der Truppen\u00fcbungsplatz Altmark nach mehr als sieben Jahrzehnten milit\u00e4rischen Missbrauchs ein Lernort f\u00fcr die Vers\u00f6hnung mit der Natur und Frieden zwischen den Menschen wird. Seit dem 1. August 1993 l\u00e4dt sie an jedem ersten Sonntag im Monat zum Friedensweg ein, um ein St\u00fcck Heide symbolisch in Besitz zu nehmen. Antimilitaristische Gruppen aus dem ganzen Bundesgebiet sehen in der OFFENen HEIDe einen neuen Kristallisationspunkt f\u00fcr ihre Kampagnen. Mit unserer Konzert-Aktion wollen wir diesen Widerstand unterst\u00fctzen und die Heide mit musikalischem Leben erf\u00fcllen.<\/p>\n<p style=\"margin-bottom: 0cm; text-align: left;\"><em>Kriegs\u00fcbungen und Kriegseins\u00e4tze beenden!<\/em><strong><img loading=\"lazy\" decoding=\"async\" class=\"alignright\" title=\"geige_3\" src=\"..\/wp-content\/uploads\/2009\/11\/geige_3.jpg\" alt=\"geige_3\" width=\"71\" height=\"59\" \/><\/strong><\/p>\n<p style=\"margin-bottom: 0cm; text-align: left;\"><em>Milit\u00e4r abwickeln!<\/em><\/p>\n<p style=\"margin-bottom: 0cm; text-align: left;\"><em>F\u00fcr eine friedliche Nutzung der Colbitz-Letzlinger Heide!<\/em><\/p>\n<p style=\"margin-bottom: 0cm; text-align: left;\"><span style=\"text-decoration: underline;\"><em>*<\/em> Den gesamten Lebenslaute-Flyer gibt es <a href=\"..\/wp-content\/uploads\/2009\/11\/Lebenslaute-2010-Flyer.pdf\" target=\"_blank\" rel=\"noopener\">hier<\/a>.<\/span><em><br \/>\n<\/em><\/p>\n<p style=\"margin-bottom: 0cm; text-align: left;\"><strong>\u00a0<\/strong><\/p>\n<p style=\"margin-top: 0.5cm; margin-bottom: 0cm; text-align: left;\"><strong>&gt;&gt; Musik<br \/>\n<\/strong><\/p>\n<p style=\"margin-bottom: 0cm; text-align: left;\"><em>Chor, Solist_in &amp; Orchester<\/em><\/p>\n<p style=\"margin-bottom: 0cm; text-align: left;\">B. Britten, &#8216;Lacrimosa&#8217;, &#8216;Move him into the Sun&#8217; aus &#8216;War Requiem&#8217;, op. 66<\/p>\n<p style=\"margin-bottom: 0cm; text-align: left;\">G.F. H\u00e4ndel, &#8216;Friedensode&#8217;, HWV 74<\/p>\n<p style=\"margin-bottom: 0cm; text-align: left;\">W. Pasquay, &#8216;\u00dcber den vier St\u00e4dten&#8217; aus &#8216;Friedensoratorium&#8217;<\/p>\n<p style=\"margin-bottom: 0cm; text-align: left;\"><em>Chor<\/em><\/p>\n<p style=\"margin-bottom: 0cm; text-align: left;\">H. Eisler, &#8216;Gegen den Krieg&#8217;, op. 55<\/p>\n<p style=\"margin-bottom: 0cm; text-align: left;\">K. Weill, &#8216;Zu Potsdam unter den Eichen&#8217;, 1928<\/p>\n<p style=\"margin-bottom: 0cm; text-align: left;\">H. Sch\u00fctz, &#8216;Wie nun ihr Herren&#8217;<\/p>\n<p style=\"margin-bottom: 0cm; text-align: left;\">Protestbewegung, &#8216;Wir sind der Heide bunter Haufen&#8217;<\/p>\n<p style=\"margin-bottom: 0cm; text-align: left;\">J. Zeuner, &#8216;Lebenslaute-Kanon&#8217;<\/p>\n<p style=\"margin-bottom: 0cm; text-align: left;\"><em>Orchester<\/em><\/p>\n<p style=\"margin-bottom: 0cm; text-align: left;\">J.S. Bach, Doppelkonzert f\u00fcr 2 Violinen und Streichorchester, BWV 1043<\/p>\n<p style=\"margin-bottom: 0cm; text-align: left;\">W.A. Mozart, &#8216;Die kleine A-Dur-Sinfonie&#8217;, KV 114<\/p>\n<p style=\"margin-bottom: 0cm; text-align: left;\"><span style=\"text-decoration: underline;\">* Eine Einf\u00fchrung zu einigen Werken und einige (teils \u00fcbersetzte) Texte gibt es <a href=\"..\/material\/Lebenslaute%202010%20Musik+Liedtexte.pdf\" target=\"_blank\" rel=\"noopener\">hier<\/a>.<\/span><\/p>\n<p style=\"margin-bottom: 0cm; text-align: left;\"><strong>\u00a0<\/strong><\/p>\n","protected":false},"excerpt":{"rendered":"<p>\u00a0 Am 5. September 2010 haben wir auf einer Anh\u00f6he mitten auf dem Truppen\u00fcbungsplatz Altmark in der Colbitz-Letzlinger Heide ein Konzert mit klassischer Musik gegeben. Mit dieser bewussten Grenz\u00fcberschreitung setzen wir musikalisch und praktisch einen Kontrapunkt gegen die t\u00f6dliche Kriegspolitik der Bundesrepublik. Die Konzertaktion fand gemeinsam mit lokalen Aktivist_innen von Friedens- und Umweltbewegungen und im Rahmen des 206. Friedenswegs der BI Offene Heide statt. 100 Zuh\u00f6rer_innen und Unterst\u00fctzer_innen begleiteten uns auf den Truppen\u00fcbungsplatz, um mit uns das Konzert zu veranstalten&#8230;.<\/p>\n<p class=\"read-more\"><a class=\"btn btn-default\" href=\"https:\/\/www.lebenslaute.net\/?page_id=326\">Weiterlesen<span class=\"screen-reader-text\"> Weiterlesen<\/span><\/a><\/p>\n","protected":false},"author":1,"featured_media":0,"parent":30,"menu_order":20,"comment_status":"closed","ping_status":"closed","template":"","meta":{"footnotes":""},"class_list":["post-326","page","type-page","status-publish","hentry"],"_links":{"self":[{"href":"https:\/\/www.lebenslaute.net\/index.php?rest_route=\/wp\/v2\/pages\/326","targetHints":{"allow":["GET"]}}],"collection":[{"href":"https:\/\/www.lebenslaute.net\/index.php?rest_route=\/wp\/v2\/pages"}],"about":[{"href":"https:\/\/www.lebenslaute.net\/index.php?rest_route=\/wp\/v2\/types\/page"}],"author":[{"embeddable":true,"href":"https:\/\/www.lebenslaute.net\/index.php?rest_route=\/wp\/v2\/users\/1"}],"replies":[{"embeddable":true,"href":"https:\/\/www.lebenslaute.net\/index.php?rest_route=%2Fwp%2Fv2%2Fcomments&post=326"}],"version-history":[{"count":41,"href":"https:\/\/www.lebenslaute.net\/index.php?rest_route=\/wp\/v2\/pages\/326\/revisions"}],"predecessor-version":[{"id":8944,"href":"https:\/\/www.lebenslaute.net\/index.php?rest_route=\/wp\/v2\/pages\/326\/revisions\/8944"}],"up":[{"embeddable":true,"href":"https:\/\/www.lebenslaute.net\/index.php?rest_route=\/wp\/v2\/pages\/30"}],"wp:attachment":[{"href":"https:\/\/www.lebenslaute.net\/index.php?rest_route=%2Fwp%2Fv2%2Fmedia&parent=326"}],"curies":[{"name":"wp","href":"https:\/\/api.w.org\/{rel}","templated":true}]}}