{"id":407,"date":"2011-03-04T15:34:52","date_gmt":"2011-03-04T14:34:52","guid":{"rendered":"http:\/\/www.lebenslaute.net\/?page_id=407"},"modified":"2022-03-24T10:48:51","modified_gmt":"2022-03-24T09:48:51","slug":"aktion-2011","status":"publish","type":"page","link":"https:\/\/www.lebenslaute.net\/?page_id=407","title":{"rendered":"2011 Leipzig\/Halle"},"content":{"rendered":"<h4>Flughafen Leipzig\/Halle: Piano und Forte statt Kriegstransporte<\/h4>\n<p class=\"empty-paragraph\"><strong>&gt;&gt; Aktion<\/strong><\/p>\n<p>Angek\u00fcndigt aber nicht angemeldet: Am Sonntag, 4. September, war das Lebenslaute-Orchester in sinfonischer St\u00e4rke und ein gemischter Chor gegen 11:30 Uhr vor Ort. Mitten im gro\u00dfen Terminal B nahm sich die Musik-Aktions-Gruppe einen gro\u00dfz\u00fcgigen Raum als Konzertb\u00fchne. Als gleich zu Beginn Hausverbote erteilt wurden, antwortete der Chor mit der Darbietung eines ersten St\u00fccks. Als sp\u00e4ter von der Flughafenleitung mit R\u00e4umung gedroht wurde wenn nicht sofort ein mehr abseits gelegener Ort eingenommen wird, wurde konzentriert weiter musiziert.<br \/>\nDie ankommenden und abfliegenden Flugg\u00e4ste ebenso wie die rund 150 DemonstrationsteilnehmerInnen erlebten ein ungew\u00f6hnliches Konzert auf hohem musikalischem Niveau. Abgerundet wurde die antimilitaristische Protest-Aktion durch Tanz- und Theaterperformances und zahlreiche Transparente, die nach und nach an den Balustraden im Terminal befestigt wurden.<\/p>\n<p>Ziel der Aktion war, so eine Aktivistin der Lebenslaute, die tagt\u00e4gliche Beteiligung der Bundesrepublik an Kriegen zu skandalisieren und den wachsenden Einfluss des Milit\u00e4rs in unterschiedliche Bereiche des Lebens zur\u00fcckzudr\u00e4ngen. Kein demokratisch legitimiertes Gremium hat je explizit der milit\u00e4rischen Nutzung des Flughafens Leipzig\/Halle zugestimmt. Dennoch ist der Flughafen ein unverzichtbarer Bestandteil der milit\u00e4rischen Logistik, was durch das eigene Terminal deutlich wird. Jeder vierte Passagier des Flughafens ist mittlerweile ein Soldat, der auf dem Weg in die Einsatzgebiete von USA und NATO zwischenlandet. Hinzu kommen die Milit\u00e4rtransporte mit den in Leipzig\/Halle stationierten Antonov-Maschinen.<\/p>\n<p>Lebenslaute hatte vom 31.08. bis 04.09.11 in der Attac-Villa und einem leer stehenden Einkaufszentrum in K\u00f6nnern geprobt und sich auf die Aktion vorbereitet. Bereits am Samstag, 3. September, gab Lebenslaute ein gut besuchtes Vorkonzert im Westwerk in Leipzig. Parallel zu der Konzert-Aktion im Flughafen am 4. September f\u00fchrte der Friedensweg e.V. eine Mahnwache auf dem Au\u00dfengel\u00e4nde durch.<\/p>\n<p class=\"empty-paragraph\">\n<p class=\"empty-paragraph\"><strong>&gt;&gt; <\/strong><strong><strong>Aktionsfotos von Gerd Eiltzer, Leipzig<\/strong><\/strong><\/p>\n<p class=\"empty-paragraph\">Die Fotos stehen zur freien Verf\u00fcgung bei Nennung des Fotografen! Zum Download bitte auf das Bild klicken. Volle Aufl\u00f6sung (ca 6MB) verf\u00fcgbar.<\/p>\n<figure id=\"attachment_1647\" aria-describedby=\"caption-attachment-1647\" style=\"width: 300px\" class=\"wp-caption alignleft\"><a href=\"http:\/\/www.lebenslaute.net\/wp-content\/uploads\/2011\/03\/LL2011_Demo1.jpg\" target=\"_blank\" rel=\"noopener\"><img loading=\"lazy\" decoding=\"async\" class=\" wp-image-1647 \" title=\"LL2011_Demo\" src=\"http:\/\/www.lebenslaute.net\/wp-content\/uploads\/2011\/03\/LL2011_Demo1-300x200.jpg\" alt=\"\" width=\"300\" height=\"200\" srcset=\"https:\/\/www.lebenslaute.net\/wp-content\/uploads\/2011\/03\/LL2011_Demo1-300x200.jpg 300w, https:\/\/www.lebenslaute.net\/wp-content\/uploads\/2011\/03\/LL2011_Demo1-1024x682.jpg 1024w\" sizes=\"auto, (max-width: 300px) 100vw, 300px\" \/><\/a><figcaption id=\"caption-attachment-1647\" class=\"wp-caption-text\">Demonstrationszug bei der Konzertaktion Lebenslaute am Flughafen Leipzig\/Halle<\/figcaption><\/figure>\n<figure id=\"attachment_1657\" aria-describedby=\"caption-attachment-1657\" style=\"width: 300px\" class=\"wp-caption alignleft\"><a href=\"http:\/\/www.lebenslaute.net\/wp-content\/uploads\/2011\/03\/LL2011_Chor1.jpg\" target=\"_blank\" rel=\"noopener\"><img loading=\"lazy\" decoding=\"async\" class=\"size-medium wp-image-1657\" title=\"LL2011_Chor\" src=\"http:\/\/www.lebenslaute.net\/wp-content\/uploads\/2011\/03\/LL2011_Chor1-300x200.jpg\" alt=\"\" width=\"300\" height=\"200\" srcset=\"https:\/\/www.lebenslaute.net\/wp-content\/uploads\/2011\/03\/LL2011_Chor1-300x200.jpg 300w, https:\/\/www.lebenslaute.net\/wp-content\/uploads\/2011\/03\/LL2011_Chor1-1024x682.jpg 1024w\" sizes=\"auto, (max-width: 300px) 100vw, 300px\" \/><\/a><figcaption id=\"caption-attachment-1657\" class=\"wp-caption-text\">Chor bei einer Fuge von J.S. Bach mit friedenspolitischem Text von Lebenslaute<\/figcaption><\/figure>\n<figure id=\"attachment_1660\" aria-describedby=\"caption-attachment-1660\" style=\"width: 300px\" class=\"wp-caption alignleft\"><a href=\"http:\/\/www.lebenslaute.net\/wp-content\/uploads\/2011\/03\/LL2011_Geigerin.jpg\" target=\"_blank\" rel=\"noopener\"><img loading=\"lazy\" decoding=\"async\" class=\"size-medium wp-image-1660\" title=\"LL2011_Geigerin\" src=\"http:\/\/www.lebenslaute.net\/wp-content\/uploads\/2011\/03\/LL2011_Geigerin-300x200.jpg\" alt=\"\" width=\"300\" height=\"200\" srcset=\"https:\/\/www.lebenslaute.net\/wp-content\/uploads\/2011\/03\/LL2011_Geigerin-300x200.jpg 300w, https:\/\/www.lebenslaute.net\/wp-content\/uploads\/2011\/03\/LL2011_Geigerin-1024x682.jpg 1024w\" sizes=\"auto, (max-width: 300px) 100vw, 300px\" \/><\/a><figcaption id=\"caption-attachment-1660\" class=\"wp-caption-text\">Geigerin bei der Auff\u00fchrung eines Walzers von Schostakowitsch<\/figcaption><\/figure>\n<figure id=\"attachment_1662\" aria-describedby=\"caption-attachment-1662\" style=\"width: 300px\" class=\"wp-caption alignleft\"><a href=\"http:\/\/www.lebenslaute.net\/wp-content\/uploads\/2011\/03\/LL2011_Orchester.jpg\" target=\"_blank\" rel=\"noopener\"><img loading=\"lazy\" decoding=\"async\" class=\"size-medium wp-image-1662\" title=\"LL2011_Orchester\" src=\"http:\/\/www.lebenslaute.net\/wp-content\/uploads\/2011\/03\/LL2011_Orchester-300x200.jpg\" alt=\"\" width=\"300\" height=\"200\" srcset=\"https:\/\/www.lebenslaute.net\/wp-content\/uploads\/2011\/03\/LL2011_Orchester-300x200.jpg 300w, https:\/\/www.lebenslaute.net\/wp-content\/uploads\/2011\/03\/LL2011_Orchester-1024x682.jpg 1024w\" sizes=\"auto, (max-width: 300px) 100vw, 300px\" \/><\/a><figcaption id=\"caption-attachment-1662\" class=\"wp-caption-text\">Konzertaktion 2011 mit Motiv des K\u00fcnstlers Jan Caspers<\/figcaption><\/figure>\n<figure id=\"attachment_1661\" aria-describedby=\"caption-attachment-1661\" style=\"width: 300px\" class=\"wp-caption alignleft\"><a href=\"http:\/\/www.lebenslaute.net\/wp-content\/uploads\/2011\/03\/LL2011_Dirigentin.jpg\" target=\"_blank\" rel=\"noopener\"><img loading=\"lazy\" decoding=\"async\" class=\" wp-image-1661\" title=\"LL2011_Dirigentin\" src=\"http:\/\/www.lebenslaute.net\/wp-content\/uploads\/2011\/03\/LL2011_Dirigentin-300x200.jpg\" alt=\"\" width=\"300\" height=\"200\" srcset=\"https:\/\/www.lebenslaute.net\/wp-content\/uploads\/2011\/03\/LL2011_Dirigentin-300x200.jpg 300w, https:\/\/www.lebenslaute.net\/wp-content\/uploads\/2011\/03\/LL2011_Dirigentin-1024x682.jpg 1024w\" sizes=\"auto, (max-width: 300px) 100vw, 300px\" \/><\/a><figcaption id=\"caption-attachment-1661\" class=\"wp-caption-text\">Dirigentin bei der Auff\u00fchrung von Lacrimosa aus Benjamin Britten w\u00e4hrend der Konzertaktion<\/figcaption><\/figure>\n<p class=\"empty-paragraph\"><span style=\"font-size: 1px; color: transparent;\">.<\/span><\/p>\n<figure id=\"attachment_562\" aria-describedby=\"caption-attachment-562\" style=\"width: 172px\" class=\"wp-caption alignleft\"><img loading=\"lazy\" decoding=\"async\" class=\"wp-image-562   alignright\" title=\"IMG_7372\" src=\"http:\/\/www.lebenslaute.net\/wp-content\/uploads\/2011\/03\/IMG_73722-682x1024.jpg\" alt=\"\" width=\"172\" height=\"258\" srcset=\"https:\/\/www.lebenslaute.net\/wp-content\/uploads\/2011\/03\/IMG_73722-682x1024.jpg 682w, https:\/\/www.lebenslaute.net\/wp-content\/uploads\/2011\/03\/IMG_73722-200x300.jpg 200w\" sizes=\"auto, (max-width: 172px) 100vw, 172px\" \/><figcaption id=\"caption-attachment-562\" class=\"wp-caption-text\">Sopranistin singt &#8220;Waffenhandwerk schafft nur Unheil&#8221; aus dem Alexander-Fest von G.F. H\u00e4ndel<\/figcaption><\/figure>\n<div class=\"mceTemp\" style=\"text-align: right;\"><\/div>\n<p class=\"empty-paragraph\" style=\"text-align: right;\">\u00a0<span style=\"font-size: 1px; color: transparent;\">.<\/span><\/p>\n<p class=\"empty-paragraph\" style=\"text-align: right;\">\u00a0<span style=\"font-size: 1px; color: transparent;\">.<\/span><\/p>\n<p class=\"empty-paragraph\" style=\"text-align: right;\">\u00a0<span style=\"font-size: 1px; color: transparent;\">.<\/span><\/p>\n<p class=\"empty-paragraph\" style=\"text-align: right;\">\u00a0<span style=\"font-size: 1px; color: transparent;\">.<\/span><\/p>\n<p class=\"empty-paragraph\" style=\"text-align: right;\">\u00a0<span style=\"font-size: 1px; color: transparent;\">.<\/span><\/p>\n<p class=\"empty-paragraph\" style=\"text-align: right;\">\u00a0<span style=\"font-size: 1px; color: transparent;\">.<\/span><\/p>\n<p class=\"empty-paragraph\" style=\"text-align: right;\">\u00a0<span style=\"font-size: 1px; color: transparent;\">.<\/span><\/p>\n<p class=\"empty-paragraph\" style=\"text-align: right;\">\u00a0<span style=\"font-size: 1px; color: transparent;\">.<\/span><\/p>\n<p class=\"empty-paragraph\" style=\"text-align: right;\">\u00a0<span style=\"font-size: 1px; color: transparent;\">.<\/span><\/p>\n<p class=\"empty-paragraph\" style=\"text-align: right;\">\u00a0<span style=\"font-size: 1px; color: transparent;\">.<\/span><\/p>\n<p class=\"empty-paragraph\" style=\"text-align: right;\">\u00a0<span style=\"font-size: 1px; color: transparent;\">.<\/span><\/p>\n<p class=\"empty-paragraph\">\u00a0<span style=\"font-size: 1px; color: transparent;\">.<\/span><\/p>\n<p class=\"empty-paragraph\">\u00a0<span style=\"font-size: 1px; color: transparent;\">.<\/span><\/p>\n<p class=\"empty-paragraph\">\n<blockquote>\n<p class=\"empty-paragraph\"><strong>\u00a0<\/strong><\/p>\n<\/blockquote>\n<p style=\"text-align: left;\"><strong>Konzertprogramm<\/strong><\/p>\n<ul>\n<li>Heinrich Sch\u00fctz, &#8220;Wie nun ihr Herren&#8221;, Becker-Psalm 58, SWV 155<\/li>\n<li>Georg Friedrich H\u00e4ndel, &#8220;Waffenhandwerk schafft nur Unheil&#8221;, Arie und Ch\u00f6re aus &#8220;Alexander-Fest&#8221;, HWV 75<\/li>\n<li>Leos Jan\u00e1cek, &#8220;Ach Krieg&#8221;, JW IV\/17 Nr. 3<\/li>\n<li>Clara Schumann, &#8220;Vorw\u00e4rts&#8221;, 1848<\/li>\n<li>Dmitri D. Schostakowitsch, Walzer aus der &#8220;Suite f\u00fcr Jazzorchester Nr. 2&#8221;, 1938<\/li>\n<li>Wolfgang Pasquay, &#8220;\u00dcber den vier St\u00e4dten&#8221; aus dem &#8220;Friedensoratorium&#8221;, 1988<\/li>\n<li>Joseph Haydn, zwei S\u00e4tze aus &#8220;Milit\u00e4rsinfonie&#8221;, Nr. 100, 1794<\/li>\n<li>Johann Sebastian Bach, zwei Ch\u00f6re aus Magnificat und Trauungskantate, mit aktionsbezogenem neuem Text<\/li>\n<li>Benjamin Britten, &#8220;Lacrimosa&#8221; aus &#8220;War Requiem&#8221;, op. 66<\/li>\n<li>Ulrich Klan, &#8220;Selig sind die Sanftm\u00fctigen&#8221; aus dem &#8220;Hrant-Dink-Oratorium&#8221;, 2011<\/li>\n<li>Kurt Weill, &#8220;Hosiannah Rockefeller&#8221; aus &#8220;Happy End&#8221; (Nr. 13), 1929<\/li>\n<\/ul>\n<p><strong><strong><span style=\"font-size: 1px;\">.<\/span><\/strong><\/strong><\/p>\n<p><strong>&gt;&gt; Presseberichte<\/strong><\/p>\n<p class=\"empty-paragraph\"><a href=\"http:\/\/de.indymedia.org\/2011\/09\/315947.shtml\" target=\"_blank\" rel=\"noopener\">Lebenslaute-Konzertaktion am Kriegsflughafen<\/a>, de.indymedia.org, 13.09.11<\/p>\n<p class=\"empty-paragraph\"><a href=\"http:\/\/www.graswurzel.tv\/v166.html\" target=\"_blank\" rel=\"noopener\">Film: Piano und Forte statt Kriegstransporte<\/a>, graswurzel.tv, 07.09.11<\/p>\n<p class=\"empty-paragraph\"><a href=\"http:\/\/halle.radiocorax.de\/index.php?id=364\" target=\"_self\" rel=\"noopener\">Protest gegen milit\u00e4rische Nutzung des Flughafens Leipzig\/Halle<\/a>, Radio LOTTE (Weimar), 07.09.11 (Wiederholungen auf Radio Corax\/Leipzig und Radio Blau\/Halle)<\/p>\n<p class=\"empty-paragraph\"><a href=\"http:\/\/taz.de\/Militaernutzung-des-Leipziger-Flughafens-\/!77454\/\" target=\"_blank\" rel=\"noopener\">Piano und Forte gegen Kriegstransporte<\/a>, taz Printausgabe S. 7 (hier: online), 05.09.11<\/p>\n<p class=\"empty-paragraph\"><a href=\"http:\/\/www.hitradio-rtl.de\/top-aktuell\/lokal\/orchesterprotest-gegen-militaertransporte-am-flughafen-leipzighalle-472862\/\" target=\"_blank\" rel=\"noopener\">Orchesterprotest gegen Milit\u00e4rtransporte am Flughafen Leipzig\/Halle<\/a>, Hitradio RTL Sachsen, 05.09.11<\/p>\n<p class=\"empty-paragraph\"><a href=\"http:\/\/www.mdr.de\/mediathek\/fernsehen\/sendungverpasst100-multiGroupClosed_boxIndex-1_zc-414ac266.html\" target=\"_blank\" rel=\"noopener\">Fernsehnachricht<\/a>, MDR Sachsenspiegel 19 Uhr (ab Minute 16:06), 04.09.11 (Download der <a href=\"http:\/\/pendelchaos.homelinux.net\/LL2011\/LL2011_Sachsenspiegel.mp4\" target=\"_blank\" rel=\"noopener\">LL-Nachricht<\/a>, 0:25 min)<\/p>\n<p class=\"empty-paragraph\"><a href=\"http:\/\/www.mdr.de\/sachsen\/leipzig\/orchesterprotest100.html\" target=\"_blank\" rel=\"noopener\">Gegen Milit\u00e4rtransporte &#8211; Orchesterprotest am Leipziger Flughafen<\/a>, MDR Sachsen, 04.09.11<\/p>\n<p class=\"empty-paragraph\"><a href=\"http:\/\/nachrichten.lvz-online.de\/nachrichten\/mitteldeutschland\/orchesterprotest-gegen-militaertransporte-am-leipziger-flughafen\/r-mitteldeutschland-a-104058.html\" target=\"_blank\" rel=\"noopener\">Orchesterkonzert gegen Milit\u00e4rtransporte<\/a>, mit Fotostrecke, Leipziger Volkszeitung online, 04.09.11 (die dpa-Meldung im Internet auch bei\u00a0 <a href=\"http:\/\/www.ovz-online.de\/aktuell\/content\/139199.html\" target=\"_blank\" rel=\"noopener\">ovz-online<\/a> und bild.de\/regional\/dresden sowie auf der Titelseite der Printausgabe der <a href=\"http:\/\/www.lebenslaute.net\/material\/2011\/mvs.jpg\" target=\"_blank\" rel=\"noopener\">Magdeburger Volksstimme <\/a>vom 05.09.11)<\/p>\n<p class=\"empty-paragraph\"><a href=\"http:\/\/www.neues-deutschland.de\/artikel\/205882.protestieren-nach-noten.html?sstr=lebenslaute\" target=\"_blank\" rel=\"noopener\">Protestieren nach Noten<\/a>, Neues Deutschland, 03.09.11<\/p>\n<p class=\"empty-paragraph\"><a href=\"http:\/\/www.lebenslaute.net\/material\/2011\/lltelefoninterview.mp3\" target=\"_blank\" rel=\"noopener\">Interview mit Marcus Beyer\/Lebenslaute<\/a> (ohne An- und Abmoderation, mp3-Download 17,7 MB), Radio F.R.E.I. (Erfurt), 28.08.11<\/p>\n<p class=\"empty-paragraph\"><a href=\"http:\/\/halle.radiocorax.de\/index.php?id=344&amp;utm_source=twitterfeed&amp;utm_medium=twitter\" target=\"_blank\" rel=\"noopener\">Interview mit Gerd B\u00fcntzly\/Lebenslaute<\/a>, Radio Corax (Leipzig), 17.08.11.<\/p>\n<p class=\"empty-paragraph\"><a href=\"http:\/\/www.l-iz.de\/Politik\/Engagement\/2011\/08\/Lebenslaute-musizieren-am-4-September-auf-dem-Flughafen-Leipzig-Halle-28615.html\" target=\"_blank\" rel=\"noopener\">&#8220;Klassisches Konzert gegen milit\u00e4rische Nutzung&#8221;<\/a>, Leipziger Internet Zeitung, 08.08.11<\/p>\n<p class=\"empty-paragraph\">\u00a0<span style=\"font-size: 1px;\">.<\/span><\/p>\n<p><strong>&gt;<\/strong><strong>&gt; <\/strong><strong>Material<\/strong><\/p>\n<p>Pressemitteilung Ank\u00fcndigung und Aktionsvorbereitung vom 02.09.2011: <a href=\"..\/material\/2011\/LL-Aktionsvorbereitung_PM20110902.pdf\" target=\"_blank\" rel=\"noopener\">PM20110902<\/a><\/p>\n<p>Pressemitteilung Hintergrund Lebenslaute\/Aktion 2011 vom 25.08.2011: <a href=\"..\/material\/2011\/LL-HintergrundAktion_PM20110825.pdf\" target=\"_blank\" rel=\"noopener\">PM20110825<\/a><\/p>\n<p>Pressemitteilung zum Probewochenende vom 26.06.2011: <a href=\"..\/material\/2011\/LL-Probewochenende_PM20110626-1.pdf\" target=\"_blank\" rel=\"noopener\">PM20110626<\/a><\/p>\n<p>Ank\u00fcndigungen: <a href=\"..\/material\/2011\/LL2011-Postkarte.pdf\" target=\"_blank\" rel=\"noopener\">Postkarte<\/a> und <a href=\"..\/material\/2011\/LL2011-Plakat.pdf\" target=\"_blank\" rel=\"noopener\">Plakat<\/a><\/p>\n<p>Aufruf-Flyer: <a href=\"..\/material\/2011\/LL2011-Flyer.pdf\">Flyer selbst ausdrucken<\/a> oder <a href=\"mailto:lebenslaute2011@riseup.net\">gedruckte Flyer bestellen<\/a><\/p>\n<p>In jedem Fall eine gute Idee: <a href=\"http:\/\/listi.jpberlin.de\/mailman\/listinfo\/lebenslaute-info\" target=\"_blank\" rel=\"noopener\">Newsletter bestellen<\/a><\/p>\n<p><strong>&gt;&gt; Aufruf: Gegen die milit\u00e4rische Nutzung des Flughafens Leipzig\/Halle<br \/>\n<\/strong><\/p>\n<p align=\"JUSTIFY\">In mehr als 25 L\u00e4ndern ist Krieg. Deutschland beteiligt sich aktiv an der milit\u00e4rischen Gewalt in Afghanistan. Dar\u00fcber hinaus ist die Bundeswehr in neun weiteren Krisen und Konflikten im Einsatz. Auf der einen Seite bemerkt man hier kaum etwas davon, auf der anderen Seite durchdringt das Milit\u00e4r immer weitere Bereiche unseres Lebens. So wird ein gro\u00dfer Teil der Milit\u00e4rlogistik mittlerweile auf zivilem Wege, \u00fcber private Firmen abgewickelt. Dieses so genannte Public-Private-Partnership bedeutet: Private Unternehmen verdienen am Krieg, w\u00e4hrend die Kriegswirtschaft so tut, als sei sie nicht milit\u00e4risch.<br \/>\nFast unmerklich hat sich der Flughafen Leipzig\/Halle zu einem gro\u00dfen Kriegsflughafen entwickelt: W\u00e4hrend in dem einen Flugzeug Gesch\u00e4ftsreisende sitzen, werden in einem anderen SoldatInnen in Kampfeins\u00e4tze geflogen. Stationierte Gro\u00dfraumflugzeuge verfrachten schweres milit\u00e4risches Ger\u00e4t in Kriegsgebiete. Die \u201eFeldpost\u201c f\u00fcr SoldatInnen und tausende Pakete mit milit\u00e4rischer Ausr\u00fcstung werden \u00fcber diesen Flughafen verschickt. Der Flughafen wird von der zivilen Flughafen Leipzig\/Halle GmbH betrieben. Mehrheitsgesellschafter mit 94% Anteilen ist die Mitteldeutsche Airport Holding AG, deren Aktion\u00e4rInnen der Freistaat Sachsen, das Land Sachsen-Anhalt und die St\u00e4dte Dresden, Leipzig und Halle sind.<\/p>\n<p align=\"JUSTIFY\">Wusstet Ihr schon&#8230;<br \/>\n\u2026 dass vom Flughafen Leipzig\/Halle j\u00e4hrlich mehr als 450.000 SoldatInnen, vor allem US-Truppen, in Kriegseins\u00e4tze geflogen werden?<br \/>\n\u2026 dass auch die Bundeswehr den Flughafen Leipzig\/Halle fest in die eigene Logistik-Struktur eingebunden hat?<br \/>\n\u2026 dass es am Flughafen Leipzig\/Halle kein Nachtflugverbot gibt?<br \/>\n&#8230; dass die DHL\/Deutsche Post in Afghanistan Niederlassungen hat und Fracht und Briefe zu den Truppen bef\u00f6rdert?<\/p>\n<p align=\"JUSTIFY\">Wisst Ihr vielleicht&#8230;<br \/>\n&#8230;. wie hoch der Anteil der milit\u00e4rischen Nutzung des Flughafens Leipzig\/Halle ist?<br \/>\n\u2026 wie sehr die Flughafengesellschaft, d.h. die L\u00e4nder und St\u00e4dte von dem Kriegsgesch\u00e4ft profitieren?<br \/>\n\u2026 wie viel die DHL, die Lufthansa Cargo und andere Firmen im Flughafen Leipzig\/Halle an den ca. 3 Milliarden Euro verdienen, die der Afghanistankrieg Deutschland j\u00e4hrlich kostet?<\/p>\n<p align=\"JUSTIFY\">Was wir wollen:<br \/>\nBeendigung der milit\u00e4rischen Nutzung des Flughafens Leipzig\/Halle.<br \/>\nStopp aller Dienstleistungen, die direkt oder indirekt den Krieg unterst\u00fctzen.<br \/>\nSofortige Abwicklung der R\u00fcstungsindustrie und der Gesch\u00e4fte mit Waffenexporten.<br \/>\nUnverz\u00fcgliche Abschaffung der Bundeswehr, auch in Form einer Freiwilligenarmee.<br \/>\nAbbruch aller milit\u00e4rischen Eins\u00e4tze und konsequentes Engagement in ziviler Konfliktbearbeitung.<br \/>\nLasst uns Sand sein im Getriebe der Milit\u00e4r-Maschine!<\/p>\n","protected":false},"excerpt":{"rendered":"<p>Flughafen Leipzig\/Halle: Piano und Forte statt Kriegstransporte &gt;&gt; Aktion Angek\u00fcndigt aber nicht angemeldet: Am Sonntag, 4. September, war das Lebenslaute-Orchester in sinfonischer St\u00e4rke und ein gemischter Chor gegen 11:30 Uhr vor Ort. Mitten im gro\u00dfen Terminal B nahm sich die Musik-Aktions-Gruppe einen gro\u00dfz\u00fcgigen Raum als Konzertb\u00fchne. Als gleich zu Beginn Hausverbote erteilt wurden, antwortete der Chor mit der Darbietung eines ersten St\u00fccks. Als sp\u00e4ter von der Flughafenleitung mit R\u00e4umung gedroht wurde wenn nicht sofort ein mehr abseits gelegener Ort eingenommen&#8230;<\/p>\n<p class=\"read-more\"><a class=\"btn btn-default\" href=\"https:\/\/www.lebenslaute.net\/?page_id=407\">Weiterlesen<span class=\"screen-reader-text\"> Weiterlesen<\/span><\/a><\/p>\n","protected":false},"author":1,"featured_media":0,"parent":30,"menu_order":19,"comment_status":"open","ping_status":"open","template":"","meta":{"footnotes":""},"class_list":["post-407","page","type-page","status-publish","hentry"],"_links":{"self":[{"href":"https:\/\/www.lebenslaute.net\/index.php?rest_route=\/wp\/v2\/pages\/407","targetHints":{"allow":["GET"]}}],"collection":[{"href":"https:\/\/www.lebenslaute.net\/index.php?rest_route=\/wp\/v2\/pages"}],"about":[{"href":"https:\/\/www.lebenslaute.net\/index.php?rest_route=\/wp\/v2\/types\/page"}],"author":[{"embeddable":true,"href":"https:\/\/www.lebenslaute.net\/index.php?rest_route=\/wp\/v2\/users\/1"}],"replies":[{"embeddable":true,"href":"https:\/\/www.lebenslaute.net\/index.php?rest_route=%2Fwp%2Fv2%2Fcomments&post=407"}],"version-history":[{"count":151,"href":"https:\/\/www.lebenslaute.net\/index.php?rest_route=\/wp\/v2\/pages\/407\/revisions"}],"predecessor-version":[{"id":8290,"href":"https:\/\/www.lebenslaute.net\/index.php?rest_route=\/wp\/v2\/pages\/407\/revisions\/8290"}],"up":[{"embeddable":true,"href":"https:\/\/www.lebenslaute.net\/index.php?rest_route=\/wp\/v2\/pages\/30"}],"wp:attachment":[{"href":"https:\/\/www.lebenslaute.net\/index.php?rest_route=%2Fwp%2Fv2%2Fmedia&parent=407"}],"curies":[{"name":"wp","href":"https:\/\/api.w.org\/{rel}","templated":true}]}}