{"id":4786,"date":"2019-07-31T08:40:08","date_gmt":"2019-07-31T06:40:08","guid":{"rendered":"http:\/\/www.lebenslaute.net\/?page_id=4786"},"modified":"2020-01-16T16:59:15","modified_gmt":"2020-01-16T15:59:15","slug":"franzoesisch","status":"publish","type":"page","link":"https:\/\/www.lebenslaute.net\/?page_id=4786","title":{"rendered":"franz\u00f6sisch fran\u00e7ais"},"content":{"rendered":"<p>&nbsp;<\/p>\n<p>Camp de Horst: Concert de protestation du groupe Lebenslaute<\/p>\n<p>Droit de rester pour tous! Dissoudre le camp de Horst!<\/p>\n<p>Chers amis dans le camp de Horst,<\/p>\n<p>Nous sommes le groupe de musique Lebenslaute, orchestre classique et chorale. Nous demandons le droit de rester en Allemagne pour tous les r\u00e9fugi\u00e9(e)s. Nous disons: Chacun a le droit \u00e0 une bonne habitation, o\u00f9 il ou elle peut vivir de mani\u00e8re autod\u00e9termin\u00e9e et en communaut\u00e9. C\u2018est pourquoi il faut dissoudre le camp de Horst. Nous avons demand\u00e9 aux autorit\u00e9s de jouer un concert chez vous. Cela ne nous fut pas permis. Nous avons d\u00e9cid\u00e9 de venir tout de m<span style=\"font-family: Liberation Serif, serif;\">\u00ea<\/span><span style=\"font-family: Liberation Serif, serif;\">me<\/span>, pour faire de la musique chez vous, pour vous soutenir, pour faire la f<span style=\"font-family: Liberation Serif, serif;\">\u00ea<\/span><span style=\"font-family: Liberation Serif, serif;\">te avec vous. Le concert de protestation aura lieu dimanche, le 18 ao<\/span><span style=\"font-family: Liberation Serif, serif;\">\u00fb<\/span><span style=\"font-family: Liberation Serif, serif;\">t, \u00e0 midi.<\/span><\/p>\n<p><span style=\"font-family: Liberation Serif, serif;\">Nous nous r\u00e9jouissons de vous voir!<\/span><\/p>\n<!--[if lt IE 9]><script>document.createElement('audio');<\/script><![endif]-->\n<audio class=\"wp-audio-shortcode\" id=\"audio-4786-1\" preload=\"none\" style=\"width: 100%;\" controls=\"controls\"><source type=\"audio\/mpeg\" src=\"http:\/\/www.lebenslaute.net\/wp-content\/uploads\/2019\/08\/Lager-Horst-2-Franz\u00f6sisch.mp3?_=1\" \/><a href=\"http:\/\/www.lebenslaute.net\/wp-content\/uploads\/2019\/08\/Lager-Horst-2-Franz\u00f6sisch.mp3\">http:\/\/www.lebenslaute.net\/wp-content\/uploads\/2019\/08\/Lager-Horst-2-Franz\u00f6sisch.mp3<\/a><\/audio>\n","protected":false},"excerpt":{"rendered":"<p>&nbsp; Camp de Horst: Concert de protestation du groupe Lebenslaute Droit de rester pour tous! Dissoudre le camp de Horst! Chers amis dans le camp de Horst, Nous sommes le groupe de musique Lebenslaute, orchestre classique et chorale. Nous demandons le droit de rester en Allemagne pour tous les r\u00e9fugi\u00e9(e)s. Nous disons: Chacun a le droit \u00e0 une bonne habitation, o\u00f9 il ou elle peut vivir de mani\u00e8re autod\u00e9termin\u00e9e et en communaut\u00e9. C\u2018est pourquoi il faut dissoudre le camp de&#8230;<\/p>\n<p class=\"read-more\"><a class=\"btn btn-default\" href=\"https:\/\/www.lebenslaute.net\/?page_id=4786\">Weiterlesen<span class=\"screen-reader-text\"> Weiterlesen<\/span><\/a><\/p>\n","protected":false},"author":9,"featured_media":0,"parent":4578,"menu_order":0,"comment_status":"closed","ping_status":"closed","template":"","meta":{"footnotes":""},"class_list":["post-4786","page","type-page","status-publish","hentry"],"_links":{"self":[{"href":"https:\/\/www.lebenslaute.net\/index.php?rest_route=\/wp\/v2\/pages\/4786","targetHints":{"allow":["GET"]}}],"collection":[{"href":"https:\/\/www.lebenslaute.net\/index.php?rest_route=\/wp\/v2\/pages"}],"about":[{"href":"https:\/\/www.lebenslaute.net\/index.php?rest_route=\/wp\/v2\/types\/page"}],"author":[{"embeddable":true,"href":"https:\/\/www.lebenslaute.net\/index.php?rest_route=\/wp\/v2\/users\/9"}],"replies":[{"embeddable":true,"href":"https:\/\/www.lebenslaute.net\/index.php?rest_route=%2Fwp%2Fv2%2Fcomments&post=4786"}],"version-history":[{"count":9,"href":"https:\/\/www.lebenslaute.net\/index.php?rest_route=\/wp\/v2\/pages\/4786\/revisions"}],"predecessor-version":[{"id":4865,"href":"https:\/\/www.lebenslaute.net\/index.php?rest_route=\/wp\/v2\/pages\/4786\/revisions\/4865"}],"up":[{"embeddable":true,"href":"https:\/\/www.lebenslaute.net\/index.php?rest_route=\/wp\/v2\/pages\/4578"}],"wp:attachment":[{"href":"https:\/\/www.lebenslaute.net\/index.php?rest_route=%2Fwp%2Fv2%2Fmedia&parent=4786"}],"curies":[{"name":"wp","href":"https:\/\/api.w.org\/{rel}","templated":true}]}}