{"id":5279,"date":"2019-11-26T22:10:55","date_gmt":"2019-11-26T21:10:55","guid":{"rendered":"http:\/\/www.lebenslaute.net\/?page_id=5279"},"modified":"2025-12-11T10:53:35","modified_gmt":"2025-12-11T09:53:35","slug":"buchbestellung","status":"publish","type":"page","link":"https:\/\/www.lebenslaute.net\/?page_id=5279","title":{"rendered":"Buchbestellung"},"content":{"rendered":"<h4><strong>Lebenslaute (Hg.):\u00a0 Widerst\u00e4ndige Musik an unm\u00f6glichen Orten. <\/strong><strong>33 Jahre Lebenslaute. Mit DVD<\/strong><\/h4>\n<p><a href=\"http:\/\/www.lebenslaute.net\/wp-content\/uploads\/2019\/12\/Postkartenflyer_33JahreLL-Doku_1.png\"><img loading=\"lazy\" decoding=\"async\" class=\"size-medium wp-image-5316 alignright\" src=\"http:\/\/www.lebenslaute.net\/wp-content\/uploads\/2019\/12\/Postkartenflyer_33JahreLL-Doku_1-213x300.png\" alt=\"\" width=\"213\" height=\"300\" srcset=\"https:\/\/www.lebenslaute.net\/wp-content\/uploads\/2019\/12\/Postkartenflyer_33JahreLL-Doku_1-213x300.png 213w, https:\/\/www.lebenslaute.net\/wp-content\/uploads\/2019\/12\/Postkartenflyer_33JahreLL-Doku_1.png 397w\" sizes=\"auto, (max-width: 213px) 100vw, 213px\" \/><\/a>249 Seiten, 180 Fotos (fast durchg\u00e4ngig farbig) + zahlr. Dokumente, Format: 21 x 28 cm,<strong> 25,00 EUR\/Ex., <\/strong>ISBN 978-3-939045-39-7. 247 Seiten mit zahlreichen Fotos und Beitr\u00e4gen von \u00fcber 30 Autor*innen.<\/p>\n<p>Vergriffen, aber in \u00f6ffentlichen Bibliotheken erh\u00e4ltlich.<\/p>\n","protected":false},"excerpt":{"rendered":"<p>Lebenslaute (Hg.):\u00a0 Widerst\u00e4ndige Musik an unm\u00f6glichen Orten. 33 Jahre Lebenslaute. Mit DVD 249 Seiten, 180 Fotos (fast durchg\u00e4ngig farbig) + zahlr. Dokumente, Format: 21 x 28 cm, 25,00 EUR\/Ex., ISBN 978-3-939045-39-7. 247 Seiten mit zahlreichen Fotos und Beitr\u00e4gen von \u00fcber 30 Autor*innen. Vergriffen, aber in \u00f6ffentlichen Bibliotheken erh\u00e4ltlich.<\/p>\n","protected":false},"author":24,"featured_media":0,"parent":19,"menu_order":0,"comment_status":"closed","ping_status":"closed","template":"","meta":{"footnotes":""},"class_list":["post-5279","page","type-page","status-publish","hentry"],"_links":{"self":[{"href":"https:\/\/www.lebenslaute.net\/index.php?rest_route=\/wp\/v2\/pages\/5279","targetHints":{"allow":["GET"]}}],"collection":[{"href":"https:\/\/www.lebenslaute.net\/index.php?rest_route=\/wp\/v2\/pages"}],"about":[{"href":"https:\/\/www.lebenslaute.net\/index.php?rest_route=\/wp\/v2\/types\/page"}],"author":[{"embeddable":true,"href":"https:\/\/www.lebenslaute.net\/index.php?rest_route=\/wp\/v2\/users\/24"}],"replies":[{"embeddable":true,"href":"https:\/\/www.lebenslaute.net\/index.php?rest_route=%2Fwp%2Fv2%2Fcomments&post=5279"}],"version-history":[{"count":18,"href":"https:\/\/www.lebenslaute.net\/index.php?rest_route=\/wp\/v2\/pages\/5279\/revisions"}],"predecessor-version":[{"id":10986,"href":"https:\/\/www.lebenslaute.net\/index.php?rest_route=\/wp\/v2\/pages\/5279\/revisions\/10986"}],"up":[{"embeddable":true,"href":"https:\/\/www.lebenslaute.net\/index.php?rest_route=\/wp\/v2\/pages\/19"}],"wp:attachment":[{"href":"https:\/\/www.lebenslaute.net\/index.php?rest_route=%2Fwp%2Fv2%2Fmedia&parent=5279"}],"curies":[{"name":"wp","href":"https:\/\/api.w.org\/{rel}","templated":true}]}}