{"id":756,"date":"2012-01-10T15:48:11","date_gmt":"2012-01-10T14:48:11","guid":{"rendered":"http:\/\/www.lebenslaute.net\/?page_id=756"},"modified":"2022-03-24T10:53:08","modified_gmt":"2022-03-24T09:53:08","slug":"sommeraktion-2012","status":"publish","type":"page","link":"https:\/\/www.lebenslaute.net\/?page_id=756","title":{"rendered":"2012 Oberndorf"},"content":{"rendered":"<h4><strong>Musikalische Umzingelung bei H&amp;K &#8211; Blockaden verliefen erfolgreich<span style=\"font-size: 1px;\"><br \/>\n<\/span><\/strong><\/h4>\n<p><a href=\"http:\/\/www.lebenslaute.net\/?page_id=756#aktion\">Aktion<\/a> | <a href=\"http:\/\/www.lebenslaute.net\/?page_id=756#fotos\">Fotos<\/a> | <a title=\"2012 Oberndorf\" href=\"http:\/\/www.lebenslaute.net\/?page_id=756#presseberichte\">Presseberichte<\/a> | <a title=\"2012 Oberndorf\" href=\"http:\/\/www.lebenslaute.net\/?page_id=756#material\">Material<\/a> | <a title=\"2012 Oberndorf\" href=\"http:\/\/www.lebenslaute.net\/?page_id=756#konzertprogramm\">Konzertprogramm<\/a> | <a title=\"2012 Oberndorf\" href=\"http:\/\/www.lebenslaute.net\/?page_id=756#aufruf\">Aufruf<\/a><\/p>\n<p><a name=\"aktion\"><\/a><\/p>\n<p><strong>&gt;&gt; Aktion: Heckler &amp; Koch<\/strong><\/p>\n<p class=\"empty-paragraph\">Am Montag,\u00a0 03.09.2012, ab 4:40 Uhr wurden alle Werkstore der Waffenfabrik Heckler&amp;Koch von 100 Lebenslaute-MusikerInnen blockiert. An den f\u00fcnf Zug\u00e4ngen (vom Haupttor bis zum Nebeneingang) fanden sich jeweils 15 bis 30 MusikerInnen ein und begannen sofort mit der Auff\u00fchrung von Instrumental- und Chorst\u00fccken. Unterst\u00fctzerInnen befestigten Transparente an den Werkstoren, brachten Verpflegung und halfen, die Blockaden einzurichten. Der Lieferverkehr war unterbunden und der Beginn der Fr\u00fchschicht gest\u00f6rt. Die Besch\u00e4ftigten wurden vom Werksschutz zu einem zentralen Tor umgeleitet, wo sie allerdings auch hier mitten\u00a0 durch Chor und Orchester gehen mussten, um ihre Arbeit aufnehmen zu k\u00f6nnen. Polizeikr\u00e4fte waren zahlreich vertreten, darunter auch hochger\u00fcstete Bereitschaftseinheiten. Auf einen R\u00e4umungsversuch lie\u00dfen es Heckler&amp;Koch und die Polizei jedoch nicht ankommen (s.u., Material\/Presseerkl\u00e4rungen).<\/p>\n<p class=\"empty-paragraph\">Um 10 Uhr fanden sich alle 100 MusikerInnen und\u00a0 rund 300 ZuschauerInnnen vor dem Haupttor ein. Mittlerweile waren Infotische und Sitzb\u00e4nke aufgebaut. Eine R\u00e4umung der Blockade wurde nicht mehr versucht, zu gro\u00df w\u00e4re der politische Schaden gewesen. Es folgte das zweist\u00fcndige Konzert von Lebenslaute mit thematisch passenden Werken (u.a. S\u00e4tze aus dem\u00a0 Friedensoratorium von Pasquay und der Unvollendeten von Schubert, s.u. Konzertprogramm). In ihrer Rede skandalisierte Lebenslaute die Profit- und Machtinteressen von Unternehmensf\u00fchrung und Staat bei R\u00fcstungsproduktion und -export. Lebenlaute forderte eine erneute R\u00fcstungskonversion bei Heckler&amp;Koch und den sofortigen Stopp von Waffenexporten (s.u. Material\/Rede).<\/p>\n<p class=\"empty-paragraph\">Das weltweit bekannte und ber\u00fcchtigte R\u00fcstungsunternehmen Heckler&amp;Koch ist auf die Entwicklung und Produktion sogenannter Kleinwaffen (Gewehre, MG, Pistolen usw.) spezialisiert, welche von hier als profitable Exportschlager in die Welt hinausgehen, um dann in allen nur denkbaren Kriegs- und Krisengebieten wieder aufzutauchen. Nach UN-Angaben sind diese \u201eKleinwaffen\u201c zur Zeit die gr\u00f6\u00dfte Massenvernichtungswaffe auf der Welt, alle elf Sekunden stirbt ein Mensch an deren Anwendung. Es gibt sogar Gegenden, wo ein deutsches Gewehr billiger und leichter zu kaufen ist als ein Sack Grundnahrungsmittel. Diese Waffen sind dann auch eine wesentliche Ursache daf\u00fcr, dass mehr und mehr traumatisierte Fl\u00fcchtlinge zu uns kommen, von denen die meisten dann wieder unter besch\u00e4menden Umst\u00e4nden in ihre Herkunftsl\u00e4nder abgeschoben und zur\u00fcckgeschickt werden.<\/p>\n<p class=\"empty-paragraph\">Die Konzert-Aktion mit Zivilem Ungehorsam fand in Zusammenarbeit mit dem Kommunalen Friedensb\u00fcndnis Villingen-Schwenningen und im Rahmen der Kampagne<a href=\"http:\/\/www.aufschrei-waffenhandel.de\/\" target=\"_blank\" rel=\"noopener\"> \u201eAktion Aufschrei &#8211; Stoppt den Waffenhandel!\u201c<\/a> statt (s.u. Aufruf). R\u00e4ume f\u00fcr Proben, Kochen\/Essen und Vorkonzert wurden von den Kirchengemeinden Paulus, Franziskus und Markus in Villingen-Schwenningen\u00a0 zur Verf\u00fcgung gestellt. Die Verpflegung \u00fcbernahm die Volxk\u00fcche Maulw\u00fcrfe aus Freiburg. \u00dcbernachtungspl\u00e4tze boten zahlreiche Menschen aus Villingen-Schwenningen an. Am Aktionstag beteiligten sich u.a. noch die DFG-VK sowie die Linke Aktion Villingen-Schwenningen.<\/p>\n<p class=\"empty-paragraph\">Bereits am Samstag, 01.09.12, unterst\u00fctzte ein kleines Lebenslaute-Ensemble die Kundgebung zum Antikriegstag in VS-Schwenningen. Am Sonntag, 02.09.12, fand um 17:00 Uhr das Vorkonzert der Lebenslaute in der Markuskirche statt, zu dem 200 Zuh\u00f6rerInnen kamen.<\/p>\n<p><a name=\"fotos\"><\/a><\/p>\n<p class=\"empty-paragraph\">\u00a0<span style=\"font-size: 1px;\">.<\/span><\/p>\n<p class=\"empty-paragraph\"><strong>&gt;&gt; Fotos<\/strong><\/p>\n<figure id=\"attachment_1088\" aria-describedby=\"caption-attachment-1088\" style=\"width: 300px\" class=\"wp-caption alignleft\"><a href=\"http:\/\/www.lebenslaute.net\/wp-content\/uploads\/2012\/01\/Blockade-am-Haupttor.jpg\" target=\"_blank\" rel=\"noopener\"><img loading=\"lazy\" decoding=\"async\" class=\"size-medium wp-image-1088 \" title=\"Blockade am Haupttor\" src=\"http:\/\/www.lebenslaute.net\/wp-content\/uploads\/2012\/01\/Blockade-am-Haupttor-300x199.jpg\" alt=\"Blockade am Haupttor\" width=\"300\" height=\"199\" srcset=\"https:\/\/www.lebenslaute.net\/wp-content\/uploads\/2012\/01\/Blockade-am-Haupttor-300x199.jpg 300w, https:\/\/www.lebenslaute.net\/wp-content\/uploads\/2012\/01\/Blockade-am-Haupttor-1024x681.jpg 1024w\" sizes=\"auto, (max-width: 300px) 100vw, 300px\" \/><\/a><figcaption id=\"caption-attachment-1088\" class=\"wp-caption-text\">Blockade am Haupttor, 5:00 Uhr<\/figcaption><\/figure>\n<figure id=\"attachment_1089\" aria-describedby=\"caption-attachment-1089\" style=\"width: 300px\" class=\"wp-caption alignleft\"><a href=\"http:\/\/www.lebenslaute.net\/wp-content\/uploads\/2012\/01\/Blockade-Nebentor_21.jpg\" target=\"_blank\" rel=\"noopener\"><img loading=\"lazy\" decoding=\"async\" class=\"size-medium wp-image-1089 \" title=\"Blockade Nebentor_2\" src=\"http:\/\/www.lebenslaute.net\/wp-content\/uploads\/2012\/01\/Blockade-Nebentor_21-300x195.jpg\" alt=\"Blockade an einem Nebentor, 5:50 Uhr\" width=\"300\" height=\"195\" srcset=\"https:\/\/www.lebenslaute.net\/wp-content\/uploads\/2012\/01\/Blockade-Nebentor_21-300x195.jpg 300w, https:\/\/www.lebenslaute.net\/wp-content\/uploads\/2012\/01\/Blockade-Nebentor_21-1024x667.jpg 1024w\" sizes=\"auto, (max-width: 300px) 100vw, 300px\" \/><\/a><figcaption id=\"caption-attachment-1089\" class=\"wp-caption-text\">Blockade an einem Nebentor, 5:50 Uhr<\/figcaption><\/figure>\n<figure id=\"attachment_1077\" aria-describedby=\"caption-attachment-1077\" style=\"width: 300px\" class=\"wp-caption alignnone\"><a href=\"http:\/\/www.lebenslaute.net\/wp-content\/uploads\/2012\/01\/Konzert-vor-Haupttor_2.jpg\" target=\"_blank\" rel=\"noopener\"><img loading=\"lazy\" decoding=\"async\" class=\"size-medium wp-image-1077 \" title=\"Konzert-Blockade vor Haupttor bei H&amp;K, 10:00 Uhr\" src=\"http:\/\/www.lebenslaute.net\/wp-content\/uploads\/2012\/01\/Konzert-vor-Haupttor_2-300x199.jpg\" alt=\"Konzert-Blockade vor Haupttor bei H&amp;K, 10:00 Uhr\" width=\"300\" height=\"199\" srcset=\"https:\/\/www.lebenslaute.net\/wp-content\/uploads\/2012\/01\/Konzert-vor-Haupttor_2-300x199.jpg 300w, https:\/\/www.lebenslaute.net\/wp-content\/uploads\/2012\/01\/Konzert-vor-Haupttor_2-1024x682.jpg 1024w\" sizes=\"auto, (max-width: 300px) 100vw, 300px\" \/><\/a><figcaption id=\"caption-attachment-1077\" class=\"wp-caption-text\">Konzert-Blockade vor Haupttor bei H&amp;K, 10:00 Uhr<\/figcaption><\/figure>\n<p><a name=\"presseberichte\"><\/a><\/p>\n<p><strong>&gt;&gt; Presseberichte<\/strong><\/p>\n<p><em>Berichterstattung vom Aktionstag<\/em><\/p>\n<p><a href=\"http:\/\/www.lebenslaute.net\/wp-content\/uploads\/2012\/01\/ran-Nov.2012.pdf\">Protestorchester &#8211; Lauter<\/a>, ran, Service, 11\/2012<br \/>\n<a href=\"http:\/\/www.fluegel.tv\/beitrag\/4798\" target=\"_blank\" rel=\"noopener\">Hauptkonzert: Der Krieg beginnt hier &#8211; im L\u00e4ndle<\/a> (Video, 21:17), fluegel.tv, 11.09.12<a href=\"http:\/\/www.fluegel.tv\/beitrag\/4792\" target=\"_blank\" rel=\"noopener\"><br \/>\nFr\u00fchblockaden: Der Krieg beginnt hier &#8211; im L\u00e4ndle<\/a> (Video, 7:18), fluegel.tv, 08.09.12<a href=\"http:\/\/www.graswurzel.tv\/v220.html\" target=\"_blank\" rel=\"noopener\"><br \/>\nLebenslaute Aktion 2012 vor Heckler &amp; Koch<\/a> (Video, 5:41min), graswurzel.tv, 07.09.12<br \/>\n<a href=\"http:\/\/wurfbude.wordpress.com\/2012\/09\/05\/lebenslaute-blockiert-erfolgreich-die-waffenfabrik-hecklerkoch\/\" target=\"_blank\" rel=\"noopener\">&#8220;Lebenslaute&#8221; blockiert erfolgreich die Waffenfabrik von Heckler&amp;Koch<\/a>, Wurfbude, 05.09.12<br \/>\n<a href=\"http:\/\/www.rdl.de\/index.php?option=com_content&amp;view=article&amp;id=17781:Lebenslaute_Konzertblokade_gegen_Heckler_Koch_Corax&amp;catid=26:punkt12&amp;Itemid=201\" target=\"_blank\" rel=\"noopener\">Lebenslaute-Konzertblockade gegen Heckler Koch<\/a> (Audio, 13:44min, Interview mit LL), Radio Dreyeckland, 03.09.12<br \/>\n<a href=\"http:\/\/www.taz.de\/Waffenschmiede-in-Oberndorf-blockiert\/!100942\/\" target=\"_blank\" rel=\"noopener\">Alle 14 Minuten ein Toter<\/a>, taz, 04.09.12<br \/>\n<a href=\"http:\/\/www.jungewelt.de\/2012\/09-04\/046.php\" target=\"_blank\" rel=\"noopener\">&#8220;Bei Heckler&amp;Koch kam kein Fahrzeug mehr durch&#8221;<\/a> (Interview mit LL), Junge Welt, 04.09.12<br \/>\n<a href=\"http:\/\/www.suedkurier.de\/region\/schwarzwald-baar-heuberg\/schwarzwald-baar-kreis\/Musikalisches-Protestsignal;art372502,5668358\" target=\"_blank\" rel=\"noopener\">Musikalisches Protestsignal<\/a>, S\u00fcdkurier, 04.09.12<br \/>\n<a href=\"http:\/\/www.schwarzwaelder-bote.de\/inhalt.oberndorf-waffen-proteste-vor-heckler-koch.1c4ebdbc-4939-4dcc-affe-dc4700d26784.html#goToComments\" target=\"_blank\" rel=\"noopener\">Waffen-Proteste vor Heckler&amp;Koch<\/a>, Schwarzw\u00e4lder Bote, 04.09.12<br \/>\n<a href=\"http:\/\/www.nrwz.de\/nrwz\/kreis\/00045190\/0\/Musikalische-Blockade-bei-Heckler-&amp;-Koch\" target=\"_blank\" rel=\"noopener\">Musikalische Blockade bei Heckler &amp; Koch<\/a>, NRWZ-online, 04.09.12<a href=\"http:\/\/www.swr.de\/nachrichten\/bw\/-\/id=1622\/nid=1622\/did=10267438\/ssd0po\/\" target=\"_blank\" rel=\"noopener\"><br \/>\nMusikalischer Protest bei Heckler&amp;Koch<\/a> (Video, 1:08min), SWR, 03.09.12<a href=\"http:\/\/www.lebenslaute.net\/wp-content\/uploads\/2012\/01\/swr4_LL_HK.mp3\" target=\"_blank\" rel=\"noopener\"><br \/>\nMit Klassik gegen Heckler&amp;Koch<\/a> (Audio, 3:27min), SWR 4, 03.09.12<br \/>\n<a href=\"http:\/\/www.swr.de\/nachrichten\/bw\/freiburg\/-\/id=1552\/nid=1552\/did=10267874\/1eabmu3\/index.html\" target=\"_blank\" rel=\"noopener\">Proteste gegen Waffenhersteller Heckler und Koch<\/a>, SWR Nachrichten, 03.09.12<\/p>\n<p><em>Vorberichte<\/em><\/p>\n<p class=\"empty-paragraph\"><a href=\"http:\/\/www.welt.de\/newsticker\/news3\/article108909196\/Vereinigung-protestiert-mit-Musik-vor-Werk-von-Heckler-amp-Koch.html\" target=\"_blank\" rel=\"noopener\">Vereinigung protestiert mit Musik vor Heckler &amp; Koch<\/a>, Welt Online (dapd-bwb), 31.08.12<a href=\"http:\/\/www.fluegel.tv\/beitrag\/4771\" target=\"_blank\" rel=\"noopener\"><br \/>\nPressegespr\u00e4ch zur Demo: &#8220;Krieg beginnt hier &#8211; im L\u00e4ndle&#8221;<\/a> (Video, 30:36min), fluegel.tv, 31.08.12<a href=\"http:\/\/www.swp.de\/ulm\/nachrichten\/politik\/Klassik-gegen-das-Unheil;art4306,1613067\" target=\"_blank\" rel=\"noopener\"><br \/>\nKlassik gegen das Unhei<\/a>l, S\u00fcdwest Presse, 31.08.12<a href=\"http:\/\/www.tagblatt.de\/Home\/nachrichten\/ueberregional\/baden-wuerttemberg_artikel,-Floetentoene-gegen-Panzerexporte-Protest-bei-Heckler-Koch-_arid,185778.html\" target=\"_blank\" rel=\"noopener\"><br \/>\nFl\u00f6tent\u00f6ne gegen Panzerexporte &#8211; Protest bei Heckler &amp; Koch<\/a>, Schw\u00e4bisches Tageblatt, 31.08.12<a href=\"http:\/\/www.swr.de\/nachrichten\/bw\/-\/id=1622\/nid=1622\/did=10254454\/ub145r\/\" target=\"_blank\" rel=\"noopener\"><br \/>\nProteste gegen deutsche Panzerlieferungen<\/a>, SWR Extra, 31.08.12<a href=\"http:\/\/www.schwarzwaelder-bote.de\/inhalt.villingen-schwenningen-mit-klassik-gegen-kriegswaffen.5f7ae092-4dd3-4d79-ada4-8ba2b68d2f72.html\" target=\"_blank\" rel=\"noopener\"><br \/>\nMit Klassik gegen Kriegswaffen<\/a>, Schwarzw\u00e4lder Bote, 31.08.12<a href=\"http:\/\/www.jungewelt.de\/2012\/08-27\/033.php\" target=\"_blank\" rel=\"noopener\"><br \/>\n<\/a><a href=\"http:\/\/www.ardmediathek.de\/swr4\/aktuelles-thema-swr4-radio-tuebingen?documentId=11585826\" target=\"_blank\" rel=\"noopener\">Konzert-Aktion gegen R\u00fcstungsbetriebe<\/a>, (Audio, 4:04min) SWR 4, 31.08.12<a href=\"http:\/\/www.jungewelt.de\/2012\/08-27\/033.php\" target=\"_blank\" rel=\"noopener\"><br \/>\nMehrheit will Ausstieg aus dem Waffenhandel<\/a>, (Interview mit Kampagne Aufschrei), Junge Welt, 28.08.12<a href=\"http:\/\/www.suedkurier.de\/region\/schwarzwald-baar-heuberg\/schwarzwald-baar-kreis\/Mit-Klassik-gegen-Waffenfabrik;art372502,5552089\" target=\"_blank\" rel=\"noopener\"><br \/>\nMit Klassik gegen Waffenfabrik<\/a><strong>,<\/strong>\u00a0 S\u00fcdkurier<strong>, <\/strong>16.06.12<span style=\"font-size: 1px;\">.<\/span><\/p>\n<p><a name=\"material\"><\/a><\/p>\n<p><strong>&gt;<\/strong><strong>&gt; <\/strong><strong>Material<\/strong><\/p>\n<p><a href=\"http:\/\/www.lebenslaute.net\/wp-content\/uploads\/2012\/01\/Presseerklaerung_Lebenslaute_20120903_121.pdf\" target=\"_blank\" rel=\"noopener\">Presseerkl\u00e4rung Lebenslaute, 03.09.2012, 12:00 Uhr<\/a><\/p>\n<p><a href=\"http:\/\/www.lebenslaute.net\/wp-content\/uploads\/2012\/01\/Presseerklaerung_Lebenslaute_20120903_052.pdf\" target=\"_blank\" rel=\"noopener\">Presseerkl\u00e4rung Lebenslaute, 03.09.2012, 5:00 Uhr<\/a><\/p>\n<p><a href=\"http:\/\/www.lebenslaute.net\/wp-content\/uploads\/2012\/01\/LL-Rede-zu-Heckler-und-Koch-2012.pdf\" target=\"_blank\" rel=\"noopener\">LL-Rede zu Heckler und Koch, 2012<\/a><\/p>\n<p><a href=\"http:\/\/www.lebenslaute.net\/wp-content\/uploads\/2012\/01\/Handzettel-f\u00fcr-HK-Besch\u00e4ftigte.pdf\">Handzettel f\u00fcr HK-Besch\u00e4ftigte<\/a><\/p>\n<p>Einladung zum Pressegespr\u00e4ch am 30.08.12 <a href=\"http:\/\/www.lebenslaute.net\/?attachment_id=986\" rel=\"attachment wp-att-986\">PM_RegionVS_LL20120823<\/a> und 31.08.12 <a href=\"http:\/\/www.lebenslaute.net\/?attachment_id=987\" rel=\"attachment wp-att-987\">PM_Ba-W\u00fc_LL20120823<\/a><\/p>\n<p>Aufruf-Flyer: Flyer (<a href=\"http:\/\/www.lebenslaute.net\/?attachment_id=816\" rel=\"attachment wp-att-816\">LLflyer2012-Page001<\/a>, <a href=\"http:\/\/www.lebenslaute.net\/?attachment_id=817\" rel=\"attachment wp-att-817\">LLflyer2012-Page002<\/a>)\u00a0 oder gedruckte <a href=\"mailto:lebenslaute2012@riseup.net\" target=\"_blank\" rel=\"noopener\">Flyer bestellen<\/a>.<br \/>\nIn jedem Fall eine gute Idee: <a href=\"http:\/\/listi.jpberlin.de\/mailman\/listinfo\/lebenslaute-info\" target=\"_blank\" rel=\"noopener\">Newsletter bestellen<\/a><\/p>\n<p><a name=\"konzertprogramm\"><\/a><\/p>\n<p><strong><strong>&gt;<\/strong><strong>&gt;\u00a0Konzertprogramm<\/strong><\/strong><\/p>\n<ul>\n<li>Georg Friedrich Haendel, Nr. 14, 17, 18 aus \u201cAlexanderfest\u201d (HWV 75)<\/li>\n<li>Wolfgang Pasquay, S\u00e4tze aus \u201cFriedensoratorium \u2013 Oratorium gegen den Krieg\u201d<\/li>\n<li>Leo\u0161 Jan\u00e1\u010dek, \u201cAch Krieg\u201d (Ah vojna), Nr. 3 aus \u201cVier M\u00e4nnerch\u00f6re\u201d f. gem. Chor<\/li>\n<li>Wolf Brannasky (Komposition) \/ Wolfgang Spielvogel (Text), \u201cImmer mehr Land\u201d<\/li>\n<li>Uli Klan, \u201cWer die Wahrheit spricht\u201d aus dem Oratorium \u201cWie eine Taube\u201d<\/li>\n<li>Heinrich Sch\u00fctz, zwei Chors\u00e4tze<\/li>\n<li>Chumbawamba, \u201cVoices, That\u2019s All\u201d<\/li>\n<li>Franz Schubert, \u201cAllegro moderato\u201d aus Sinfonie D759 h-moll \u201cUnvollendete\u201d<\/li>\n<li>Dmitri Schostakowitsch, Walzer aus \u201cSuite f\u00fcr Variet\u00e9-Orchester\u201d<\/li>\n<li>Kammermusik gro\u00df\/klein: Folk\/Jazz, Impro-Sessions, Theater und mehr.<\/li>\n<\/ul>\n<p><strong>Musiktexte und dazu einf\u00fchrende Kommentare gibt es hier: <a href=\"http:\/\/www.lebenslaute.net\/wp-content\/uploads\/2012\/01\/Programm_vorkonzert_LL2012.pdf\" target=\"_blank\" rel=\"noopener\">Programm Lebenslaute 2012 (Vorkonzert)<\/a>.<\/strong><\/p>\n<p class=\"empty-paragraph\">\u00a0<span style=\"font-size: 1px;\">.<\/span><\/p>\n<p><a name=\"aufruf\"><\/a><\/p>\n<p><strong>&gt;&gt; Aufruf: Ein Open-Air-Konzert der anderen Art &#8211; mit zivilem Ungehorsam<\/strong><\/p>\n<p>Mehr als 30 Kriege toben weltweit, mit jeweils Tausenden von Toten, Verletzten und ungez\u00e4hlten Fl\u00fcchtlingen. Und w\u00e4hrend Deutschland allgemein von der herrschenden Wirtschaftsweise profitiert, verdienen unsere R\u00fcstungsfabriken auf direkte Weise mit an Zerst\u00f6rung, Leid und Tod.<\/p>\n<p>So auch die beschaulich zwischen Schwarzwald und Schw\u00e4bischer Alb gelegene Firma Heckler &amp; Koch. Sie hat sich auf die Produktion sogenannter \u201eKleinwaffen\u201c (Gewehre, Pistolen, MG usw.) spezialisiert, welche als profitable Exportschlager in die Welt hinausgehen, um dann in allen nur denkbaren Kriegs- und Krisengebieten wieder aufzutauchen. Diese sogenannten \u201eKleinwaffen\u201c sind heute laut UN die gr\u00f6\u00dfte Massenvernichtungswaffe auf der Welt: Alle elf Sekunden stirbt ein Mensch an ihrem Einsatz.<\/p>\n<p>Indirekte Folge solcher Waffenlieferungen ist eine gro\u00dfe Zahl von Fl\u00fcchtlingen. Doch diejenigen, denen es gelingt, \u00fcberhaupt die Grenzen zu uns zu \u00fcberwinden, werden meistens unter besch\u00e4menden Umst\u00e4nden wieder in ihre Herkunftsl\u00e4nder abgeschoben.<\/p>\n<p>Mit unserer Konzert-Aktion wollen wir den Opfern eine Stimme geben und mit zivilem Ungehorsam sp\u00fcrbar dazu beitragen, dass das Schweigen \u00fcber diese skandal\u00f6sen Zust\u00e4nde durchbrochen und mit der Produktion ziviler Produkte begonnen wird.<\/p>\n<p>Schon gewusst,<\/p>\n<p>\u2026 dass Deutschland drittgr\u00f6\u00dfter Waffenexporteur der Welt ist?<br \/>\n\u2026 dass in heutigen Kriegen zwei von drei Opfern durch Gewehrkugeln sterben?<br \/>\n\u2026 dass durchschnittlich alle 14 Minuten ein Mensch durch eine Kugel aus einer Waffe von H&amp;K get\u00f6tet wird?<br \/>\n\u2026 dass durch die von H&amp;K entwickelten \u201eKleinwaffen\u201c bis heute ca. 1,5 Mio. Menschen get\u00f6tet worden sind?<br \/>\n\u2026 dass in manchen Gebieten ein deutsches Gewehr billiger und leichter zu kaufen ist als ein Sack Grundnahrungsmittel?<\/p>\n<p>Was wir wollen:<\/p>\n<ul>\n<li>Stopp der R\u00fcstungsexporte und -Produktion<\/li>\n<li>Statt Waffenlieferungen umfassende Unterst\u00fctzung der Krisenl\u00e4nder beim Abbau der Konfliktursachen<\/li>\n<li>Konsequenter Beistand f\u00fcr die Opfer und Fl\u00fcchtlinge<\/li>\n<li>R\u00fcstungskonversion: Umstellung der Produktion auf zivile Produkte<\/li>\n<li>Staatliche F\u00f6rderung der Konversion<\/li>\n<li>Gewaltlose Konfliktaustragung muss oberstes Gebot werden<\/li>\n<\/ul>\n<p>Das Schweigen durchbrechen, den Opfern eine Stimme geben!<\/p>\n","protected":false},"excerpt":{"rendered":"<p>Musikalische Umzingelung bei H&amp;K &#8211; Blockaden verliefen erfolgreich Aktion | Fotos | Presseberichte | Material | Konzertprogramm | Aufruf &gt;&gt; Aktion: Heckler &amp; Koch Am Montag,\u00a0 03.09.2012, ab 4:40 Uhr wurden alle Werkstore der Waffenfabrik Heckler&amp;Koch von 100 Lebenslaute-MusikerInnen blockiert. An den f\u00fcnf Zug\u00e4ngen (vom Haupttor bis zum Nebeneingang) fanden sich jeweils 15 bis 30 MusikerInnen ein und begannen sofort mit der Auff\u00fchrung von Instrumental- und Chorst\u00fccken. Unterst\u00fctzerInnen befestigten Transparente an den Werkstoren, brachten Verpflegung und halfen, die Blockaden einzurichten&#8230;.<\/p>\n<p class=\"read-more\"><a class=\"btn btn-default\" href=\"https:\/\/www.lebenslaute.net\/?page_id=756\">Weiterlesen<span class=\"screen-reader-text\"> Weiterlesen<\/span><\/a><\/p>\n","protected":false},"author":1,"featured_media":0,"parent":30,"menu_order":18,"comment_status":"closed","ping_status":"closed","template":"","meta":{"footnotes":""},"class_list":["post-756","page","type-page","status-publish","hentry"],"_links":{"self":[{"href":"https:\/\/www.lebenslaute.net\/index.php?rest_route=\/wp\/v2\/pages\/756","targetHints":{"allow":["GET"]}}],"collection":[{"href":"https:\/\/www.lebenslaute.net\/index.php?rest_route=\/wp\/v2\/pages"}],"about":[{"href":"https:\/\/www.lebenslaute.net\/index.php?rest_route=\/wp\/v2\/types\/page"}],"author":[{"embeddable":true,"href":"https:\/\/www.lebenslaute.net\/index.php?rest_route=\/wp\/v2\/users\/1"}],"replies":[{"embeddable":true,"href":"https:\/\/www.lebenslaute.net\/index.php?rest_route=%2Fwp%2Fv2%2Fcomments&post=756"}],"version-history":[{"count":244,"href":"https:\/\/www.lebenslaute.net\/index.php?rest_route=\/wp\/v2\/pages\/756\/revisions"}],"predecessor-version":[{"id":8298,"href":"https:\/\/www.lebenslaute.net\/index.php?rest_route=\/wp\/v2\/pages\/756\/revisions\/8298"}],"up":[{"embeddable":true,"href":"https:\/\/www.lebenslaute.net\/index.php?rest_route=\/wp\/v2\/pages\/30"}],"wp:attachment":[{"href":"https:\/\/www.lebenslaute.net\/index.php?rest_route=%2Fwp%2Fv2%2Fmedia&parent=756"}],"curies":[{"name":"wp","href":"https:\/\/api.w.org\/{rel}","templated":true}]}}