{"id":8382,"date":"2022-03-31T09:14:16","date_gmt":"2022-03-31T07:14:16","guid":{"rendered":"https:\/\/www.lebenslaute.net\/?page_id=8382"},"modified":"2022-04-15T11:27:42","modified_gmt":"2022-04-15T09:27:42","slug":"1991-muensingen-gruorn-zum-ersten","status":"publish","type":"page","link":"https:\/\/www.lebenslaute.net\/?page_id=8382","title":{"rendered":"1991 M\u00fcnsingen-Gruorn"},"content":{"rendered":"\n<figure class=\"wp-block-image size-large\"><a href=\"https:\/\/www.lebenslaute.net\/wp-content\/uploads\/2022\/03\/91-M__nsingen_002_2-heller.jpg\" target=\"_blank\" rel=\"noopener\"><img loading=\"lazy\" decoding=\"async\" width=\"1007\" height=\"1024\" src=\"https:\/\/www.lebenslaute.net\/wp-content\/uploads\/2022\/03\/91-M__nsingen_002_2-heller-1007x1024.jpg\" alt=\"\" class=\"wp-image-8414\" srcset=\"https:\/\/www.lebenslaute.net\/wp-content\/uploads\/2022\/03\/91-M__nsingen_002_2-heller-1007x1024.jpg 1007w, https:\/\/www.lebenslaute.net\/wp-content\/uploads\/2022\/03\/91-M__nsingen_002_2-heller-295x300.jpg 295w, https:\/\/www.lebenslaute.net\/wp-content\/uploads\/2022\/03\/91-M__nsingen_002_2-heller-768x781.jpg 768w, https:\/\/www.lebenslaute.net\/wp-content\/uploads\/2022\/03\/91-M__nsingen_002_2-heller-266x270.jpg 266w, https:\/\/www.lebenslaute.net\/wp-content\/uploads\/2022\/03\/91-M__nsingen_002_2-heller.jpg 1416w\" sizes=\"auto, (max-width: 1007px) 100vw, 1007px\" \/><\/a><figcaption>Die Dorfkirche von Gruorn stand mitten im Milit\u00e4rgebiet<\/figcaption><\/figure>\n\n\n\n<p><strong>Entr\u00fcstungskonzert f\u00fcr die R\u00fcckgabe des Truppen\u00fcbungsplatzes M\u00fcnsingen an die Bev\u00f6lkerung<\/strong><br><br>(Der folgende Bericht st\u00fctzt sich wesentlich auf den Artikel von Barbara Rodi, der nach der Aktion in der Zeitschrift Graswurzelrevolution Nr. 158 erschien)<\/p>\n\n\n\n<p>1895 war der Truppen\u00fcbungsplatz eingerichtet worden. 1914 wurden 150 000 Soldaten im Eildurchlauf kriegsfertig gemacht. Zudem diente der Sperrbezirk als Gefangenenlager. 1939 wurde das Areal ausgeweitet. Die Bev\u00f6lkerung von Gruorn, einem Ort mit 6000 Einwohnerinnen und Einwohnern, musste ihr Dorf verlassen. Nach Ende des Zweiten Weltkrieges wurde Gruorn kurzzeitig von AussiedlerInnen bewohnt. Diese wurden jedoch auch wieder weggeschickt. 1949 versuchte der Landtag durch eine Eingabe zu erreichen, dass das Gel\u00e4nde an die umliegenden Gemeinden zur\u00fcckgegeben wird. Diese Bem\u00fchungen waren umsonst. Seither hatten die Franzosen die Hoheit \u00fcber das Terrain. Ab 1957 kam die Bundeswehr, die dort j\u00e4hrlich 25 000 Soldaten das T\u00f6ten \u00fcben lie\u00df. F\u00fcr die angrenzenden Gemeinden war die L\u00e4rmbel\u00e4stigung unertr\u00e4glich, so dass im Januar `91 der M\u00fcnsinger Gemeinderat beschloss, die Schlie\u00dfung des Truppen\u00fcbungsplatzes zu fordern. Der B\u00fcrgermeister hatte 1990 schon zweimal beim Verteidigungsministerium vorgesprochen. Daraufhin wurde die Schie\u00dferei zeitlich eingegrenzt: nicht mehr am Sonntag und nicht mehr nachts. <\/p>\n\n\n\n<p>Die Lebenslaute-Aktion fiel in eine Zeit, zu der die Franzosen, die den Truppen\u00fcbungsplatz nutzten, sich zur\u00fcckziehen wollten. Es wurde also alles daran gesetzt, die milit\u00e4rische Nutzung \u00fcberhaupt aufzuheben.<\/p>\n\n\n\n<p>Mitten im Truppen\u00fcbungsplatz lag der ehemalige Ort Gruorn. Er war durch die Erweiterung des Platzes in der Zeit des Nationalsozialismus ger\u00e4umt worden; nur noch die Kirche und das ehemalige Schulhaus waren stehen geblieben. Das war der Ort, den Lebenslaute sich f\u00fcr ihre Aktion aussuchte. Lebenslaute kam mit vorbereiteten Gruppen aus Kiel, W\u00fcrzburg und Heidelberg.<\/p>\n\n\n\n<p>Zwei Tage und eine Nacht dauerte die Aktion, ca. zweihundert Personen \u00fcberschritten die verbotene Grenze, f\u00fcnfzehn verbrachten die Nacht auf dem Gel\u00e4nde. Ein \u201eVorkonzert\u201c hatte am 15.6. im Gymnasium Bad Urach stattgefunden. Als VeranstalterInnen standen gleich neun Gruppen auf dem Flugblatt. Die Aktion war allerdings eine Ordungswidrigkeit und wurde mit Bu\u00dfgeldern geahndet.<\/p>\n\n\n\n<figure class=\"wp-block-gallery has-nested-images columns-default is-cropped wp-block-gallery-1 is-layout-flex wp-block-gallery-is-layout-flex\">\n<figure class=\"wp-block-image size-large\"><a href=\"https:\/\/www.lebenslaute.net\/wp-content\/uploads\/2022\/03\/91-M__nsingen_003_2-scaled.jpg\" target=\"_blank\" rel=\"noopener\"><img loading=\"lazy\" decoding=\"async\" width=\"1024\" height=\"693\" data-id=\"8385\" src=\"https:\/\/www.lebenslaute.net\/wp-content\/uploads\/2022\/03\/91-M__nsingen_003_2-1024x693.jpg\" alt=\"\" class=\"wp-image-8385\" srcset=\"https:\/\/www.lebenslaute.net\/wp-content\/uploads\/2022\/03\/91-M__nsingen_003_2-1024x693.jpg 1024w, https:\/\/www.lebenslaute.net\/wp-content\/uploads\/2022\/03\/91-M__nsingen_003_2-300x203.jpg 300w, https:\/\/www.lebenslaute.net\/wp-content\/uploads\/2022\/03\/91-M__nsingen_003_2-768x520.jpg 768w, https:\/\/www.lebenslaute.net\/wp-content\/uploads\/2022\/03\/91-M__nsingen_003_2-1536x1040.jpg 1536w, https:\/\/www.lebenslaute.net\/wp-content\/uploads\/2022\/03\/91-M__nsingen_003_2-2048x1387.jpg 2048w, https:\/\/www.lebenslaute.net\/wp-content\/uploads\/2022\/03\/91-M__nsingen_003_2-399x270.jpg 399w\" sizes=\"auto, (max-width: 1024px) 100vw, 1024px\" \/><\/a><figcaption>Zweihundert Personen \u00fcberschritten die Grenze zum Milit\u00e4r\u00fcbungsplatz<\/figcaption><\/figure>\n\n\n\n<figure class=\"wp-block-image size-large\"><a href=\"https:\/\/www.lebenslaute.net\/wp-content\/uploads\/2022\/03\/91-M__nsingen_004_2-scaled.jpg\" target=\"_blank\" rel=\"noopener\"><img loading=\"lazy\" decoding=\"async\" width=\"1024\" height=\"672\" data-id=\"8388\" src=\"https:\/\/www.lebenslaute.net\/wp-content\/uploads\/2022\/03\/91-M__nsingen_004_2-1024x672.jpg\" alt=\"\" class=\"wp-image-8388\" srcset=\"https:\/\/www.lebenslaute.net\/wp-content\/uploads\/2022\/03\/91-M__nsingen_004_2-1024x672.jpg 1024w, https:\/\/www.lebenslaute.net\/wp-content\/uploads\/2022\/03\/91-M__nsingen_004_2-300x197.jpg 300w, https:\/\/www.lebenslaute.net\/wp-content\/uploads\/2022\/03\/91-M__nsingen_004_2-768x504.jpg 768w, https:\/\/www.lebenslaute.net\/wp-content\/uploads\/2022\/03\/91-M__nsingen_004_2-1536x1007.jpg 1536w, https:\/\/www.lebenslaute.net\/wp-content\/uploads\/2022\/03\/91-M__nsingen_004_2-2048x1343.jpg 2048w, https:\/\/www.lebenslaute.net\/wp-content\/uploads\/2022\/03\/91-M__nsingen_004_2-412x270.jpg 412w\" sizes=\"auto, (max-width: 1024px) 100vw, 1024px\" \/><\/a><figcaption>Am alten Schulhaus von Gruorn, neben der Kirche das einzige Geb\u00e4ude des Ortes<\/figcaption><\/figure>\n\n\n\n<figure class=\"wp-block-image size-large\"><a href=\"https:\/\/www.lebenslaute.net\/wp-content\/uploads\/2022\/03\/91-M__nsingen_003_3-scaled.jpg\" target=\"_blank\" rel=\"noopener\"><img loading=\"lazy\" decoding=\"async\" width=\"1024\" height=\"529\" data-id=\"8386\" src=\"https:\/\/www.lebenslaute.net\/wp-content\/uploads\/2022\/03\/91-M__nsingen_003_3-1024x529.jpg\" alt=\"\" class=\"wp-image-8386\" srcset=\"https:\/\/www.lebenslaute.net\/wp-content\/uploads\/2022\/03\/91-M__nsingen_003_3-1024x529.jpg 1024w, https:\/\/www.lebenslaute.net\/wp-content\/uploads\/2022\/03\/91-M__nsingen_003_3-300x155.jpg 300w, https:\/\/www.lebenslaute.net\/wp-content\/uploads\/2022\/03\/91-M__nsingen_003_3-768x397.jpg 768w, https:\/\/www.lebenslaute.net\/wp-content\/uploads\/2022\/03\/91-M__nsingen_003_3-1536x794.jpg 1536w, https:\/\/www.lebenslaute.net\/wp-content\/uploads\/2022\/03\/91-M__nsingen_003_3-2048x1059.jpg 2048w, https:\/\/www.lebenslaute.net\/wp-content\/uploads\/2022\/03\/91-M__nsingen_003_3-522x270.jpg 522w\" sizes=\"auto, (max-width: 1024px) 100vw, 1024px\" \/><\/a><figcaption>Vorbereitungen gegen den Regen<\/figcaption><\/figure>\n\n\n\n<figure class=\"wp-block-image size-large\"><a href=\"https:\/\/www.lebenslaute.net\/wp-content\/uploads\/2022\/03\/91-M__nsingen_004_1-scaled.jpg\" target=\"_blank\" rel=\"noopener\"><img loading=\"lazy\" decoding=\"async\" width=\"800\" height=\"1024\" data-id=\"8387\" src=\"https:\/\/www.lebenslaute.net\/wp-content\/uploads\/2022\/03\/91-M__nsingen_004_1-800x1024.jpg\" alt=\"\" class=\"wp-image-8387\" srcset=\"https:\/\/www.lebenslaute.net\/wp-content\/uploads\/2022\/03\/91-M__nsingen_004_1-800x1024.jpg 800w, https:\/\/www.lebenslaute.net\/wp-content\/uploads\/2022\/03\/91-M__nsingen_004_1-234x300.jpg 234w, https:\/\/www.lebenslaute.net\/wp-content\/uploads\/2022\/03\/91-M__nsingen_004_1-768x983.jpg 768w, https:\/\/www.lebenslaute.net\/wp-content\/uploads\/2022\/03\/91-M__nsingen_004_1-1200x1536.jpg 1200w, https:\/\/www.lebenslaute.net\/wp-content\/uploads\/2022\/03\/91-M__nsingen_004_1-1600x2048.jpg 1600w, https:\/\/www.lebenslaute.net\/wp-content\/uploads\/2022\/03\/91-M__nsingen_004_1-211x270.jpg 211w, https:\/\/www.lebenslaute.net\/wp-content\/uploads\/2022\/03\/91-M__nsingen_004_1-scaled.jpg 2000w\" sizes=\"auto, (max-width: 800px) 100vw, 800px\" \/><\/a><figcaption>Die Aktion fand im Dauerregen statt<\/figcaption><\/figure>\n\n\n\n<figure class=\"wp-block-image size-large\"><a href=\"https:\/\/www.lebenslaute.net\/wp-content\/uploads\/2022\/03\/91-M__nsingen_002_3-scaled.jpg\" target=\"_blank\" rel=\"noopener\"><img loading=\"lazy\" decoding=\"async\" width=\"1024\" height=\"648\" data-id=\"8384\" src=\"https:\/\/www.lebenslaute.net\/wp-content\/uploads\/2022\/03\/91-M__nsingen_002_3-1024x648.jpg\" alt=\"\" class=\"wp-image-8384\" srcset=\"https:\/\/www.lebenslaute.net\/wp-content\/uploads\/2022\/03\/91-M__nsingen_002_3-1024x648.jpg 1024w, https:\/\/www.lebenslaute.net\/wp-content\/uploads\/2022\/03\/91-M__nsingen_002_3-300x190.jpg 300w, https:\/\/www.lebenslaute.net\/wp-content\/uploads\/2022\/03\/91-M__nsingen_002_3-768x486.jpg 768w, https:\/\/www.lebenslaute.net\/wp-content\/uploads\/2022\/03\/91-M__nsingen_002_3-1536x972.jpg 1536w, https:\/\/www.lebenslaute.net\/wp-content\/uploads\/2022\/03\/91-M__nsingen_002_3-2048x1296.jpg 2048w, https:\/\/www.lebenslaute.net\/wp-content\/uploads\/2022\/03\/91-M__nsingen_002_3-427x270.jpg 427w\" sizes=\"auto, (max-width: 1024px) 100vw, 1024px\" \/><\/a><figcaption>Das Publikum, in Regenzeug geh\u00fcllt<\/figcaption><\/figure>\n<\/figure>\n\n\n\n<figure class=\"wp-block-gallery has-nested-images columns-default is-cropped wp-block-gallery-2 is-layout-flex wp-block-gallery-is-layout-flex\">\n<figure class=\"wp-block-image size-large\"><a href=\"https:\/\/www.lebenslaute.net\/wp-content\/uploads\/2022\/04\/92-09-13-muensingen_002_2-scaled.jpg\" target=\"_blank\" rel=\"noopener\"><img loading=\"lazy\" decoding=\"async\" width=\"1024\" height=\"699\" data-id=\"8461\" src=\"https:\/\/www.lebenslaute.net\/wp-content\/uploads\/2022\/04\/92-09-13-muensingen_002_2-1024x699.jpg\" alt=\"\" class=\"wp-image-8461\" srcset=\"https:\/\/www.lebenslaute.net\/wp-content\/uploads\/2022\/04\/92-09-13-muensingen_002_2-1024x699.jpg 1024w, https:\/\/www.lebenslaute.net\/wp-content\/uploads\/2022\/04\/92-09-13-muensingen_002_2-300x205.jpg 300w, https:\/\/www.lebenslaute.net\/wp-content\/uploads\/2022\/04\/92-09-13-muensingen_002_2-768x524.jpg 768w, https:\/\/www.lebenslaute.net\/wp-content\/uploads\/2022\/04\/92-09-13-muensingen_002_2-1536x1048.jpg 1536w, https:\/\/www.lebenslaute.net\/wp-content\/uploads\/2022\/04\/92-09-13-muensingen_002_2-2048x1397.jpg 2048w, https:\/\/www.lebenslaute.net\/wp-content\/uploads\/2022\/04\/92-09-13-muensingen_002_2-396x270.jpg 396w\" sizes=\"auto, (max-width: 1024px) 100vw, 1024px\" \/><\/a><\/figure>\n\n\n\n<figure class=\"wp-block-image size-large\"><a href=\"https:\/\/www.lebenslaute.net\/wp-content\/uploads\/2022\/04\/92-09-13-muensingen_002_1-scaled.jpg\" target=\"_blank\" rel=\"noopener\"><img loading=\"lazy\" decoding=\"async\" width=\"1024\" height=\"700\" data-id=\"8460\" src=\"https:\/\/www.lebenslaute.net\/wp-content\/uploads\/2022\/04\/92-09-13-muensingen_002_1-1024x700.jpg\" alt=\"\u00dcbernachtung auf dem Truppen\u00fcbungsplatz\" class=\"wp-image-8460\" srcset=\"https:\/\/www.lebenslaute.net\/wp-content\/uploads\/2022\/04\/92-09-13-muensingen_002_1-1024x700.jpg 1024w, https:\/\/www.lebenslaute.net\/wp-content\/uploads\/2022\/04\/92-09-13-muensingen_002_1-300x205.jpg 300w, https:\/\/www.lebenslaute.net\/wp-content\/uploads\/2022\/04\/92-09-13-muensingen_002_1-768x525.jpg 768w, https:\/\/www.lebenslaute.net\/wp-content\/uploads\/2022\/04\/92-09-13-muensingen_002_1-1536x1050.jpg 1536w, https:\/\/www.lebenslaute.net\/wp-content\/uploads\/2022\/04\/92-09-13-muensingen_002_1-2048x1399.jpg 2048w, https:\/\/www.lebenslaute.net\/wp-content\/uploads\/2022\/04\/92-09-13-muensingen_002_1-395x270.jpg 395w\" sizes=\"auto, (max-width: 1024px) 100vw, 1024px\" \/><\/a><figcaption>Das Lebenslaute-Banner \u00fcber den Zelten<\/figcaption><\/figure>\n<figcaption class=\"blocks-gallery-caption\">Die \u00dcbernachtung auf dem Truppen\u00fcbungsplatz wurde nicht gest\u00f6rt<\/figcaption><\/figure>\n\n\n\n<p><strong>Material zur Vorbereitung der Aktion<\/strong><\/p>\n\n\n\n<figure class=\"wp-block-gallery has-nested-images columns-default is-cropped wp-block-gallery-3 is-layout-flex wp-block-gallery-is-layout-flex\">\n<figure class=\"wp-block-image size-medium\"><a href=\"https:\/\/www.lebenslaute.net\/wp-content\/uploads\/2022\/03\/Flugblatt-2-scaled.jpg\" target=\"_blank\" rel=\"noopener\"><img loading=\"lazy\" decoding=\"async\" width=\"724\" height=\"1024\" data-id=\"8389\" src=\"https:\/\/www.lebenslaute.net\/wp-content\/uploads\/2022\/03\/Flugblatt-2-724x1024.jpg\" alt=\"\" class=\"wp-image-8389\" srcset=\"https:\/\/www.lebenslaute.net\/wp-content\/uploads\/2022\/03\/Flugblatt-2-724x1024.jpg 724w, https:\/\/www.lebenslaute.net\/wp-content\/uploads\/2022\/03\/Flugblatt-2-212x300.jpg 212w, https:\/\/www.lebenslaute.net\/wp-content\/uploads\/2022\/03\/Flugblatt-2-768x1086.jpg 768w, https:\/\/www.lebenslaute.net\/wp-content\/uploads\/2022\/03\/Flugblatt-2-1087x1536.jpg 1087w, https:\/\/www.lebenslaute.net\/wp-content\/uploads\/2022\/03\/Flugblatt-2-1449x2048.jpg 1449w, https:\/\/www.lebenslaute.net\/wp-content\/uploads\/2022\/03\/Flugblatt-2-191x270.jpg 191w, https:\/\/www.lebenslaute.net\/wp-content\/uploads\/2022\/03\/Flugblatt-2-scaled.jpg 1811w\" sizes=\"auto, (max-width: 724px) 100vw, 724px\" \/><\/a><\/figure>\n\n\n\n<figure class=\"wp-block-image size-medium\"><a href=\"https:\/\/www.lebenslaute.net\/wp-content\/uploads\/2022\/03\/Flugblatt-1991-scaled.jpg\" target=\"_blank\" rel=\"noopener\"><img loading=\"lazy\" decoding=\"async\" width=\"1024\" height=\"724\" data-id=\"8390\" src=\"https:\/\/www.lebenslaute.net\/wp-content\/uploads\/2022\/03\/Flugblatt-1991-1024x724.jpg\" alt=\"\" class=\"wp-image-8390\" srcset=\"https:\/\/www.lebenslaute.net\/wp-content\/uploads\/2022\/03\/Flugblatt-1991-1024x724.jpg 1024w, https:\/\/www.lebenslaute.net\/wp-content\/uploads\/2022\/03\/Flugblatt-1991-300x212.jpg 300w, https:\/\/www.lebenslaute.net\/wp-content\/uploads\/2022\/03\/Flugblatt-1991-768x543.jpg 768w, https:\/\/www.lebenslaute.net\/wp-content\/uploads\/2022\/03\/Flugblatt-1991-1536x1087.jpg 1536w, https:\/\/www.lebenslaute.net\/wp-content\/uploads\/2022\/03\/Flugblatt-1991-2048x1449.jpg 2048w, https:\/\/www.lebenslaute.net\/wp-content\/uploads\/2022\/03\/Flugblatt-1991-382x270.jpg 382w\" sizes=\"auto, (max-width: 1024px) 100vw, 1024px\" \/><\/a><\/figure>\n\n\n\n<figure class=\"wp-block-image size-medium\"><a href=\"https:\/\/www.lebenslaute.net\/wp-content\/uploads\/2022\/03\/Muensingen-Einladung-scaled.jpg\" target=\"_blank\" rel=\"noopener\"><img loading=\"lazy\" decoding=\"async\" width=\"724\" height=\"1024\" data-id=\"8391\" src=\"https:\/\/www.lebenslaute.net\/wp-content\/uploads\/2022\/03\/Muensingen-Einladung-724x1024.jpg\" alt=\"\" class=\"wp-image-8391\" srcset=\"https:\/\/www.lebenslaute.net\/wp-content\/uploads\/2022\/03\/Muensingen-Einladung-724x1024.jpg 724w, https:\/\/www.lebenslaute.net\/wp-content\/uploads\/2022\/03\/Muensingen-Einladung-212x300.jpg 212w, https:\/\/www.lebenslaute.net\/wp-content\/uploads\/2022\/03\/Muensingen-Einladung-768x1086.jpg 768w, https:\/\/www.lebenslaute.net\/wp-content\/uploads\/2022\/03\/Muensingen-Einladung-1087x1536.jpg 1087w, https:\/\/www.lebenslaute.net\/wp-content\/uploads\/2022\/03\/Muensingen-Einladung-1449x2048.jpg 1449w, https:\/\/www.lebenslaute.net\/wp-content\/uploads\/2022\/03\/Muensingen-Einladung-191x270.jpg 191w, https:\/\/www.lebenslaute.net\/wp-content\/uploads\/2022\/03\/Muensingen-Einladung-scaled.jpg 1811w\" sizes=\"auto, (max-width: 724px) 100vw, 724px\" \/><\/a><\/figure>\n\n\n\n<figure class=\"wp-block-image size-medium\"><a href=\"https:\/\/www.lebenslaute.net\/wp-content\/uploads\/2022\/03\/Muensingen-Flugblatt-scaled.jpg\" target=\"_blank\" rel=\"noopener\"><img loading=\"lazy\" decoding=\"async\" width=\"724\" height=\"1024\" data-id=\"8392\" src=\"https:\/\/www.lebenslaute.net\/wp-content\/uploads\/2022\/03\/Muensingen-Flugblatt-724x1024.jpg\" alt=\"\" class=\"wp-image-8392\" srcset=\"https:\/\/www.lebenslaute.net\/wp-content\/uploads\/2022\/03\/Muensingen-Flugblatt-724x1024.jpg 724w, https:\/\/www.lebenslaute.net\/wp-content\/uploads\/2022\/03\/Muensingen-Flugblatt-212x300.jpg 212w, https:\/\/www.lebenslaute.net\/wp-content\/uploads\/2022\/03\/Muensingen-Flugblatt-768x1086.jpg 768w, https:\/\/www.lebenslaute.net\/wp-content\/uploads\/2022\/03\/Muensingen-Flugblatt-1087x1536.jpg 1087w, https:\/\/www.lebenslaute.net\/wp-content\/uploads\/2022\/03\/Muensingen-Flugblatt-1449x2048.jpg 1449w, https:\/\/www.lebenslaute.net\/wp-content\/uploads\/2022\/03\/Muensingen-Flugblatt-191x270.jpg 191w, https:\/\/www.lebenslaute.net\/wp-content\/uploads\/2022\/03\/Muensingen-Flugblatt-scaled.jpg 1811w\" sizes=\"auto, (max-width: 724px) 100vw, 724px\" \/><\/a><\/figure>\n\n\n\n<figure class=\"wp-block-image size-medium\"><a href=\"https:\/\/www.lebenslaute.net\/wp-content\/uploads\/2022\/03\/91-06-16-Flugi-Muensingen-1-scaled.jpg\" target=\"_blank\" rel=\"noopener\"><img loading=\"lazy\" decoding=\"async\" width=\"213\" height=\"300\" data-id=\"8397\" src=\"https:\/\/www.lebenslaute.net\/wp-content\/uploads\/2022\/03\/91-06-16-Flugi-Muensingen-1-213x300.jpg\" alt=\"\" class=\"wp-image-8397\" srcset=\"https:\/\/www.lebenslaute.net\/wp-content\/uploads\/2022\/03\/91-06-16-Flugi-Muensingen-1-213x300.jpg 213w, https:\/\/www.lebenslaute.net\/wp-content\/uploads\/2022\/03\/91-06-16-Flugi-Muensingen-1-727x1024.jpg 727w, https:\/\/www.lebenslaute.net\/wp-content\/uploads\/2022\/03\/91-06-16-Flugi-Muensingen-1-768x1082.jpg 768w, https:\/\/www.lebenslaute.net\/wp-content\/uploads\/2022\/03\/91-06-16-Flugi-Muensingen-1-1090x1536.jpg 1090w, https:\/\/www.lebenslaute.net\/wp-content\/uploads\/2022\/03\/91-06-16-Flugi-Muensingen-1-1453x2048.jpg 1453w, https:\/\/www.lebenslaute.net\/wp-content\/uploads\/2022\/03\/91-06-16-Flugi-Muensingen-1-192x270.jpg 192w, https:\/\/www.lebenslaute.net\/wp-content\/uploads\/2022\/03\/91-06-16-Flugi-Muensingen-1-scaled.jpg 1816w\" sizes=\"auto, (max-width: 213px) 100vw, 213px\" \/><\/a><\/figure>\n<\/figure>\n","protected":false},"excerpt":{"rendered":"<p>Entr\u00fcstungskonzert f\u00fcr die R\u00fcckgabe des Truppen\u00fcbungsplatzes M\u00fcnsingen an die Bev\u00f6lkerung (Der folgende Bericht st\u00fctzt sich wesentlich auf den Artikel von Barbara Rodi, der nach der Aktion in der Zeitschrift Graswurzelrevolution Nr. 158 erschien) 1895 war der Truppen\u00fcbungsplatz eingerichtet worden. 1914 wurden 150 000 Soldaten im Eildurchlauf kriegsfertig gemacht. Zudem diente der Sperrbezirk als Gefangenenlager. 1939 wurde das Areal ausgeweitet. Die Bev\u00f6lkerung von Gruorn, einem Ort mit 6000 Einwohnerinnen und Einwohnern, musste ihr Dorf verlassen. Nach Ende des Zweiten Weltkrieges wurde&#8230;<\/p>\n<p class=\"read-more\"><a class=\"btn btn-default\" href=\"https:\/\/www.lebenslaute.net\/?page_id=8382\">Weiterlesen<span class=\"screen-reader-text\"> Weiterlesen<\/span><\/a><\/p>\n","protected":false},"author":9,"featured_media":0,"parent":0,"menu_order":0,"comment_status":"closed","ping_status":"closed","template":"","meta":{"footnotes":""},"class_list":["post-8382","page","type-page","status-publish","hentry"],"_links":{"self":[{"href":"https:\/\/www.lebenslaute.net\/index.php?rest_route=\/wp\/v2\/pages\/8382","targetHints":{"allow":["GET"]}}],"collection":[{"href":"https:\/\/www.lebenslaute.net\/index.php?rest_route=\/wp\/v2\/pages"}],"about":[{"href":"https:\/\/www.lebenslaute.net\/index.php?rest_route=\/wp\/v2\/types\/page"}],"author":[{"embeddable":true,"href":"https:\/\/www.lebenslaute.net\/index.php?rest_route=\/wp\/v2\/users\/9"}],"replies":[{"embeddable":true,"href":"https:\/\/www.lebenslaute.net\/index.php?rest_route=%2Fwp%2Fv2%2Fcomments&post=8382"}],"version-history":[{"count":7,"href":"https:\/\/www.lebenslaute.net\/index.php?rest_route=\/wp\/v2\/pages\/8382\/revisions"}],"predecessor-version":[{"id":8922,"href":"https:\/\/www.lebenslaute.net\/index.php?rest_route=\/wp\/v2\/pages\/8382\/revisions\/8922"}],"wp:attachment":[{"href":"https:\/\/www.lebenslaute.net\/index.php?rest_route=%2Fwp%2Fv2%2Fmedia&parent=8382"}],"curies":[{"name":"wp","href":"https:\/\/api.w.org\/{rel}","templated":true}]}}