{"id":8401,"date":"2022-03-31T15:45:45","date_gmt":"2022-03-31T13:45:45","guid":{"rendered":"https:\/\/www.lebenslaute.net\/?page_id=8401"},"modified":"2022-04-14T15:58:22","modified_gmt":"2022-04-14T13:58:22","slug":"1990-hanau","status":"publish","type":"page","link":"https:\/\/www.lebenslaute.net\/?page_id=8401","title":{"rendered":"1990 Hanau"},"content":{"rendered":"\n<h2 class=\"wp-block-heading\"><strong>Mit Mozart gegen Mox<\/strong><br><\/h2>\n\n\n\n<p>Mehr als einhundert Musiker*innen versammelten sich am 18. Juni 1990 vor dem Haupttor des Siemens-Brennelementewerks und blockierten f\u00fcr mehrere Stunden die Zufahrt. Die Polizei leitete den Werksverkehr \u00fcber andere Tore um. Ein geplantes Go-in fand nicht statt. Auf dem Lebenslaute-Konto entstand ein Defizit von mehr als 1000 DM. Ein Nachbereitungstreffen im August 1990 kl\u00e4rte die kritischen Punkte. Im Konsens wurde beschlossen, dass lokale Gruppen die Vorbereitung von Aktionen \u00fcbernehmen sollten; ein Verfahren, das sich auf die Dauer aber nicht durchhalten lie\u00df.<\/p>\n\n\n\n<figure class=\"wp-block-gallery has-nested-images columns-default is-cropped wp-block-gallery-1 is-layout-flex wp-block-gallery-is-layout-flex\">\n<figure class=\"wp-block-image size-large\"><a href=\"https:\/\/www.lebenslaute.net\/wp-content\/uploads\/2022\/04\/90-06-18-Plakat-Siemens-Brennelemente-Hanau-scaled.jpg\" target=\"_blank\" rel=\"noopener\"><img loading=\"lazy\" decoding=\"async\" width=\"739\" height=\"1024\" data-id=\"8901\" src=\"https:\/\/www.lebenslaute.net\/wp-content\/uploads\/2022\/04\/90-06-18-Plakat-Siemens-Brennelemente-Hanau-739x1024.jpg\" alt=\"\" class=\"wp-image-8901\" srcset=\"https:\/\/www.lebenslaute.net\/wp-content\/uploads\/2022\/04\/90-06-18-Plakat-Siemens-Brennelemente-Hanau-739x1024.jpg 739w, https:\/\/www.lebenslaute.net\/wp-content\/uploads\/2022\/04\/90-06-18-Plakat-Siemens-Brennelemente-Hanau-216x300.jpg 216w, https:\/\/www.lebenslaute.net\/wp-content\/uploads\/2022\/04\/90-06-18-Plakat-Siemens-Brennelemente-Hanau-768x1064.jpg 768w, https:\/\/www.lebenslaute.net\/wp-content\/uploads\/2022\/04\/90-06-18-Plakat-Siemens-Brennelemente-Hanau-1108x1536.jpg 1108w, https:\/\/www.lebenslaute.net\/wp-content\/uploads\/2022\/04\/90-06-18-Plakat-Siemens-Brennelemente-Hanau-1478x2048.jpg 1478w, https:\/\/www.lebenslaute.net\/wp-content\/uploads\/2022\/04\/90-06-18-Plakat-Siemens-Brennelemente-Hanau-195x270.jpg 195w, https:\/\/www.lebenslaute.net\/wp-content\/uploads\/2022\/04\/90-06-18-Plakat-Siemens-Brennelemente-Hanau-scaled.jpg 1847w\" sizes=\"auto, (max-width: 739px) 100vw, 739px\" \/><\/a><figcaption>Die sich \u00fcberkreuzenden Notenlinien bilden ein X, das das Atomkraftwerk im Hintergrund durchstreicht<\/figcaption><\/figure>\n\n\n\n<figure class=\"wp-block-image size-large\"><a href=\"https:\/\/www.lebenslaute.net\/wp-content\/uploads\/2022\/03\/90-06-18-Hanau_001_1_musik_Hindemith_Trauermusik-scaled.jpg\" target=\"_blank\" rel=\"noopener\"><img loading=\"lazy\" decoding=\"async\" width=\"691\" height=\"1024\" data-id=\"8402\" src=\"https:\/\/www.lebenslaute.net\/wp-content\/uploads\/2022\/03\/90-06-18-Hanau_001_1_musik_Hindemith_Trauermusik-691x1024.jpg\" alt=\"\" class=\"wp-image-8402\" srcset=\"https:\/\/www.lebenslaute.net\/wp-content\/uploads\/2022\/03\/90-06-18-Hanau_001_1_musik_Hindemith_Trauermusik-691x1024.jpg 691w, https:\/\/www.lebenslaute.net\/wp-content\/uploads\/2022\/03\/90-06-18-Hanau_001_1_musik_Hindemith_Trauermusik-202x300.jpg 202w, https:\/\/www.lebenslaute.net\/wp-content\/uploads\/2022\/03\/90-06-18-Hanau_001_1_musik_Hindemith_Trauermusik-768x1138.jpg 768w, https:\/\/www.lebenslaute.net\/wp-content\/uploads\/2022\/03\/90-06-18-Hanau_001_1_musik_Hindemith_Trauermusik-1036x1536.jpg 1036w, https:\/\/www.lebenslaute.net\/wp-content\/uploads\/2022\/03\/90-06-18-Hanau_001_1_musik_Hindemith_Trauermusik-1382x2048.jpg 1382w, https:\/\/www.lebenslaute.net\/wp-content\/uploads\/2022\/03\/90-06-18-Hanau_001_1_musik_Hindemith_Trauermusik-182x270.jpg 182w, https:\/\/www.lebenslaute.net\/wp-content\/uploads\/2022\/03\/90-06-18-Hanau_001_1_musik_Hindemith_Trauermusik-scaled.jpg 1727w\" sizes=\"auto, (max-width: 691px) 100vw, 691px\" \/><\/a><figcaption>Auch Mozarts Requiem wurde angestimmt<\/figcaption><\/figure>\n\n\n\n<figure class=\"wp-block-image size-large\"><a href=\"https:\/\/www.lebenslaute.net\/wp-content\/uploads\/2022\/03\/90-06-18-Hanau_001_2_musik_Mozart_Requiem-scaled.jpg\" target=\"_blank\" rel=\"noopener\"><img loading=\"lazy\" decoding=\"async\" width=\"687\" height=\"1024\" data-id=\"8403\" src=\"https:\/\/www.lebenslaute.net\/wp-content\/uploads\/2022\/03\/90-06-18-Hanau_001_2_musik_Mozart_Requiem-687x1024.jpg\" alt=\"\" class=\"wp-image-8403\" srcset=\"https:\/\/www.lebenslaute.net\/wp-content\/uploads\/2022\/03\/90-06-18-Hanau_001_2_musik_Mozart_Requiem-687x1024.jpg 687w, https:\/\/www.lebenslaute.net\/wp-content\/uploads\/2022\/03\/90-06-18-Hanau_001_2_musik_Mozart_Requiem-201x300.jpg 201w, https:\/\/www.lebenslaute.net\/wp-content\/uploads\/2022\/03\/90-06-18-Hanau_001_2_musik_Mozart_Requiem-768x1145.jpg 768w, https:\/\/www.lebenslaute.net\/wp-content\/uploads\/2022\/03\/90-06-18-Hanau_001_2_musik_Mozart_Requiem-1030x1536.jpg 1030w, https:\/\/www.lebenslaute.net\/wp-content\/uploads\/2022\/03\/90-06-18-Hanau_001_2_musik_Mozart_Requiem-1374x2048.jpg 1374w, https:\/\/www.lebenslaute.net\/wp-content\/uploads\/2022\/03\/90-06-18-Hanau_001_2_musik_Mozart_Requiem-181x270.jpg 181w, https:\/\/www.lebenslaute.net\/wp-content\/uploads\/2022\/03\/90-06-18-Hanau_001_2_musik_Mozart_Requiem-scaled.jpg 1717w\" sizes=\"auto, (max-width: 687px) 100vw, 687px\" \/><\/a><figcaption>Hindemiths Trauermusik erinnerte an die Opfer der Atomtechnologie<\/figcaption><\/figure>\n<\/figure>\n\n\n\n<p><strong>Musikprogramm:<\/strong><\/p>\n\n\n\n<p>W. A. Mozart: Requiem: Requiem aeternam, Kyrie, Dies irae, Agnus Dei, Lux aeterna<br>G. F. H\u00e4ndel: Hornsuite in F aus der Wassermusik<br>J. S. Bach: Kantate &#8220;Zerrei\u00dfet, zersprenget, zertr\u00fcmmert&#8221;, BWV 205<br>Paul Hindemith: Trauermusik f\u00fcr Streichorchester<\/p>\n\n\n\n<p>Aus der Pressemitteilung 1990:<\/p>\n\n\n\n<p>\u201eDie \u2026 aufgef\u00fchrten Werke von G. F. H\u00e4ndel, J. S. Bach, H. Sch\u00fctz und W. Burkhard beziehen sich inhaltlich auf jeweils eines der vier Elemente, die symbolisch f\u00fcr die alternativen Energien Erdw\u00e4rme, Wasserkraft, Wind- und Sonnenenergie stehen. An die Folgen und Opfer der Atomindustrie wird im Requiem von W. A. Mozart so wie in der Trauermusik von P. Hindemith erinnert.\u201c<\/p>\n\n\n\n<p>Chor a cappella: Fanny Hensel: Schweigt der Menschen laute Lust<br>W. Burkhard: Solange die Erde steht, aus der Kantate &#8220;Die Sintflut&#8221;<br>Heinrich Sch\u00fctz: Die Himmel erz\u00e4hlen die Ehre Gottes<br><\/p>\n\n\n\n<p><a href=\"https:\/\/www.lebenslaute.net\/?page_id=8364\">Zur Seite: 1991 Frankfurt\/Main<\/a><br><\/p>\n","protected":false},"excerpt":{"rendered":"<p>Mit Mozart gegen Mox Mehr als einhundert Musiker*innen versammelten sich am 18. Juni 1990 vor dem Haupttor des Siemens-Brennelementewerks und blockierten f\u00fcr mehrere Stunden die Zufahrt. Die Polizei leitete den Werksverkehr \u00fcber andere Tore um. Ein geplantes Go-in fand nicht statt. Auf dem Lebenslaute-Konto entstand ein Defizit von mehr als 1000 DM. Ein Nachbereitungstreffen im August 1990 kl\u00e4rte die kritischen Punkte. Im Konsens wurde beschlossen, dass lokale Gruppen die Vorbereitung von Aktionen \u00fcbernehmen sollten; ein Verfahren, das sich auf die&#8230;<\/p>\n<p class=\"read-more\"><a class=\"btn btn-default\" href=\"https:\/\/www.lebenslaute.net\/?page_id=8401\">Weiterlesen<span class=\"screen-reader-text\"> Weiterlesen<\/span><\/a><\/p>\n","protected":false},"author":9,"featured_media":0,"parent":0,"menu_order":0,"comment_status":"closed","ping_status":"closed","template":"","meta":{"footnotes":""},"class_list":["post-8401","page","type-page","status-publish","hentry"],"_links":{"self":[{"href":"https:\/\/www.lebenslaute.net\/index.php?rest_route=\/wp\/v2\/pages\/8401","targetHints":{"allow":["GET"]}}],"collection":[{"href":"https:\/\/www.lebenslaute.net\/index.php?rest_route=\/wp\/v2\/pages"}],"about":[{"href":"https:\/\/www.lebenslaute.net\/index.php?rest_route=\/wp\/v2\/types\/page"}],"author":[{"embeddable":true,"href":"https:\/\/www.lebenslaute.net\/index.php?rest_route=\/wp\/v2\/users\/9"}],"replies":[{"embeddable":true,"href":"https:\/\/www.lebenslaute.net\/index.php?rest_route=%2Fwp%2Fv2%2Fcomments&post=8401"}],"version-history":[{"count":10,"href":"https:\/\/www.lebenslaute.net\/index.php?rest_route=\/wp\/v2\/pages\/8401\/revisions"}],"predecessor-version":[{"id":8907,"href":"https:\/\/www.lebenslaute.net\/index.php?rest_route=\/wp\/v2\/pages\/8401\/revisions\/8907"}],"wp:attachment":[{"href":"https:\/\/www.lebenslaute.net\/index.php?rest_route=%2Fwp%2Fv2%2Fmedia&parent=8401"}],"curies":[{"name":"wp","href":"https:\/\/api.w.org\/{rel}","templated":true}]}}