{"id":8416,"date":"2022-03-31T16:21:26","date_gmt":"2022-03-31T14:21:26","guid":{"rendered":"https:\/\/www.lebenslaute.net\/?page_id=8416"},"modified":"2022-04-15T11:25:15","modified_gmt":"2022-04-15T09:25:15","slug":"1991-stuttgart","status":"publish","type":"page","link":"https:\/\/www.lebenslaute.net\/?page_id=8416","title":{"rendered":"1991 Stuttgart"},"content":{"rendered":"\n<figure class=\"wp-block-image size-large\"><a href=\"https:\/\/www.lebenslaute.net\/wp-content\/uploads\/2022\/03\/91-02-00-EUCOM-Stuttgart-002_1-scaled.jpg\" target=\"_blank\" rel=\"noopener\"><img loading=\"lazy\" decoding=\"async\" width=\"1024\" height=\"684\" src=\"https:\/\/www.lebenslaute.net\/wp-content\/uploads\/2022\/03\/91-02-00-EUCOM-Stuttgart-002_1-1024x684.jpg\" alt=\"\" class=\"wp-image-8417\" srcset=\"https:\/\/www.lebenslaute.net\/wp-content\/uploads\/2022\/03\/91-02-00-EUCOM-Stuttgart-002_1-1024x684.jpg 1024w, https:\/\/www.lebenslaute.net\/wp-content\/uploads\/2022\/03\/91-02-00-EUCOM-Stuttgart-002_1-300x200.jpg 300w, https:\/\/www.lebenslaute.net\/wp-content\/uploads\/2022\/03\/91-02-00-EUCOM-Stuttgart-002_1-768x513.jpg 768w, https:\/\/www.lebenslaute.net\/wp-content\/uploads\/2022\/03\/91-02-00-EUCOM-Stuttgart-002_1-1536x1026.jpg 1536w, https:\/\/www.lebenslaute.net\/wp-content\/uploads\/2022\/03\/91-02-00-EUCOM-Stuttgart-002_1-2048x1367.jpg 2048w, https:\/\/www.lebenslaute.net\/wp-content\/uploads\/2022\/03\/91-02-00-EUCOM-Stuttgart-002_1-404x270.jpg 404w\" sizes=\"auto, (max-width: 1024px) 100vw, 1024px\" \/><\/a><figcaption>Vor dem EUCOM in Stuttgart versammelte sich eine Menschenmenge sowie Polizei<\/figcaption><\/figure>\n\n\n\n<p>Das EUCOM in der N\u00e4he von Stuttgart ist die Kommandozentrale der USA f\u00fcr Europa. Dort hatte es schon am 29.9.1990 eine Entz\u00e4unungsaktion mit zehn Personen gegeben, am 24.3.1991 gab es eine zweite mit elf Personen, weitere in den folgenden Jahren bis 1996. Diese Aktionen und die darauf folgenden Prozesse gegen die Friedensaktivisten sind in einer gedruckten Dokumentation mit dem Titel \u201eDie EUCOMmunity. Initiative f\u00fcr eine atomwaffenfreie Welt\u201c vom Juli 1997 beschrieben. Herausgeber war Ohne R\u00fcstung Leben und Wolfgang Sternstein, der ma\u00dfgeblich an allen diesen Aktionen beteiligt war. Die S\u00fcdgruppe von Lebenslaute beteiligte sich 1991 aus Emp\u00f6rung gegen den Golfkrieg mit einer Konzertblockade an den Aktionen gegen EUCOM. Als Nachspiel gab es im Februar 1992 Prozesse wegen &#8220;N\u00f6tigung&#8221;.<\/p>\n\n\n\n<figure class=\"wp-block-gallery has-nested-images columns-default is-cropped wp-block-gallery-1 is-layout-flex wp-block-gallery-is-layout-flex\">\n<figure class=\"wp-block-image size-large\"><a href=\"https:\/\/www.lebenslaute.net\/wp-content\/uploads\/2022\/03\/91-02-00-EUCOM-Stuttgart_001_1-scaled.jpg\" target=\"_blank\" rel=\"noopener\"><img loading=\"lazy\" decoding=\"async\" width=\"1024\" height=\"686\" data-id=\"8418\" src=\"https:\/\/www.lebenslaute.net\/wp-content\/uploads\/2022\/03\/91-02-00-EUCOM-Stuttgart_001_1-1024x686.jpg\" alt=\"\" class=\"wp-image-8418\" srcset=\"https:\/\/www.lebenslaute.net\/wp-content\/uploads\/2022\/03\/91-02-00-EUCOM-Stuttgart_001_1-1024x686.jpg 1024w, https:\/\/www.lebenslaute.net\/wp-content\/uploads\/2022\/03\/91-02-00-EUCOM-Stuttgart_001_1-300x201.jpg 300w, https:\/\/www.lebenslaute.net\/wp-content\/uploads\/2022\/03\/91-02-00-EUCOM-Stuttgart_001_1-768x514.jpg 768w, https:\/\/www.lebenslaute.net\/wp-content\/uploads\/2022\/03\/91-02-00-EUCOM-Stuttgart_001_1-1536x1029.jpg 1536w, https:\/\/www.lebenslaute.net\/wp-content\/uploads\/2022\/03\/91-02-00-EUCOM-Stuttgart_001_1-2048x1371.jpg 2048w, https:\/\/www.lebenslaute.net\/wp-content\/uploads\/2022\/03\/91-02-00-EUCOM-Stuttgart_001_1-403x270.jpg 403w\" sizes=\"auto, (max-width: 1024px) 100vw, 1024px\" \/><\/a><figcaption>Auf einem Globus wurde die weltweite Zerst\u00f6rungskraft von EUCOM veranschaulicht<\/figcaption><\/figure>\n\n\n\n<figure class=\"wp-block-image size-large\"><a href=\"https:\/\/www.lebenslaute.net\/wp-content\/uploads\/2022\/03\/91-02-00-EUCOM-Stuttgart_2-heller-scaled.jpg\" target=\"_blank\" rel=\"noopener\"><img loading=\"lazy\" decoding=\"async\" width=\"1024\" height=\"685\" data-id=\"8419\" src=\"https:\/\/www.lebenslaute.net\/wp-content\/uploads\/2022\/03\/91-02-00-EUCOM-Stuttgart_2-heller-1024x685.jpg\" alt=\"\" class=\"wp-image-8419\" srcset=\"https:\/\/www.lebenslaute.net\/wp-content\/uploads\/2022\/03\/91-02-00-EUCOM-Stuttgart_2-heller-1024x685.jpg 1024w, https:\/\/www.lebenslaute.net\/wp-content\/uploads\/2022\/03\/91-02-00-EUCOM-Stuttgart_2-heller-300x201.jpg 300w, https:\/\/www.lebenslaute.net\/wp-content\/uploads\/2022\/03\/91-02-00-EUCOM-Stuttgart_2-heller-768x514.jpg 768w, https:\/\/www.lebenslaute.net\/wp-content\/uploads\/2022\/03\/91-02-00-EUCOM-Stuttgart_2-heller-1536x1027.jpg 1536w, https:\/\/www.lebenslaute.net\/wp-content\/uploads\/2022\/03\/91-02-00-EUCOM-Stuttgart_2-heller-2048x1370.jpg 2048w, https:\/\/www.lebenslaute.net\/wp-content\/uploads\/2022\/03\/91-02-00-EUCOM-Stuttgart_2-heller-404x270.jpg 404w\" sizes=\"auto, (max-width: 1024px) 100vw, 1024px\" \/><\/a><figcaption>Das Konzert ging bis tief in die Nacht<\/figcaption><\/figure>\n\n\n\n<figure class=\"wp-block-image size-large\"><a href=\"https:\/\/www.lebenslaute.net\/wp-content\/uploads\/2022\/03\/91-02-00EUCOM-Stuttgart_001_2-scaled.jpg\" target=\"_blank\" rel=\"noopener\"><img loading=\"lazy\" decoding=\"async\" width=\"1024\" height=\"686\" data-id=\"8420\" src=\"https:\/\/www.lebenslaute.net\/wp-content\/uploads\/2022\/03\/91-02-00EUCOM-Stuttgart_001_2-1024x686.jpg\" alt=\"\" class=\"wp-image-8420\" srcset=\"https:\/\/www.lebenslaute.net\/wp-content\/uploads\/2022\/03\/91-02-00EUCOM-Stuttgart_001_2-1024x686.jpg 1024w, https:\/\/www.lebenslaute.net\/wp-content\/uploads\/2022\/03\/91-02-00EUCOM-Stuttgart_001_2-300x201.jpg 300w, https:\/\/www.lebenslaute.net\/wp-content\/uploads\/2022\/03\/91-02-00EUCOM-Stuttgart_001_2-768x514.jpg 768w, https:\/\/www.lebenslaute.net\/wp-content\/uploads\/2022\/03\/91-02-00EUCOM-Stuttgart_001_2-1536x1029.jpg 1536w, https:\/\/www.lebenslaute.net\/wp-content\/uploads\/2022\/03\/91-02-00EUCOM-Stuttgart_001_2-2048x1372.jpg 2048w, https:\/\/www.lebenslaute.net\/wp-content\/uploads\/2022\/03\/91-02-00EUCOM-Stuttgart_001_2-403x270.jpg 403w\" sizes=\"auto, (max-width: 1024px) 100vw, 1024px\" \/><\/a><\/figure>\n<\/figure>\n\n\n\n<p><strong>Musikprogramm:<\/strong><\/p>\n\n\n\n<p>Antonio Vivaldi: Die vier Jahreszeiten<br>Heinrich Sch\u00fctz: Die mit Tr\u00e4nen s\u00e4en<br>Hanns Eisler: Kantate gegen den Krieg<br>Benjamin Britten: Simple Symphony<\/p>\n","protected":false},"excerpt":{"rendered":"<p>Das EUCOM in der N\u00e4he von Stuttgart ist die Kommandozentrale der USA f\u00fcr Europa. Dort hatte es schon am 29.9.1990 eine Entz\u00e4unungsaktion mit zehn Personen gegeben, am 24.3.1991 gab es eine zweite mit elf Personen, weitere in den folgenden Jahren bis 1996. Diese Aktionen und die darauf folgenden Prozesse gegen die Friedensaktivisten sind in einer gedruckten Dokumentation mit dem Titel \u201eDie EUCOMmunity. Initiative f\u00fcr eine atomwaffenfreie Welt\u201c vom Juli 1997 beschrieben. Herausgeber war Ohne R\u00fcstung Leben und Wolfgang Sternstein, der&#8230;<\/p>\n<p class=\"read-more\"><a class=\"btn btn-default\" href=\"https:\/\/www.lebenslaute.net\/?page_id=8416\">Weiterlesen<span class=\"screen-reader-text\"> Weiterlesen<\/span><\/a><\/p>\n","protected":false},"author":9,"featured_media":0,"parent":0,"menu_order":0,"comment_status":"closed","ping_status":"closed","template":"","meta":{"footnotes":""},"class_list":["post-8416","page","type-page","status-publish","hentry"],"_links":{"self":[{"href":"https:\/\/www.lebenslaute.net\/index.php?rest_route=\/wp\/v2\/pages\/8416","targetHints":{"allow":["GET"]}}],"collection":[{"href":"https:\/\/www.lebenslaute.net\/index.php?rest_route=\/wp\/v2\/pages"}],"about":[{"href":"https:\/\/www.lebenslaute.net\/index.php?rest_route=\/wp\/v2\/types\/page"}],"author":[{"embeddable":true,"href":"https:\/\/www.lebenslaute.net\/index.php?rest_route=\/wp\/v2\/users\/9"}],"replies":[{"embeddable":true,"href":"https:\/\/www.lebenslaute.net\/index.php?rest_route=%2Fwp%2Fv2%2Fcomments&post=8416"}],"version-history":[{"count":4,"href":"https:\/\/www.lebenslaute.net\/index.php?rest_route=\/wp\/v2\/pages\/8416\/revisions"}],"predecessor-version":[{"id":8920,"href":"https:\/\/www.lebenslaute.net\/index.php?rest_route=\/wp\/v2\/pages\/8416\/revisions\/8920"}],"wp:attachment":[{"href":"https:\/\/www.lebenslaute.net\/index.php?rest_route=%2Fwp%2Fv2%2Fmedia&parent=8416"}],"curies":[{"name":"wp","href":"https:\/\/api.w.org\/{rel}","templated":true}]}}