{"id":8433,"date":"2022-03-31T19:31:51","date_gmt":"2022-03-31T17:31:51","guid":{"rendered":"https:\/\/www.lebenslaute.net\/?page_id=8433"},"modified":"2022-03-31T19:31:51","modified_gmt":"2022-03-31T17:31:51","slug":"1990-hannover","status":"publish","type":"page","link":"https:\/\/www.lebenslaute.net\/?page_id=8433","title":{"rendered":"1990 Hannover"},"content":{"rendered":"\n<p><strong>Gegen die ILA (Internationale Luftfahrtausstellung)<\/strong><\/p>\n\n\n\n<p>Schon zu Anfang der 80-er Jahre gab es gro\u00dfe Proteste gegen die Ausstellung von Milit\u00e4relektronik, die zun\u00e4chst in Wiesbaden abgehalten wurde, dann wegen der Proteste nach Hannover ging, von dort jedoch durch massive Demonstrationen und Zivilen Ungehorsam ebenfalls vertrieben wurde und im Jahr darauf in Br\u00fcssel stattfand. 1990 war sie unter dem Namen ILA als \u201eLuftfahrzeugausstellung\u201c wieder in Hannover, auch wenn das Milit\u00e4rger\u00e4t genau so ausgestellt wurde wie fr\u00fcher. Zu den Protesten gegen diese Messe traf sich eine Gruppe von Lebenslaute mit Musik von Mikis Theodorakis und aus der h-moll-Messe von J. S. Bach.<\/p>\n\n\n\n<p>Zu dieser Aktion gibt es eine Anekdote, die uns Uwe Kulda folgenderma\u00dfen schildert:<\/p>\n\n\n\n<p>\u201eUnser Konzert fand vor dem Eingang der Stadthalle statt, als die zur Er\u00f6ffnungsveranstaltung der ILA geladenen G\u00e4ste dort eintrafen. Unser angek\u00fcndigtes Protest-Konzert war auf der gegen\u00fcberliegenden Stra\u00dfenseite genehmigt worden. Wir spielten &#8211; &#8220;wo immer wir wollen&#8221; &#8211;<br>direkt vor dem Eingang, bis uns dann nach der H\u00e4lfte des Programms die Polizei auf die andere Stra\u00dfenseite dr\u00e4ngte. Chor und Orchester intonierten gerade einen mehrstimmigen Satz mit dem Text &#8220;Dona nobis pacem&#8221;. Als die Polizei dann von hinten den Chor zu schieben begann und wir Chors\u00e4nger damit ungewollt die vor uns sitzenden Musiker zum Aufstehen zwangen, konnten wir das St\u00fcck nicht mehr fortsetzen und schwenkten um auf den bekannten Kanon &#8220;Dona nobis pacem&#8221;. Daraufhin sagte der mich behutsam vorw\u00e4rts schiebende Polizist zu mir: &#8220;Ja, so kenne ich das St\u00fcck!&#8221;<br><br>Transkription eines Briefes zum Thema Polizeikontakte bei dieser Aktion:<\/p>\n\n\n\n<p>Hallo K&#8230;!<\/p>\n\n\n\n<p>Gerade bin ich dabei, die ganzen \u201ePolizei\u201c-briefe abzuschicken und einen kriegst Du, weil wir Dich als Polizeisprecherin ausgeguckt haben \u2013 f\u00fcr den 14. tags\u00fcber. Falls so etwas \u00fcberhaupt n\u00f6tig sein wird. Also, wenn Du Lust hast!? Die Vorbereitungen sind in vollem Gange und es haben sich allem Anschein nach auch schon genug Leute angemeldet, soda\u00df wir sogar die h-moll-Messe wirklich machen k\u00f6nnen (teilweise nat\u00fcrlich). Die Probenr\u00e4ume sind auch abgekl\u00e4rt. Fehlt uns noch gutes Wetter und gute Stimmung. Ich habe geh\u00f6rt, da\u00df z. B. Genscher dieses Jahr gar nicht kommt, und dass die Veranstalter schon Schwierigkeiten mit \u201eUnterst\u00fctzern\u201c haben\u2026 Jaja, wir jedenfalls nicht! Finde ich aber toll, da\u00df Du extra kommen wirst!<\/p>\n\n\n\n<p>Viel Spa\u00df in der KURVE und bis dahin (ich habe Euer Programm etc. an alle hann[\u00f6versche] ASten verteilt\u2026) und sch\u00f6ne Gr\u00fc\u00dfe von M&#8230;<\/p>\n\n\n\n<p>P. S. Ich lege noch ein paar Quittungen dazu, weil Helmut (ein Geiger \u2013 ach den kennst Du ja sogar!) soviele Ausgaben hatte.<\/p>\n\n\n\n<p>Reicht aber am Weekend \u2013 falls \u00fcberhaupt schon was auf dem Konto ist\u2026<\/p>\n\n\n\n<p>MF<\/p>\n","protected":false},"excerpt":{"rendered":"<p>Gegen die ILA (Internationale Luftfahrtausstellung) Schon zu Anfang der 80-er Jahre gab es gro\u00dfe Proteste gegen die Ausstellung von Milit\u00e4relektronik, die zun\u00e4chst in Wiesbaden abgehalten wurde, dann wegen der Proteste nach Hannover ging, von dort jedoch durch massive Demonstrationen und Zivilen Ungehorsam ebenfalls vertrieben wurde und im Jahr darauf in Br\u00fcssel stattfand. 1990 war sie unter dem Namen ILA als \u201eLuftfahrzeugausstellung\u201c wieder in Hannover, auch wenn das Milit\u00e4rger\u00e4t genau so ausgestellt wurde wie fr\u00fcher. Zu den Protesten gegen diese Messe&#8230;<\/p>\n<p class=\"read-more\"><a class=\"btn btn-default\" href=\"https:\/\/www.lebenslaute.net\/?page_id=8433\">Weiterlesen<span class=\"screen-reader-text\"> Weiterlesen<\/span><\/a><\/p>\n","protected":false},"author":9,"featured_media":0,"parent":0,"menu_order":0,"comment_status":"closed","ping_status":"closed","template":"","meta":{"footnotes":""},"class_list":["post-8433","page","type-page","status-publish","hentry"],"_links":{"self":[{"href":"https:\/\/www.lebenslaute.net\/index.php?rest_route=\/wp\/v2\/pages\/8433","targetHints":{"allow":["GET"]}}],"collection":[{"href":"https:\/\/www.lebenslaute.net\/index.php?rest_route=\/wp\/v2\/pages"}],"about":[{"href":"https:\/\/www.lebenslaute.net\/index.php?rest_route=\/wp\/v2\/types\/page"}],"author":[{"embeddable":true,"href":"https:\/\/www.lebenslaute.net\/index.php?rest_route=\/wp\/v2\/users\/9"}],"replies":[{"embeddable":true,"href":"https:\/\/www.lebenslaute.net\/index.php?rest_route=%2Fwp%2Fv2%2Fcomments&post=8433"}],"version-history":[{"count":1,"href":"https:\/\/www.lebenslaute.net\/index.php?rest_route=\/wp\/v2\/pages\/8433\/revisions"}],"predecessor-version":[{"id":8434,"href":"https:\/\/www.lebenslaute.net\/index.php?rest_route=\/wp\/v2\/pages\/8433\/revisions\/8434"}],"wp:attachment":[{"href":"https:\/\/www.lebenslaute.net\/index.php?rest_route=%2Fwp%2Fv2%2Fmedia&parent=8433"}],"curies":[{"name":"wp","href":"https:\/\/api.w.org\/{rel}","templated":true}]}}