{"id":8475,"date":"2022-04-06T08:33:50","date_gmt":"2022-04-06T06:33:50","guid":{"rendered":"https:\/\/www.lebenslaute.net\/?page_id=8475"},"modified":"2022-04-15T11:31:59","modified_gmt":"2022-04-15T09:31:59","slug":"1994-gorleben","status":"publish","type":"page","link":"https:\/\/www.lebenslaute.net\/?page_id=8475","title":{"rendered":"1994 Gorleben"},"content":{"rendered":"\n<figure class=\"wp-block-image size-large\"><a href=\"https:\/\/www.lebenslaute.net\/wp-content\/uploads\/2022\/04\/02-1994-Groleben-Panorama-scaled.jpg\" target=\"_blank\" rel=\"noopener\"><img loading=\"lazy\" decoding=\"async\" width=\"1024\" height=\"343\" src=\"https:\/\/www.lebenslaute.net\/wp-content\/uploads\/2022\/04\/02-1994-Groleben-Panorama-1024x343.jpg\" alt=\"\" class=\"wp-image-8476\" srcset=\"https:\/\/www.lebenslaute.net\/wp-content\/uploads\/2022\/04\/02-1994-Groleben-Panorama-1024x343.jpg 1024w, https:\/\/www.lebenslaute.net\/wp-content\/uploads\/2022\/04\/02-1994-Groleben-Panorama-300x101.jpg 300w, https:\/\/www.lebenslaute.net\/wp-content\/uploads\/2022\/04\/02-1994-Groleben-Panorama-768x258.jpg 768w, https:\/\/www.lebenslaute.net\/wp-content\/uploads\/2022\/04\/02-1994-Groleben-Panorama-1536x515.jpg 1536w, https:\/\/www.lebenslaute.net\/wp-content\/uploads\/2022\/04\/02-1994-Groleben-Panorama-2048x687.jpg 2048w, https:\/\/www.lebenslaute.net\/wp-content\/uploads\/2022\/04\/02-1994-Groleben-Panorama-604x203.jpg 604w\" sizes=\"auto, (max-width: 1024px) 100vw, 1024px\" \/><\/a><\/figure>\n\n\n\n<p>Am 19.8.1994 blockierte Lebenslaute zum ersten Mal musikalisch das Zwischenlager f\u00fcr atomare Abf\u00e4lle in Gorleben. Die Aktion wurde von den Aktiven aus dem Widerstand professionell unterst\u00fctzt: Eine sch\u00f6nere Pressemappe hat es nicht wieder gegeben. Au\u00dferdem gab es ein 24 Seiten starkes \u201eAktionshandbuch\u201c, eine Brosch\u00fcre im A5-Format, in der Informationen zum Thema, zur Gegend und vor allem zum Zivilen Ungehorsam und zur Basisdemokratie sowie zu m\u00f6glichen Rechtsfolgen zu lesen waren. Die Aktion fiel in eine Zeit, als der erste Castor-Transport nach Gorleben bevorstand, Lebenslaute kam also gerade zur rechten Zeit. Eine ganze Woche, von Sonntag bis Sonntag, war f\u00fcr die Aktion vorgesehen; das umfasste auch Stra\u00dfenmusik in verschiedenen Orten. Am Freitag ab 8 Uhr wurde das Haupttor dicht gemacht, der Samstag war f\u00fcr die Auswertung und Feiern gedacht, und erst am Sonntag war Abreise.<\/p>\n\n\n\n<p>Es war schon 14 Uhr, als Lebenslaute die Blockade eskalierte und mittels Leitern in das Zwischenlager eindrang. Diese Aktion wurde sp\u00e4ter kontrovers diskutiert: War das wirklich n\u00f6tig? Welches Zeichen wurde damit gesetzt? War es wirklich gewaltfrei, mitten in die Gruppe der Wachleute hineinzuspringen? Aber es ergab sich auf diese Weise die Gelegenheit, das Konzert in das Gel\u00e4nde hineinzutragen.<\/p>\n\n\n\n<figure class=\"wp-block-gallery has-nested-images columns-default is-cropped wp-block-gallery-1 is-layout-flex wp-block-gallery-is-layout-flex\">\n<figure class=\"wp-block-image size-large\"><a href=\"https:\/\/www.lebenslaute.net\/wp-content\/uploads\/2022\/04\/01.Gorleben-Konzert-scaled.jpg\" target=\"_blank\" rel=\"noopener\"><img loading=\"lazy\" decoding=\"async\" width=\"1024\" height=\"695\" data-id=\"8477\" src=\"https:\/\/www.lebenslaute.net\/wp-content\/uploads\/2022\/04\/01.Gorleben-Konzert-1024x695.jpg\" alt=\"\" class=\"wp-image-8477\" srcset=\"https:\/\/www.lebenslaute.net\/wp-content\/uploads\/2022\/04\/01.Gorleben-Konzert-1024x695.jpg 1024w, https:\/\/www.lebenslaute.net\/wp-content\/uploads\/2022\/04\/01.Gorleben-Konzert-300x204.jpg 300w, https:\/\/www.lebenslaute.net\/wp-content\/uploads\/2022\/04\/01.Gorleben-Konzert-768x521.jpg 768w, https:\/\/www.lebenslaute.net\/wp-content\/uploads\/2022\/04\/01.Gorleben-Konzert-1536x1043.jpg 1536w, https:\/\/www.lebenslaute.net\/wp-content\/uploads\/2022\/04\/01.Gorleben-Konzert-2048x1390.jpg 2048w, https:\/\/www.lebenslaute.net\/wp-content\/uploads\/2022\/04\/01.Gorleben-Konzert-398x270.jpg 398w\" sizes=\"auto, (max-width: 1024px) 100vw, 1024px\" \/><\/a><figcaption>Vor dem gewaltigen Stahltor baute sich das Orchester auf<\/figcaption><\/figure>\n\n\n\n<figure class=\"wp-block-image size-large\"><a href=\"https:\/\/www.lebenslaute.net\/wp-content\/uploads\/2022\/04\/02-Gorleben-Konzert-scaled.jpg\" target=\"_blank\" rel=\"noopener\"><img loading=\"lazy\" decoding=\"async\" width=\"1024\" height=\"698\" data-id=\"8478\" src=\"https:\/\/www.lebenslaute.net\/wp-content\/uploads\/2022\/04\/02-Gorleben-Konzert-1024x698.jpg\" alt=\"\" class=\"wp-image-8478\" srcset=\"https:\/\/www.lebenslaute.net\/wp-content\/uploads\/2022\/04\/02-Gorleben-Konzert-1024x698.jpg 1024w, https:\/\/www.lebenslaute.net\/wp-content\/uploads\/2022\/04\/02-Gorleben-Konzert-300x205.jpg 300w, https:\/\/www.lebenslaute.net\/wp-content\/uploads\/2022\/04\/02-Gorleben-Konzert-768x524.jpg 768w, https:\/\/www.lebenslaute.net\/wp-content\/uploads\/2022\/04\/02-Gorleben-Konzert-1536x1047.jpg 1536w, https:\/\/www.lebenslaute.net\/wp-content\/uploads\/2022\/04\/02-Gorleben-Konzert-2048x1396.jpg 2048w, https:\/\/www.lebenslaute.net\/wp-content\/uploads\/2022\/04\/02-Gorleben-Konzert-396x270.jpg 396w\" sizes=\"auto, (max-width: 1024px) 100vw, 1024px\" \/><\/a><figcaption>Zeltbahnen sch\u00fctzten vor der Witterung<\/figcaption><\/figure>\n\n\n\n<figure class=\"wp-block-image size-large\"><a href=\"https:\/\/www.lebenslaute.net\/wp-content\/uploads\/2022\/04\/04-Gorleben-Konzert-scaled.jpg\" target=\"_blank\" rel=\"noopener\"><img loading=\"lazy\" decoding=\"async\" width=\"1024\" height=\"694\" data-id=\"8479\" src=\"https:\/\/www.lebenslaute.net\/wp-content\/uploads\/2022\/04\/04-Gorleben-Konzert-1024x694.jpg\" alt=\"\" class=\"wp-image-8479\" srcset=\"https:\/\/www.lebenslaute.net\/wp-content\/uploads\/2022\/04\/04-Gorleben-Konzert-1024x694.jpg 1024w, https:\/\/www.lebenslaute.net\/wp-content\/uploads\/2022\/04\/04-Gorleben-Konzert-300x203.jpg 300w, https:\/\/www.lebenslaute.net\/wp-content\/uploads\/2022\/04\/04-Gorleben-Konzert-768x521.jpg 768w, https:\/\/www.lebenslaute.net\/wp-content\/uploads\/2022\/04\/04-Gorleben-Konzert-1536x1042.jpg 1536w, https:\/\/www.lebenslaute.net\/wp-content\/uploads\/2022\/04\/04-Gorleben-Konzert-2048x1389.jpg 2048w, https:\/\/www.lebenslaute.net\/wp-content\/uploads\/2022\/04\/04-Gorleben-Konzert-398x270.jpg 398w\" sizes=\"auto, (max-width: 1024px) 100vw, 1024px\" \/><\/a><figcaption>Das Publikum war zahlreich<\/figcaption><\/figure>\n<figcaption class=\"blocks-gallery-caption\">Die Konzertsituation bis 14 Uhr<\/figcaption><\/figure>\n\n\n\n<figure class=\"wp-block-gallery has-nested-images columns-default is-cropped wp-block-gallery-2 is-layout-flex wp-block-gallery-is-layout-flex\">\n<figure class=\"wp-block-image size-large\"><a href=\"https:\/\/www.lebenslaute.net\/wp-content\/uploads\/2022\/04\/31-Eskalation-scaled.jpg\" target=\"_blank\" rel=\"noopener\"><img loading=\"lazy\" decoding=\"async\" width=\"699\" height=\"1024\" data-id=\"8480\" src=\"https:\/\/www.lebenslaute.net\/wp-content\/uploads\/2022\/04\/31-Eskalation-699x1024.jpg\" alt=\"\" class=\"wp-image-8480\" srcset=\"https:\/\/www.lebenslaute.net\/wp-content\/uploads\/2022\/04\/31-Eskalation-699x1024.jpg 699w, https:\/\/www.lebenslaute.net\/wp-content\/uploads\/2022\/04\/31-Eskalation-205x300.jpg 205w, https:\/\/www.lebenslaute.net\/wp-content\/uploads\/2022\/04\/31-Eskalation-768x1124.jpg 768w, https:\/\/www.lebenslaute.net\/wp-content\/uploads\/2022\/04\/31-Eskalation-1049x1536.jpg 1049w, https:\/\/www.lebenslaute.net\/wp-content\/uploads\/2022\/04\/31-Eskalation-1399x2048.jpg 1399w, https:\/\/www.lebenslaute.net\/wp-content\/uploads\/2022\/04\/31-Eskalation-184x270.jpg 184w, https:\/\/www.lebenslaute.net\/wp-content\/uploads\/2022\/04\/31-Eskalation-scaled.jpg 1749w\" sizes=\"auto, (max-width: 699px) 100vw, 699px\" \/><\/a><figcaption>Versuch, die Wachleute vom Schlagstockeinsatz abzuhalten<\/figcaption><\/figure>\n\n\n\n<figure class=\"wp-block-image size-large\"><a href=\"https:\/\/www.lebenslaute.net\/wp-content\/uploads\/2022\/04\/32-Eskalation-scaled.jpg\" target=\"_blank\" rel=\"noopener\"><img loading=\"lazy\" decoding=\"async\" width=\"696\" height=\"1024\" data-id=\"8481\" src=\"https:\/\/www.lebenslaute.net\/wp-content\/uploads\/2022\/04\/32-Eskalation-696x1024.jpg\" alt=\"\" class=\"wp-image-8481\" srcset=\"https:\/\/www.lebenslaute.net\/wp-content\/uploads\/2022\/04\/32-Eskalation-696x1024.jpg 696w, https:\/\/www.lebenslaute.net\/wp-content\/uploads\/2022\/04\/32-Eskalation-204x300.jpg 204w, https:\/\/www.lebenslaute.net\/wp-content\/uploads\/2022\/04\/32-Eskalation-768x1129.jpg 768w, https:\/\/www.lebenslaute.net\/wp-content\/uploads\/2022\/04\/32-Eskalation-1045x1536.jpg 1045w, https:\/\/www.lebenslaute.net\/wp-content\/uploads\/2022\/04\/32-Eskalation-1393x2048.jpg 1393w, https:\/\/www.lebenslaute.net\/wp-content\/uploads\/2022\/04\/32-Eskalation-184x270.jpg 184w, https:\/\/www.lebenslaute.net\/wp-content\/uploads\/2022\/04\/32-Eskalation-scaled.jpg 1741w\" sizes=\"auto, (max-width: 696px) 100vw, 696px\" \/><\/a><figcaption>Welcher Fu\u00df steht da auf welchem Bein?<\/figcaption><\/figure>\n\n\n\n<figure class=\"wp-block-image size-large\"><a href=\"https:\/\/www.lebenslaute.net\/wp-content\/uploads\/2022\/04\/41-Eskalation-scaled.jpg\" target=\"_blank\" rel=\"noopener\"><img loading=\"lazy\" decoding=\"async\" width=\"1024\" height=\"683\" data-id=\"8482\" src=\"https:\/\/www.lebenslaute.net\/wp-content\/uploads\/2022\/04\/41-Eskalation-1024x683.jpg\" alt=\"\" class=\"wp-image-8482\" srcset=\"https:\/\/www.lebenslaute.net\/wp-content\/uploads\/2022\/04\/41-Eskalation-1024x683.jpg 1024w, https:\/\/www.lebenslaute.net\/wp-content\/uploads\/2022\/04\/41-Eskalation-300x200.jpg 300w, https:\/\/www.lebenslaute.net\/wp-content\/uploads\/2022\/04\/41-Eskalation-768x512.jpg 768w, https:\/\/www.lebenslaute.net\/wp-content\/uploads\/2022\/04\/41-Eskalation-1536x1024.jpg 1536w, https:\/\/www.lebenslaute.net\/wp-content\/uploads\/2022\/04\/41-Eskalation-2048x1366.jpg 2048w, https:\/\/www.lebenslaute.net\/wp-content\/uploads\/2022\/04\/41-Eskalation-405x270.jpg 405w\" sizes=\"auto, (max-width: 1024px) 100vw, 1024px\" \/><\/a><figcaption>\u00dcberwinden des vorderen Tors<\/figcaption><\/figure>\n\n\n\n<figure class=\"wp-block-image size-large\"><a href=\"https:\/\/www.lebenslaute.net\/wp-content\/uploads\/2022\/04\/47.Eskalation-scaled.jpg\" target=\"_blank\" rel=\"noopener\"><img loading=\"lazy\" decoding=\"async\" width=\"1024\" height=\"700\" data-id=\"8483\" src=\"https:\/\/www.lebenslaute.net\/wp-content\/uploads\/2022\/04\/47.Eskalation-1024x700.jpg\" alt=\"\" class=\"wp-image-8483\" srcset=\"https:\/\/www.lebenslaute.net\/wp-content\/uploads\/2022\/04\/47.Eskalation-1024x700.jpg 1024w, https:\/\/www.lebenslaute.net\/wp-content\/uploads\/2022\/04\/47.Eskalation-300x205.jpg 300w, https:\/\/www.lebenslaute.net\/wp-content\/uploads\/2022\/04\/47.Eskalation-768x525.jpg 768w, https:\/\/www.lebenslaute.net\/wp-content\/uploads\/2022\/04\/47.Eskalation-1536x1050.jpg 1536w, https:\/\/www.lebenslaute.net\/wp-content\/uploads\/2022\/04\/47.Eskalation-2048x1399.jpg 2048w, https:\/\/www.lebenslaute.net\/wp-content\/uploads\/2022\/04\/47.Eskalation-395x270.jpg 395w\" sizes=\"auto, (max-width: 1024px) 100vw, 1024px\" \/><\/a><figcaption>Die staunende Menschenmenge<\/figcaption><\/figure>\n\n\n\n<figure class=\"wp-block-image size-large\"><a href=\"https:\/\/www.lebenslaute.net\/wp-content\/uploads\/2022\/04\/48-Eskalation-scaled.jpg\" target=\"_blank\" rel=\"noopener\"><img loading=\"lazy\" decoding=\"async\" width=\"1024\" height=\"697\" data-id=\"8484\" src=\"https:\/\/www.lebenslaute.net\/wp-content\/uploads\/2022\/04\/48-Eskalation-1024x697.jpg\" alt=\"\" class=\"wp-image-8484\" srcset=\"https:\/\/www.lebenslaute.net\/wp-content\/uploads\/2022\/04\/48-Eskalation-1024x697.jpg 1024w, https:\/\/www.lebenslaute.net\/wp-content\/uploads\/2022\/04\/48-Eskalation-300x204.jpg 300w, https:\/\/www.lebenslaute.net\/wp-content\/uploads\/2022\/04\/48-Eskalation-768x522.jpg 768w, https:\/\/www.lebenslaute.net\/wp-content\/uploads\/2022\/04\/48-Eskalation-1536x1045.jpg 1536w, https:\/\/www.lebenslaute.net\/wp-content\/uploads\/2022\/04\/48-Eskalation-2048x1393.jpg 2048w, https:\/\/www.lebenslaute.net\/wp-content\/uploads\/2022\/04\/48-Eskalation-397x270.jpg 397w\" sizes=\"auto, (max-width: 1024px) 100vw, 1024px\" \/><\/a><figcaption>Blick vom inneren Stahltor auf das \u00e4u\u00dfere<\/figcaption><\/figure>\n\n\n\n<figure class=\"wp-block-image size-large\"><a href=\"https:\/\/www.lebenslaute.net\/wp-content\/uploads\/2022\/04\/49-Eskalation-scaled.jpg\" target=\"_blank\" rel=\"noopener\"><img loading=\"lazy\" decoding=\"async\" width=\"1024\" height=\"557\" data-id=\"8485\" src=\"https:\/\/www.lebenslaute.net\/wp-content\/uploads\/2022\/04\/49-Eskalation-1024x557.jpg\" alt=\"\" class=\"wp-image-8485\" srcset=\"https:\/\/www.lebenslaute.net\/wp-content\/uploads\/2022\/04\/49-Eskalation-1024x557.jpg 1024w, https:\/\/www.lebenslaute.net\/wp-content\/uploads\/2022\/04\/49-Eskalation-300x163.jpg 300w, https:\/\/www.lebenslaute.net\/wp-content\/uploads\/2022\/04\/49-Eskalation-768x418.jpg 768w, https:\/\/www.lebenslaute.net\/wp-content\/uploads\/2022\/04\/49-Eskalation-1536x836.jpg 1536w, https:\/\/www.lebenslaute.net\/wp-content\/uploads\/2022\/04\/49-Eskalation-2048x1114.jpg 2048w, https:\/\/www.lebenslaute.net\/wp-content\/uploads\/2022\/04\/49-Eskalation-496x270.jpg 496w\" sizes=\"auto, (max-width: 1024px) 100vw, 1024px\" \/><\/a><figcaption>Abzug<\/figcaption><\/figure>\n<figcaption class=\"blocks-gallery-caption\">Mit Hilfe von Leitern wurden beide Stahltore \u00fcberklettert, eine wahre &#8220;Eskalation&#8221;<\/figcaption><\/figure>\n\n\n\n<figure class=\"wp-block-gallery has-nested-images columns-default is-cropped wp-block-gallery-3 is-layout-flex wp-block-gallery-is-layout-flex\">\n<figure class=\"wp-block-image size-large\"><a href=\"https:\/\/www.lebenslaute.net\/wp-content\/uploads\/2022\/04\/51-Saenger-scaled.jpg\" target=\"_blank\" rel=\"noopener\"><img loading=\"lazy\" decoding=\"async\" width=\"705\" height=\"1024\" data-id=\"8486\" src=\"https:\/\/www.lebenslaute.net\/wp-content\/uploads\/2022\/04\/51-Saenger-705x1024.jpg\" alt=\"\" class=\"wp-image-8486\" srcset=\"https:\/\/www.lebenslaute.net\/wp-content\/uploads\/2022\/04\/51-Saenger-705x1024.jpg 705w, https:\/\/www.lebenslaute.net\/wp-content\/uploads\/2022\/04\/51-Saenger-207x300.jpg 207w, https:\/\/www.lebenslaute.net\/wp-content\/uploads\/2022\/04\/51-Saenger-768x1115.jpg 768w, https:\/\/www.lebenslaute.net\/wp-content\/uploads\/2022\/04\/51-Saenger-1058x1536.jpg 1058w, https:\/\/www.lebenslaute.net\/wp-content\/uploads\/2022\/04\/51-Saenger-1410x2048.jpg 1410w, https:\/\/www.lebenslaute.net\/wp-content\/uploads\/2022\/04\/51-Saenger-186x270.jpg 186w, https:\/\/www.lebenslaute.net\/wp-content\/uploads\/2022\/04\/51-Saenger-scaled.jpg 1763w\" sizes=\"auto, (max-width: 705px) 100vw, 705px\" \/><\/a><\/figure>\n\n\n\n<figure class=\"wp-block-image size-large\"><a href=\"https:\/\/www.lebenslaute.net\/wp-content\/uploads\/2022\/04\/61-Drumherum-scaled.jpg\" target=\"_blank\" rel=\"noopener\"><img loading=\"lazy\" decoding=\"async\" width=\"1024\" height=\"700\" data-id=\"8487\" src=\"https:\/\/www.lebenslaute.net\/wp-content\/uploads\/2022\/04\/61-Drumherum-1024x700.jpg\" alt=\"\" class=\"wp-image-8487\" srcset=\"https:\/\/www.lebenslaute.net\/wp-content\/uploads\/2022\/04\/61-Drumherum-1024x700.jpg 1024w, https:\/\/www.lebenslaute.net\/wp-content\/uploads\/2022\/04\/61-Drumherum-300x205.jpg 300w, https:\/\/www.lebenslaute.net\/wp-content\/uploads\/2022\/04\/61-Drumherum-768x525.jpg 768w, https:\/\/www.lebenslaute.net\/wp-content\/uploads\/2022\/04\/61-Drumherum-1536x1050.jpg 1536w, https:\/\/www.lebenslaute.net\/wp-content\/uploads\/2022\/04\/61-Drumherum-2048x1400.jpg 2048w, https:\/\/www.lebenslaute.net\/wp-content\/uploads\/2022\/04\/61-Drumherum-395x270.jpg 395w\" sizes=\"auto, (max-width: 1024px) 100vw, 1024px\" \/><\/a><\/figure>\n\n\n\n<figure class=\"wp-block-image size-large\"><a href=\"https:\/\/www.lebenslaute.net\/wp-content\/uploads\/2022\/04\/62-Drumherum-scaled.jpg\" target=\"_blank\" rel=\"noopener\"><img loading=\"lazy\" decoding=\"async\" width=\"1024\" height=\"698\" data-id=\"8488\" src=\"https:\/\/www.lebenslaute.net\/wp-content\/uploads\/2022\/04\/62-Drumherum-1024x698.jpg\" alt=\"\" class=\"wp-image-8488\" srcset=\"https:\/\/www.lebenslaute.net\/wp-content\/uploads\/2022\/04\/62-Drumherum-1024x698.jpg 1024w, https:\/\/www.lebenslaute.net\/wp-content\/uploads\/2022\/04\/62-Drumherum-300x204.jpg 300w, https:\/\/www.lebenslaute.net\/wp-content\/uploads\/2022\/04\/62-Drumherum-768x523.jpg 768w, https:\/\/www.lebenslaute.net\/wp-content\/uploads\/2022\/04\/62-Drumherum-1536x1047.jpg 1536w, https:\/\/www.lebenslaute.net\/wp-content\/uploads\/2022\/04\/62-Drumherum-2048x1396.jpg 2048w, https:\/\/www.lebenslaute.net\/wp-content\/uploads\/2022\/04\/62-Drumherum-396x270.jpg 396w\" sizes=\"auto, (max-width: 1024px) 100vw, 1024px\" \/><\/a><\/figure>\n\n\n\n<figure class=\"wp-block-image size-large\"><a href=\"https:\/\/www.lebenslaute.net\/wp-content\/uploads\/2022\/04\/63-Drumherum-scaled.jpg\" target=\"_blank\" rel=\"noopener\"><img loading=\"lazy\" decoding=\"async\" width=\"687\" height=\"1024\" data-id=\"8489\" src=\"https:\/\/www.lebenslaute.net\/wp-content\/uploads\/2022\/04\/63-Drumherum-687x1024.jpg\" alt=\"\" class=\"wp-image-8489\" srcset=\"https:\/\/www.lebenslaute.net\/wp-content\/uploads\/2022\/04\/63-Drumherum-687x1024.jpg 687w, https:\/\/www.lebenslaute.net\/wp-content\/uploads\/2022\/04\/63-Drumherum-201x300.jpg 201w, https:\/\/www.lebenslaute.net\/wp-content\/uploads\/2022\/04\/63-Drumherum-768x1146.jpg 768w, https:\/\/www.lebenslaute.net\/wp-content\/uploads\/2022\/04\/63-Drumherum-1030x1536.jpg 1030w, https:\/\/www.lebenslaute.net\/wp-content\/uploads\/2022\/04\/63-Drumherum-1373x2048.jpg 1373w, https:\/\/www.lebenslaute.net\/wp-content\/uploads\/2022\/04\/63-Drumherum-181x270.jpg 181w, https:\/\/www.lebenslaute.net\/wp-content\/uploads\/2022\/04\/63-Drumherum-scaled.jpg 1716w\" sizes=\"auto, (max-width: 687px) 100vw, 687px\" \/><\/a><\/figure>\n\n\n\n<figure class=\"wp-block-image size-large\"><a href=\"https:\/\/www.lebenslaute.net\/wp-content\/uploads\/2022\/04\/64-Drumherum-scaled.jpg\" target=\"_blank\" rel=\"noopener\"><img loading=\"lazy\" decoding=\"async\" width=\"1024\" height=\"690\" data-id=\"8490\" src=\"https:\/\/www.lebenslaute.net\/wp-content\/uploads\/2022\/04\/64-Drumherum-1024x690.jpg\" alt=\"\" class=\"wp-image-8490\" srcset=\"https:\/\/www.lebenslaute.net\/wp-content\/uploads\/2022\/04\/64-Drumherum-1024x690.jpg 1024w, https:\/\/www.lebenslaute.net\/wp-content\/uploads\/2022\/04\/64-Drumherum-300x202.jpg 300w, https:\/\/www.lebenslaute.net\/wp-content\/uploads\/2022\/04\/64-Drumherum-768x518.jpg 768w, https:\/\/www.lebenslaute.net\/wp-content\/uploads\/2022\/04\/64-Drumherum-1536x1035.jpg 1536w, https:\/\/www.lebenslaute.net\/wp-content\/uploads\/2022\/04\/64-Drumherum-2048x1380.jpg 2048w, https:\/\/www.lebenslaute.net\/wp-content\/uploads\/2022\/04\/64-Drumherum-401x270.jpg 401w\" sizes=\"auto, (max-width: 1024px) 100vw, 1024px\" \/><\/a><\/figure>\n<\/figure>\n\n\n\n<p><br>Das Drumherum war auch nicht schlecht: viele Kinder, Solomusik, Phantasie<\/p>\n\n\n\n<p><strong>Musikprogramm:<\/strong><\/p>\n\n\n\n<p>Kurt En\u00dfle: Ein Sonnengesang f\u00fcr Sopran und Ensemble, nach dem Gedicht \u201eZukunft\u201c von Erich Fried, April 1988<br>C. F. Witt: Suite in F-Dur<br>Johannes Brahms: Ach arme Welt<br>W. A. Mozart: Quintetto VI<br>W. Burkhard: Solange die Erde steht, aus der Kantate \u201eDie Sintflut\u201c<br>S. A. Berg: Warum h\u00f6ren wir nicht auf Kassandra?<br>Th. Jennefelt: Warning to the rich<br>Arvo P\u00e4rt: Solfeggio<br>Georg Philipp Telemann: Konzert f\u00fcr vier Violinen<br><\/p>\n\n\n\n<figure class=\"wp-block-gallery has-nested-images columns-default is-cropped wp-block-gallery-4 is-layout-flex wp-block-gallery-is-layout-flex\">\n<figure class=\"wp-block-image size-large\"><a href=\"https:\/\/www.lebenslaute.net\/wp-content\/uploads\/2022\/04\/Einladung-94-scaled.jpg\" target=\"_blank\" rel=\"noopener\"><img loading=\"lazy\" decoding=\"async\" width=\"724\" height=\"1024\" data-id=\"8491\" src=\"https:\/\/www.lebenslaute.net\/wp-content\/uploads\/2022\/04\/Einladung-94-724x1024.jpg\" alt=\"\" class=\"wp-image-8491\" srcset=\"https:\/\/www.lebenslaute.net\/wp-content\/uploads\/2022\/04\/Einladung-94-724x1024.jpg 724w, https:\/\/www.lebenslaute.net\/wp-content\/uploads\/2022\/04\/Einladung-94-212x300.jpg 212w, https:\/\/www.lebenslaute.net\/wp-content\/uploads\/2022\/04\/Einladung-94-768x1086.jpg 768w, https:\/\/www.lebenslaute.net\/wp-content\/uploads\/2022\/04\/Einladung-94-1087x1536.jpg 1087w, https:\/\/www.lebenslaute.net\/wp-content\/uploads\/2022\/04\/Einladung-94-191x270.jpg 191w, https:\/\/www.lebenslaute.net\/wp-content\/uploads\/2022\/04\/Einladung-94-scaled.jpg 1811w\" sizes=\"auto, (max-width: 724px) 100vw, 724px\" \/><\/a><\/figure>\n\n\n\n<figure class=\"wp-block-image size-large\"><a href=\"https:\/\/www.lebenslaute.net\/wp-content\/uploads\/2022\/04\/Soli-Brief-1997-scaled.jpg\" target=\"_blank\" rel=\"noopener\"><img loading=\"lazy\" decoding=\"async\" width=\"724\" height=\"1024\" data-id=\"8492\" src=\"https:\/\/www.lebenslaute.net\/wp-content\/uploads\/2022\/04\/Soli-Brief-1997-724x1024.jpg\" alt=\"\" class=\"wp-image-8492\" srcset=\"https:\/\/www.lebenslaute.net\/wp-content\/uploads\/2022\/04\/Soli-Brief-1997-724x1024.jpg 724w, https:\/\/www.lebenslaute.net\/wp-content\/uploads\/2022\/04\/Soli-Brief-1997-212x300.jpg 212w, https:\/\/www.lebenslaute.net\/wp-content\/uploads\/2022\/04\/Soli-Brief-1997-768x1086.jpg 768w, https:\/\/www.lebenslaute.net\/wp-content\/uploads\/2022\/04\/Soli-Brief-1997-1087x1536.jpg 1087w, https:\/\/www.lebenslaute.net\/wp-content\/uploads\/2022\/04\/Soli-Brief-1997-1449x2048.jpg 1449w, https:\/\/www.lebenslaute.net\/wp-content\/uploads\/2022\/04\/Soli-Brief-1997-191x270.jpg 191w, https:\/\/www.lebenslaute.net\/wp-content\/uploads\/2022\/04\/Soli-Brief-1997-scaled.jpg 1811w\" sizes=\"auto, (max-width: 724px) 100vw, 724px\" \/><\/a><\/figure>\n<figcaption class=\"blocks-gallery-caption\">Die Vorbereitung fand im Tagungszentrum &#8220;Kurve Wustrow&#8221; statt, mit den Rechtsfolgen war Lebenslaute erst sp\u00e4ter besch\u00e4ftigt<\/figcaption><\/figure>\n","protected":false},"excerpt":{"rendered":"<p>Am 19.8.1994 blockierte Lebenslaute zum ersten Mal musikalisch das Zwischenlager f\u00fcr atomare Abf\u00e4lle in Gorleben. Die Aktion wurde von den Aktiven aus dem Widerstand professionell unterst\u00fctzt: Eine sch\u00f6nere Pressemappe hat es nicht wieder gegeben. Au\u00dferdem gab es ein 24 Seiten starkes \u201eAktionshandbuch\u201c, eine Brosch\u00fcre im A5-Format, in der Informationen zum Thema, zur Gegend und vor allem zum Zivilen Ungehorsam und zur Basisdemokratie sowie zu m\u00f6glichen Rechtsfolgen zu lesen waren. Die Aktion fiel in eine Zeit, als der erste Castor-Transport nach&#8230;<\/p>\n<p class=\"read-more\"><a class=\"btn btn-default\" href=\"https:\/\/www.lebenslaute.net\/?page_id=8475\">Weiterlesen<span class=\"screen-reader-text\"> Weiterlesen<\/span><\/a><\/p>\n","protected":false},"author":9,"featured_media":0,"parent":0,"menu_order":0,"comment_status":"closed","ping_status":"closed","template":"","meta":{"footnotes":""},"class_list":["post-8475","page","type-page","status-publish","hentry"],"_links":{"self":[{"href":"https:\/\/www.lebenslaute.net\/index.php?rest_route=\/wp\/v2\/pages\/8475","targetHints":{"allow":["GET"]}}],"collection":[{"href":"https:\/\/www.lebenslaute.net\/index.php?rest_route=\/wp\/v2\/pages"}],"about":[{"href":"https:\/\/www.lebenslaute.net\/index.php?rest_route=\/wp\/v2\/types\/page"}],"author":[{"embeddable":true,"href":"https:\/\/www.lebenslaute.net\/index.php?rest_route=\/wp\/v2\/users\/9"}],"replies":[{"embeddable":true,"href":"https:\/\/www.lebenslaute.net\/index.php?rest_route=%2Fwp%2Fv2%2Fcomments&post=8475"}],"version-history":[{"count":3,"href":"https:\/\/www.lebenslaute.net\/index.php?rest_route=\/wp\/v2\/pages\/8475\/revisions"}],"predecessor-version":[{"id":8923,"href":"https:\/\/www.lebenslaute.net\/index.php?rest_route=\/wp\/v2\/pages\/8475\/revisions\/8923"}],"wp:attachment":[{"href":"https:\/\/www.lebenslaute.net\/index.php?rest_route=%2Fwp%2Fv2%2Fmedia&parent=8475"}],"curies":[{"name":"wp","href":"https:\/\/api.w.org\/{rel}","templated":true}]}}