{"id":8496,"date":"2022-04-06T13:39:29","date_gmt":"2022-04-06T11:39:29","guid":{"rendered":"https:\/\/www.lebenslaute.net\/?page_id=8496"},"modified":"2022-04-15T11:33:55","modified_gmt":"2022-04-15T09:33:55","slug":"1995-wittstock","status":"publish","type":"page","link":"https:\/\/www.lebenslaute.net\/?page_id=8496","title":{"rendered":"1995 Wittstock"},"content":{"rendered":"\n<h2 class=\"wp-block-heading\"><strong>Lebenslaute statt Bombenget\u00f6se<\/strong><\/h2>\n\n\n\n<p>Zwischen Berlin und Hamburg liegt die Wittstocker Heide. Das Gel\u00e4nde wurde 40 Jahre lang von der Roten Armee als Bombenabwurfplatz genutzt. Nach 1989 zog sich die Rote Armee zur\u00fcck, aber jetzt wollte die Bundeswehr das Gel\u00e4nde haben. Dem Widerstand dagegen schloss sich Lebenslaute an. In der Folge wurde die Wittstocker Heide das meist bespielte Gel\u00e4nde von Lebenslaute. Und der hartn\u00e4ckige Widerstand hatte Erfolg: Schlie\u00dflich wurde die Heide an die umliegenden Gemeinden zur\u00fcck gegeben.<\/p>\n\n\n\n<p>1995 kamen fast f\u00fcnfhundert Leute zur Protestwanderung. Das Konzert fand statt an der einzigen f\u00fcr den \u00f6ffentlichen Verkehr zug\u00e4nglichen Stra\u00dfe, die \u00fcber den Platz f\u00fchrte. Mitten im Programm zogen Orchester und Chor um und luden das Publikum ein, mitzukommen &#8211; einfach ein paar Meter \u00fcber die Platzgrenze! Und das Publikum kam mit!<\/p>\n\n\n\n<p>Als externer Redner f\u00fcr die Protestwanderung konnte der ehemalige Leiter des Pastoralkollegs Templin, Horst Kastner gewonnen werden, auch bekannt als Vater von Angela Merkel. Eine bleibende Erinnerung an den Besuch sollte ein gro\u00dfes Klangspiel sein, das vom Wind zum T\u00f6nen gebracht wurde. Es wurde unter den Augen von Bundeswehr und Polizei in Windeseile aufgebaut. Sp\u00e4ter bauten die Soldaten es allerdings wieder ab und \u00fcbergaben es unbesch\u00e4digt der BI. Es fand einen neuen Platz neben der Mahns\u00e4ule Frankendorf, wo es noch viele Kinder erfreute.<\/p>\n\n\n\n<figure class=\"wp-block-gallery has-nested-images columns-default is-cropped wp-block-gallery-1 is-layout-flex wp-block-gallery-is-layout-flex\">\n<figure class=\"wp-block-image size-large\"><a href=\"https:\/\/www.lebenslaute.net\/wp-content\/uploads\/2022\/04\/000138PW29-Lebenslaute8-95-11-Kasner.jpg\" target=\"_blank\" rel=\"noopener\"><img loading=\"lazy\" decoding=\"async\" width=\"287\" height=\"426\" data-id=\"8511\" src=\"https:\/\/www.lebenslaute.net\/wp-content\/uploads\/2022\/04\/000138PW29-Lebenslaute8-95-11-Kasner.jpg\" alt=\"\" class=\"wp-image-8511\" srcset=\"https:\/\/www.lebenslaute.net\/wp-content\/uploads\/2022\/04\/000138PW29-Lebenslaute8-95-11-Kasner.jpg 287w, https:\/\/www.lebenslaute.net\/wp-content\/uploads\/2022\/04\/000138PW29-Lebenslaute8-95-11-Kasner-202x300.jpg 202w, https:\/\/www.lebenslaute.net\/wp-content\/uploads\/2022\/04\/000138PW29-Lebenslaute8-95-11-Kasner-182x270.jpg 182w\" sizes=\"auto, (max-width: 287px) 100vw, 287px\" \/><\/a><figcaption>Horst Kastner bei seiner Rede vor dem Kontrollturm<\/figcaption><\/figure>\n\n\n\n<figure class=\"wp-block-image size-large\"><a href=\"https:\/\/www.lebenslaute.net\/wp-content\/uploads\/2022\/04\/imm049.jpg\" target=\"_blank\" rel=\"noopener\"><img loading=\"lazy\" decoding=\"async\" width=\"1024\" height=\"685\" data-id=\"8513\" src=\"https:\/\/www.lebenslaute.net\/wp-content\/uploads\/2022\/04\/imm049-1024x685.jpg\" alt=\"\" class=\"wp-image-8513\" srcset=\"https:\/\/www.lebenslaute.net\/wp-content\/uploads\/2022\/04\/imm049-1024x685.jpg 1024w, https:\/\/www.lebenslaute.net\/wp-content\/uploads\/2022\/04\/imm049-300x201.jpg 300w, https:\/\/www.lebenslaute.net\/wp-content\/uploads\/2022\/04\/imm049-768x513.jpg 768w, https:\/\/www.lebenslaute.net\/wp-content\/uploads\/2022\/04\/imm049-1536x1027.jpg 1536w, https:\/\/www.lebenslaute.net\/wp-content\/uploads\/2022\/04\/imm049-404x270.jpg 404w, https:\/\/www.lebenslaute.net\/wp-content\/uploads\/2022\/04\/imm049.jpg 1608w\" sizes=\"auto, (max-width: 1024px) 100vw, 1024px\" \/><\/a><figcaption>Konzert in den Kiefern<\/figcaption><\/figure>\n\n\n\n<figure class=\"wp-block-image size-large\"><a href=\"https:\/\/www.lebenslaute.net\/wp-content\/uploads\/2022\/04\/J1995_33_MQ_199500_Klangspiel.jpg\" target=\"_blank\" rel=\"noopener\"><img loading=\"lazy\" decoding=\"async\" width=\"564\" height=\"388\" data-id=\"8514\" src=\"https:\/\/www.lebenslaute.net\/wp-content\/uploads\/2022\/04\/J1995_33_MQ_199500_Klangspiel.jpg\" alt=\"\" class=\"wp-image-8514\" srcset=\"https:\/\/www.lebenslaute.net\/wp-content\/uploads\/2022\/04\/J1995_33_MQ_199500_Klangspiel.jpg 564w, https:\/\/www.lebenslaute.net\/wp-content\/uploads\/2022\/04\/J1995_33_MQ_199500_Klangspiel-300x206.jpg 300w, https:\/\/www.lebenslaute.net\/wp-content\/uploads\/2022\/04\/J1995_33_MQ_199500_Klangspiel-392x270.jpg 392w\" sizes=\"auto, (max-width: 564px) 100vw, 564px\" \/><\/a><figcaption>Das Klangspiel unter d\u00fcsterem Himmel<\/figcaption><\/figure>\n<\/figure>\n\n\n\n<p><\/p>\n\n\n\n<figure class=\"wp-block-gallery has-nested-images columns-default is-cropped wp-block-gallery-2 is-layout-flex wp-block-gallery-is-layout-flex\">\n<figure class=\"wp-block-image size-large\"><a href=\"https:\/\/www.lebenslaute.net\/wp-content\/uploads\/2022\/04\/Katja-14.1-scaled.jpg\" target=\"_blank\" rel=\"noopener\"><img loading=\"lazy\" decoding=\"async\" width=\"686\" height=\"1024\" data-id=\"8497\" src=\"https:\/\/www.lebenslaute.net\/wp-content\/uploads\/2022\/04\/Katja-14.1-686x1024.jpg\" alt=\"\" class=\"wp-image-8497\" srcset=\"https:\/\/www.lebenslaute.net\/wp-content\/uploads\/2022\/04\/Katja-14.1-686x1024.jpg 686w, https:\/\/www.lebenslaute.net\/wp-content\/uploads\/2022\/04\/Katja-14.1-201x300.jpg 201w, https:\/\/www.lebenslaute.net\/wp-content\/uploads\/2022\/04\/Katja-14.1-768x1146.jpg 768w, https:\/\/www.lebenslaute.net\/wp-content\/uploads\/2022\/04\/Katja-14.1-1029x1536.jpg 1029w, https:\/\/www.lebenslaute.net\/wp-content\/uploads\/2022\/04\/Katja-14.1-1372x2048.jpg 1372w, https:\/\/www.lebenslaute.net\/wp-content\/uploads\/2022\/04\/Katja-14.1-181x270.jpg 181w, https:\/\/www.lebenslaute.net\/wp-content\/uploads\/2022\/04\/Katja-14.1-scaled.jpg 1715w\" sizes=\"auto, (max-width: 686px) 100vw, 686px\" \/><\/a><figcaption>Die Polizei vor der R\u00e4umung<\/figcaption><\/figure>\n\n\n\n<figure class=\"wp-block-image size-large\"><a href=\"https:\/\/www.lebenslaute.net\/wp-content\/uploads\/2022\/04\/Katja-14.2-scaled.jpg\" target=\"_blank\" rel=\"noopener\"><img loading=\"lazy\" decoding=\"async\" width=\"678\" height=\"1024\" data-id=\"8498\" src=\"https:\/\/www.lebenslaute.net\/wp-content\/uploads\/2022\/04\/Katja-14.2-678x1024.jpg\" alt=\"\" class=\"wp-image-8498\" srcset=\"https:\/\/www.lebenslaute.net\/wp-content\/uploads\/2022\/04\/Katja-14.2-678x1024.jpg 678w, https:\/\/www.lebenslaute.net\/wp-content\/uploads\/2022\/04\/Katja-14.2-199x300.jpg 199w, https:\/\/www.lebenslaute.net\/wp-content\/uploads\/2022\/04\/Katja-14.2-768x1160.jpg 768w, https:\/\/www.lebenslaute.net\/wp-content\/uploads\/2022\/04\/Katja-14.2-1017x1536.jpg 1017w, https:\/\/www.lebenslaute.net\/wp-content\/uploads\/2022\/04\/Katja-14.2-1356x2048.jpg 1356w, https:\/\/www.lebenslaute.net\/wp-content\/uploads\/2022\/04\/Katja-14.2-179x270.jpg 179w, https:\/\/www.lebenslaute.net\/wp-content\/uploads\/2022\/04\/Katja-14.2-scaled.jpg 1695w\" sizes=\"auto, (max-width: 678px) 100vw, 678px\" \/><\/a><figcaption>Nach der R\u00e4umung besetzt die Polizei die Stra\u00dfe<\/figcaption><\/figure>\n<figcaption class=\"blocks-gallery-caption\"> Die Fotos sind vom April 1995, das hei\u00dft noch nicht von der Lebenslaute-Aktion.<\/figcaption><\/figure>\n\n\n\n<p>Wie gut die Aktion vorbereitet war, das kann man am Aktionsaufruf erkennen, den Link dazu findet ihr <a href=\"https:\/\/www.lebenslaute.net\/?page_id=8475\">hier.<\/a><\/p>\n\n\n\n<p><strong>Musikprogramm:<\/strong><\/p>\n\n\n\n<p>Hugo Distler: Es geht eine dunkle Wolk herein<br>A. Keller: Hiroshima<br>A. Keller: Lied von der Erde<br>Joseph Haydn: Konzert f\u00fcr Cello und Orchester, Largo<br>G. F. H\u00e4ndel: Concerto grosso op. 6 Nr. 5<br>Uli Klan: Seid Sand, nicht \u00d6l im Getriebe der Welt (Text: G\u00fcnther Eich)<br>Franz Schubert: Ein Satz aus dem Streichtrio D. 471, Allegro<br>L. van Beethoven: Streichtrio Es, op. 3<br>W. A. Mozart: Streichquintet VI<br>Barbara Rodi: Out of Area<br>Uli Klan: Freie-Heide-Lied<\/p>\n\n\n\n<figure class=\"wp-block-gallery has-nested-images columns-default is-cropped wp-block-gallery-3 is-layout-flex wp-block-gallery-is-layout-flex\">\n<figure class=\"wp-block-image size-large\"><a href=\"https:\/\/www.lebenslaute.net\/wp-content\/uploads\/2022\/04\/Programm-95-scaled.jpg\" target=\"_blank\" rel=\"noopener\"><img loading=\"lazy\" decoding=\"async\" width=\"1024\" height=\"724\" data-id=\"8499\" src=\"https:\/\/www.lebenslaute.net\/wp-content\/uploads\/2022\/04\/Programm-95-1024x724.jpg\" alt=\"\" class=\"wp-image-8499\" srcset=\"https:\/\/www.lebenslaute.net\/wp-content\/uploads\/2022\/04\/Programm-95-1024x724.jpg 1024w, https:\/\/www.lebenslaute.net\/wp-content\/uploads\/2022\/04\/Programm-95-300x212.jpg 300w, https:\/\/www.lebenslaute.net\/wp-content\/uploads\/2022\/04\/Programm-95-768x543.jpg 768w, https:\/\/www.lebenslaute.net\/wp-content\/uploads\/2022\/04\/Programm-95-1536x1087.jpg 1536w, https:\/\/www.lebenslaute.net\/wp-content\/uploads\/2022\/04\/Programm-95-382x270.jpg 382w\" sizes=\"auto, (max-width: 1024px) 100vw, 1024px\" \/><\/a><figcaption> Lebenslaute-Aufruf<\/figcaption><\/figure>\n\n\n\n<figure class=\"wp-block-image size-large\"><a href=\"https:\/\/www.lebenslaute.net\/wp-content\/uploads\/2022\/04\/Vorkonzert-scaled.jpg\" target=\"_blank\" rel=\"noopener\"><img loading=\"lazy\" decoding=\"async\" width=\"724\" height=\"1024\" data-id=\"8500\" src=\"https:\/\/www.lebenslaute.net\/wp-content\/uploads\/2022\/04\/Vorkonzert-724x1024.jpg\" alt=\"\" class=\"wp-image-8500\" srcset=\"https:\/\/www.lebenslaute.net\/wp-content\/uploads\/2022\/04\/Vorkonzert-724x1024.jpg 724w, https:\/\/www.lebenslaute.net\/wp-content\/uploads\/2022\/04\/Vorkonzert-212x300.jpg 212w, https:\/\/www.lebenslaute.net\/wp-content\/uploads\/2022\/04\/Vorkonzert-768x1086.jpg 768w, https:\/\/www.lebenslaute.net\/wp-content\/uploads\/2022\/04\/Vorkonzert-1087x1536.jpg 1087w, https:\/\/www.lebenslaute.net\/wp-content\/uploads\/2022\/04\/Vorkonzert-1449x2048.jpg 1449w, https:\/\/www.lebenslaute.net\/wp-content\/uploads\/2022\/04\/Vorkonzert-191x270.jpg 191w, https:\/\/www.lebenslaute.net\/wp-content\/uploads\/2022\/04\/Vorkonzert-scaled.jpg 1811w\" sizes=\"auto, (max-width: 724px) 100vw, 724px\" \/><\/a><figcaption>Flugblatt zum &#8220;Vorkonzert&#8221;<\/figcaption><\/figure>\n<\/figure>\n\n\n\n<p><\/p>\n","protected":false},"excerpt":{"rendered":"<p>Lebenslaute statt Bombenget\u00f6se Zwischen Berlin und Hamburg liegt die Wittstocker Heide. Das Gel\u00e4nde wurde 40 Jahre lang von der Roten Armee als Bombenabwurfplatz genutzt. Nach 1989 zog sich die Rote Armee zur\u00fcck, aber jetzt wollte die Bundeswehr das Gel\u00e4nde haben. Dem Widerstand dagegen schloss sich Lebenslaute an. In der Folge wurde die Wittstocker Heide das meist bespielte Gel\u00e4nde von Lebenslaute. Und der hartn\u00e4ckige Widerstand hatte Erfolg: Schlie\u00dflich wurde die Heide an die umliegenden Gemeinden zur\u00fcck gegeben. 1995 kamen fast f\u00fcnfhundert&#8230;<\/p>\n<p class=\"read-more\"><a class=\"btn btn-default\" href=\"https:\/\/www.lebenslaute.net\/?page_id=8496\">Weiterlesen<span class=\"screen-reader-text\"> Weiterlesen<\/span><\/a><\/p>\n","protected":false},"author":9,"featured_media":0,"parent":0,"menu_order":0,"comment_status":"closed","ping_status":"closed","template":"","meta":{"footnotes":""},"class_list":["post-8496","page","type-page","status-publish","hentry"],"_links":{"self":[{"href":"https:\/\/www.lebenslaute.net\/index.php?rest_route=\/wp\/v2\/pages\/8496","targetHints":{"allow":["GET"]}}],"collection":[{"href":"https:\/\/www.lebenslaute.net\/index.php?rest_route=\/wp\/v2\/pages"}],"about":[{"href":"https:\/\/www.lebenslaute.net\/index.php?rest_route=\/wp\/v2\/types\/page"}],"author":[{"embeddable":true,"href":"https:\/\/www.lebenslaute.net\/index.php?rest_route=\/wp\/v2\/users\/9"}],"replies":[{"embeddable":true,"href":"https:\/\/www.lebenslaute.net\/index.php?rest_route=%2Fwp%2Fv2%2Fcomments&post=8496"}],"version-history":[{"count":8,"href":"https:\/\/www.lebenslaute.net\/index.php?rest_route=\/wp\/v2\/pages\/8496\/revisions"}],"predecessor-version":[{"id":8925,"href":"https:\/\/www.lebenslaute.net\/index.php?rest_route=\/wp\/v2\/pages\/8496\/revisions\/8925"}],"wp:attachment":[{"href":"https:\/\/www.lebenslaute.net\/index.php?rest_route=%2Fwp%2Fv2%2Fmedia&parent=8496"}],"curies":[{"name":"wp","href":"https:\/\/api.w.org\/{rel}","templated":true}]}}