{"id":8530,"date":"2022-04-07T18:05:05","date_gmt":"2022-04-07T16:05:05","guid":{"rendered":"https:\/\/www.lebenslaute.net\/?page_id=8530"},"modified":"2022-04-15T11:37:16","modified_gmt":"2022-04-15T09:37:16","slug":"1998-bielefeld","status":"publish","type":"page","link":"https:\/\/www.lebenslaute.net\/?page_id=8530","title":{"rendered":"1998 Bielefeld"},"content":{"rendered":"\n<h2 class=\"wp-block-heading\"><strong>Sand im Getriebe &#8211; Kein Mensch ist illegal<\/strong><\/h2>\n\n\n\n<figure class=\"wp-block-image size-large\"><a href=\"https:\/\/www.lebenslaute.net\/wp-content\/uploads\/2022\/04\/Fotos-1998-01.1-1.jpg\" target=\"_blank\" rel=\"noopener\"><img loading=\"lazy\" decoding=\"async\" width=\"1024\" height=\"685\" src=\"https:\/\/www.lebenslaute.net\/wp-content\/uploads\/2022\/04\/Fotos-1998-01.1-1-1024x685.jpg\" alt=\"\" class=\"wp-image-8533\" srcset=\"https:\/\/www.lebenslaute.net\/wp-content\/uploads\/2022\/04\/Fotos-1998-01.1-1-1024x685.jpg 1024w, https:\/\/www.lebenslaute.net\/wp-content\/uploads\/2022\/04\/Fotos-1998-01.1-1-300x201.jpg 300w, https:\/\/www.lebenslaute.net\/wp-content\/uploads\/2022\/04\/Fotos-1998-01.1-1-768x514.jpg 768w, https:\/\/www.lebenslaute.net\/wp-content\/uploads\/2022\/04\/Fotos-1998-01.1-1-1536x1028.jpg 1536w, https:\/\/www.lebenslaute.net\/wp-content\/uploads\/2022\/04\/Fotos-1998-01.1-1-404x270.jpg 404w, https:\/\/www.lebenslaute.net\/wp-content\/uploads\/2022\/04\/Fotos-1998-01.1-1.jpg 1553w\" sizes=\"auto, (max-width: 1024px) 100vw, 1024px\" \/><\/a><\/figure>\n\n\n\n<p>Um die Fl\u00fcchtlingspolitik der Beh\u00f6rden zu beeinflussen, veranstaltete Lebenslaute im August 1998 im Foyer des Rathauses Bielefeld ein unangemeldetes Konzert. Die Absicht dabei war weniger, die Arbeit des dort t\u00e4tigen Ausl\u00e4nderamtes zu blockieren, sondern dieses f\u00fcr eine freundliche Behandlung der MigrantInnen zu gewinnen. Daher besuchten die MusikerInnen nach dem Konzert einzelne B\u00fcros, um mit den Menschen dort zu diskutieren. Phantasievoll war das Kunstwerk, das Lebenslaute mitgebracht hatte, eine Illustration zur Musik \u00fcber den Text \u201eSeid Sand, nicht \u00d6l im Getriebe der Welt\u201c von G\u00fcnter Eich.<\/p>\n\n\n\n<figure class=\"wp-block-gallery has-nested-images columns-default is-cropped wp-block-gallery-1 is-layout-flex wp-block-gallery-is-layout-flex\">\n<figure class=\"wp-block-image size-large\"><a href=\"https:\/\/www.lebenslaute.net\/wp-content\/uploads\/2022\/04\/Fotos-1998-03.2-1.jpg\" target=\"_blank\" rel=\"noopener\"><img loading=\"lazy\" decoding=\"async\" width=\"1024\" height=\"745\" data-id=\"8540\" src=\"https:\/\/www.lebenslaute.net\/wp-content\/uploads\/2022\/04\/Fotos-1998-03.2-1-1024x745.jpg\" alt=\"\" class=\"wp-image-8540\" srcset=\"https:\/\/www.lebenslaute.net\/wp-content\/uploads\/2022\/04\/Fotos-1998-03.2-1-1024x745.jpg 1024w, https:\/\/www.lebenslaute.net\/wp-content\/uploads\/2022\/04\/Fotos-1998-03.2-1-300x218.jpg 300w, https:\/\/www.lebenslaute.net\/wp-content\/uploads\/2022\/04\/Fotos-1998-03.2-1-768x559.jpg 768w, https:\/\/www.lebenslaute.net\/wp-content\/uploads\/2022\/04\/Fotos-1998-03.2-1-371x270.jpg 371w, https:\/\/www.lebenslaute.net\/wp-content\/uploads\/2022\/04\/Fotos-1998-03.2-1.jpg 1448w\" sizes=\"auto, (max-width: 1024px) 100vw, 1024px\" \/><\/a><\/figure>\n\n\n\n<figure class=\"wp-block-image size-large\"><a href=\"https:\/\/www.lebenslaute.net\/wp-content\/uploads\/2022\/04\/Fotos-1998-02.2.jpg\" target=\"_blank\" rel=\"noopener\"><img loading=\"lazy\" decoding=\"async\" width=\"1024\" height=\"634\" data-id=\"8537\" src=\"https:\/\/www.lebenslaute.net\/wp-content\/uploads\/2022\/04\/Fotos-1998-02.2-1024x634.jpg\" alt=\"\" class=\"wp-image-8537\" srcset=\"https:\/\/www.lebenslaute.net\/wp-content\/uploads\/2022\/04\/Fotos-1998-02.2-1024x634.jpg 1024w, https:\/\/www.lebenslaute.net\/wp-content\/uploads\/2022\/04\/Fotos-1998-02.2-300x186.jpg 300w, https:\/\/www.lebenslaute.net\/wp-content\/uploads\/2022\/04\/Fotos-1998-02.2-768x476.jpg 768w, https:\/\/www.lebenslaute.net\/wp-content\/uploads\/2022\/04\/Fotos-1998-02.2-436x270.jpg 436w, https:\/\/www.lebenslaute.net\/wp-content\/uploads\/2022\/04\/Fotos-1998-02.2.jpg 1535w\" sizes=\"auto, (max-width: 1024px) 100vw, 1024px\" \/><\/a><\/figure>\n\n\n\n<figure class=\"wp-block-image size-large\"><a href=\"https:\/\/www.lebenslaute.net\/wp-content\/uploads\/2022\/04\/Fotos-1998-03.1.jpg\" target=\"_blank\" rel=\"noopener\"><img loading=\"lazy\" decoding=\"async\" width=\"1024\" height=\"742\" data-id=\"8539\" src=\"https:\/\/www.lebenslaute.net\/wp-content\/uploads\/2022\/04\/Fotos-1998-03.1-1024x742.jpg\" alt=\"\" class=\"wp-image-8539\" srcset=\"https:\/\/www.lebenslaute.net\/wp-content\/uploads\/2022\/04\/Fotos-1998-03.1-1024x742.jpg 1024w, https:\/\/www.lebenslaute.net\/wp-content\/uploads\/2022\/04\/Fotos-1998-03.1-300x217.jpg 300w, https:\/\/www.lebenslaute.net\/wp-content\/uploads\/2022\/04\/Fotos-1998-03.1-768x557.jpg 768w, https:\/\/www.lebenslaute.net\/wp-content\/uploads\/2022\/04\/Fotos-1998-03.1-373x270.jpg 373w, https:\/\/www.lebenslaute.net\/wp-content\/uploads\/2022\/04\/Fotos-1998-03.1.jpg 1438w\" sizes=\"auto, (max-width: 1024px) 100vw, 1024px\" \/><\/a><\/figure>\n\n\n\n<figure class=\"wp-block-image size-large\"><a href=\"https:\/\/www.lebenslaute.net\/wp-content\/uploads\/2022\/04\/Fotos-1998-02.4.jpg\" target=\"_blank\" rel=\"noopener\"><img loading=\"lazy\" decoding=\"async\" width=\"1024\" height=\"716\" data-id=\"8538\" src=\"https:\/\/www.lebenslaute.net\/wp-content\/uploads\/2022\/04\/Fotos-1998-02.4-1024x716.jpg\" alt=\"\" class=\"wp-image-8538\" srcset=\"https:\/\/www.lebenslaute.net\/wp-content\/uploads\/2022\/04\/Fotos-1998-02.4-1024x716.jpg 1024w, https:\/\/www.lebenslaute.net\/wp-content\/uploads\/2022\/04\/Fotos-1998-02.4-300x210.jpg 300w, https:\/\/www.lebenslaute.net\/wp-content\/uploads\/2022\/04\/Fotos-1998-02.4-768x537.jpg 768w, https:\/\/www.lebenslaute.net\/wp-content\/uploads\/2022\/04\/Fotos-1998-02.4-386x270.jpg 386w, https:\/\/www.lebenslaute.net\/wp-content\/uploads\/2022\/04\/Fotos-1998-02.4.jpg 1495w\" sizes=\"auto, (max-width: 1024px) 100vw, 1024px\" \/><\/a><figcaption>Interview mit der Presse<\/figcaption><\/figure>\n\n\n\n<figure class=\"wp-block-image size-large\"><a href=\"https:\/\/www.lebenslaute.net\/wp-content\/uploads\/2022\/04\/Fotos-1998-01.2.jpg\" target=\"_blank\" rel=\"noopener\"><img loading=\"lazy\" decoding=\"async\" width=\"1024\" height=\"748\" data-id=\"8534\" src=\"https:\/\/www.lebenslaute.net\/wp-content\/uploads\/2022\/04\/Fotos-1998-01.2-1024x748.jpg\" alt=\"\" class=\"wp-image-8534\" srcset=\"https:\/\/www.lebenslaute.net\/wp-content\/uploads\/2022\/04\/Fotos-1998-01.2-1024x748.jpg 1024w, https:\/\/www.lebenslaute.net\/wp-content\/uploads\/2022\/04\/Fotos-1998-01.2-300x219.jpg 300w, https:\/\/www.lebenslaute.net\/wp-content\/uploads\/2022\/04\/Fotos-1998-01.2-768x561.jpg 768w, https:\/\/www.lebenslaute.net\/wp-content\/uploads\/2022\/04\/Fotos-1998-01.2-369x270.jpg 369w, https:\/\/www.lebenslaute.net\/wp-content\/uploads\/2022\/04\/Fotos-1998-01.2.jpg 1445w\" sizes=\"auto, (max-width: 1024px) 100vw, 1024px\" \/><\/a><figcaption>Das Kunstwerk &#8220;Seid Sand, nicht \u00d6l im Getriebe der Welt&#8221;<\/figcaption><\/figure>\n\n\n\n<figure class=\"wp-block-image size-large\"><a href=\"https:\/\/www.lebenslaute.net\/wp-content\/uploads\/2022\/04\/Fotos-1998-02.1.jpg\" target=\"_blank\" rel=\"noopener\"><img loading=\"lazy\" decoding=\"async\" width=\"632\" height=\"1024\" data-id=\"8536\" src=\"https:\/\/www.lebenslaute.net\/wp-content\/uploads\/2022\/04\/Fotos-1998-02.1-632x1024.jpg\" alt=\"\" class=\"wp-image-8536\" srcset=\"https:\/\/www.lebenslaute.net\/wp-content\/uploads\/2022\/04\/Fotos-1998-02.1-632x1024.jpg 632w, https:\/\/www.lebenslaute.net\/wp-content\/uploads\/2022\/04\/Fotos-1998-02.1-185x300.jpg 185w, https:\/\/www.lebenslaute.net\/wp-content\/uploads\/2022\/04\/Fotos-1998-02.1-768x1244.jpg 768w, https:\/\/www.lebenslaute.net\/wp-content\/uploads\/2022\/04\/Fotos-1998-02.1-949x1536.jpg 949w, https:\/\/www.lebenslaute.net\/wp-content\/uploads\/2022\/04\/Fotos-1998-02.1-167x270.jpg 167w, https:\/\/www.lebenslaute.net\/wp-content\/uploads\/2022\/04\/Fotos-1998-02.1.jpg 951w\" sizes=\"auto, (max-width: 632px) 100vw, 632px\" \/><\/a><figcaption>Ein Mensch (rechts) ger\u00e4t ins Getriebe, durch den Trichter soll Sand flie\u00dfen, um es aufzuhalten<\/figcaption><\/figure>\n<\/figure>\n\n\n\n<p><strong>Musik: Der Vorschlag aus dem Handbuch umfasste folgende Titel:<\/strong><\/p>\n\n\n\n<p>Heinrich Sch\u00fctz: Wie nun ihr Herren (Psalm 58)<br>Fritz Kreisler: Violinkonzert C-Dur, 2. und 3. Satz<br>Uli Klan: Seid Sand (nach einem Text von G\u00fcnter Eich)<br>Thomas Jennefeldt: Warning to the rich (Text: Jakobsbrief 5,1-6,4-9)<br>Ulrich Klan: Ein Verliebter tr\u00e4umt<br>Kurdisches Lied: Y\u00fcr\u00fcd\u00fck (Wir sind gegangen)<br>Kaybetmedik, unutmadik\u2026 bearb. Ulrich Klan<br>Ruth Schonthal: Streichquartett Nr. 3 \u201eIn memoriam Holocaust\u201c (Erstauff\u00fchrung)<br>Benjamin Britten: Simple Symphony<br>Ernst Toch: Fuge aus der Geographie f\u00fcr sprechenden Chor<\/p>\n\n\n\n<figure class=\"wp-block-gallery has-nested-images columns-default is-cropped wp-block-gallery-2 is-layout-flex wp-block-gallery-is-layout-flex\">\n<figure class=\"wp-block-image size-large\"><a href=\"https:\/\/www.lebenslaute.net\/wp-content\/uploads\/2022\/04\/Aufruf-98-1-scaled.jpg\" target=\"_blank\" rel=\"noopener\"><img loading=\"lazy\" decoding=\"async\" width=\"1024\" height=\"724\" data-id=\"8541\" src=\"https:\/\/www.lebenslaute.net\/wp-content\/uploads\/2022\/04\/Aufruf-98-1-1024x724.jpg\" alt=\"\" class=\"wp-image-8541\" srcset=\"https:\/\/www.lebenslaute.net\/wp-content\/uploads\/2022\/04\/Aufruf-98-1-1024x724.jpg 1024w, https:\/\/www.lebenslaute.net\/wp-content\/uploads\/2022\/04\/Aufruf-98-1-300x212.jpg 300w, https:\/\/www.lebenslaute.net\/wp-content\/uploads\/2022\/04\/Aufruf-98-1-768x543.jpg 768w, https:\/\/www.lebenslaute.net\/wp-content\/uploads\/2022\/04\/Aufruf-98-1-1536x1087.jpg 1536w, https:\/\/www.lebenslaute.net\/wp-content\/uploads\/2022\/04\/Aufruf-98-1-382x270.jpg 382w\" sizes=\"auto, (max-width: 1024px) 100vw, 1024px\" \/><\/a><\/figure>\n\n\n\n<figure class=\"wp-block-image size-large\"><a href=\"https:\/\/www.lebenslaute.net\/wp-content\/uploads\/2022\/04\/Aufruf-98-2-scaled.jpg\" target=\"_blank\" rel=\"noopener\"><img loading=\"lazy\" decoding=\"async\" width=\"1024\" height=\"724\" data-id=\"8542\" src=\"https:\/\/www.lebenslaute.net\/wp-content\/uploads\/2022\/04\/Aufruf-98-2-1024x724.jpg\" alt=\"\" class=\"wp-image-8542\" srcset=\"https:\/\/www.lebenslaute.net\/wp-content\/uploads\/2022\/04\/Aufruf-98-2-1024x724.jpg 1024w, https:\/\/www.lebenslaute.net\/wp-content\/uploads\/2022\/04\/Aufruf-98-2-300x212.jpg 300w, https:\/\/www.lebenslaute.net\/wp-content\/uploads\/2022\/04\/Aufruf-98-2-768x543.jpg 768w, https:\/\/www.lebenslaute.net\/wp-content\/uploads\/2022\/04\/Aufruf-98-2-1536x1087.jpg 1536w, https:\/\/www.lebenslaute.net\/wp-content\/uploads\/2022\/04\/Aufruf-98-2-382x270.jpg 382w\" sizes=\"auto, (max-width: 1024px) 100vw, 1024px\" \/><\/a><\/figure>\n\n\n\n<figure class=\"wp-block-image size-large\"><a href=\"https:\/\/www.lebenslaute.net\/wp-content\/uploads\/2022\/04\/Fotos-1998-02.3.jpg\" target=\"_blank\" rel=\"noopener\"><img loading=\"lazy\" decoding=\"async\" width=\"1024\" height=\"698\" data-id=\"8544\" src=\"https:\/\/www.lebenslaute.net\/wp-content\/uploads\/2022\/04\/Fotos-1998-02.3-1024x698.jpg\" alt=\"\" class=\"wp-image-8544\" srcset=\"https:\/\/www.lebenslaute.net\/wp-content\/uploads\/2022\/04\/Fotos-1998-02.3-1024x698.jpg 1024w, https:\/\/www.lebenslaute.net\/wp-content\/uploads\/2022\/04\/Fotos-1998-02.3-300x205.jpg 300w, https:\/\/www.lebenslaute.net\/wp-content\/uploads\/2022\/04\/Fotos-1998-02.3-768x524.jpg 768w, https:\/\/www.lebenslaute.net\/wp-content\/uploads\/2022\/04\/Fotos-1998-02.3-1536x1047.jpg 1536w, https:\/\/www.lebenslaute.net\/wp-content\/uploads\/2022\/04\/Fotos-1998-02.3-396x270.jpg 396w, https:\/\/www.lebenslaute.net\/wp-content\/uploads\/2022\/04\/Fotos-1998-02.3.jpg 1540w\" sizes=\"auto, (max-width: 1024px) 100vw, 1024px\" \/><\/a><figcaption>Die Evangelische Studentengemeinde stellte f\u00fcr die Vorbereitung ihr Haus zur Verf\u00fcgung<\/figcaption><\/figure>\n<figcaption class=\"blocks-gallery-caption\">Materialien und ein Foto von der Vorbereitung der Aktion<\/figcaption><\/figure>\n\n\n\n<p>Das vollst\u00e4ndige Handbuch zur Aktion ist<a href=\"https:\/\/www.lebenslaute.net\/?attachment_id=8546\"> hier <\/a>zu finden<\/p>\n","protected":false},"excerpt":{"rendered":"<p>Sand im Getriebe &#8211; Kein Mensch ist illegal Um die Fl\u00fcchtlingspolitik der Beh\u00f6rden zu beeinflussen, veranstaltete Lebenslaute im August 1998 im Foyer des Rathauses Bielefeld ein unangemeldetes Konzert. Die Absicht dabei war weniger, die Arbeit des dort t\u00e4tigen Ausl\u00e4nderamtes zu blockieren, sondern dieses f\u00fcr eine freundliche Behandlung der MigrantInnen zu gewinnen. Daher besuchten die MusikerInnen nach dem Konzert einzelne B\u00fcros, um mit den Menschen dort zu diskutieren. Phantasievoll war das Kunstwerk, das Lebenslaute mitgebracht hatte, eine Illustration zur Musik \u00fcber&#8230;<\/p>\n<p class=\"read-more\"><a class=\"btn btn-default\" href=\"https:\/\/www.lebenslaute.net\/?page_id=8530\">Weiterlesen<span class=\"screen-reader-text\"> Weiterlesen<\/span><\/a><\/p>\n","protected":false},"author":9,"featured_media":0,"parent":0,"menu_order":0,"comment_status":"closed","ping_status":"closed","template":"","meta":{"footnotes":""},"class_list":["post-8530","page","type-page","status-publish","hentry"],"_links":{"self":[{"href":"https:\/\/www.lebenslaute.net\/index.php?rest_route=\/wp\/v2\/pages\/8530","targetHints":{"allow":["GET"]}}],"collection":[{"href":"https:\/\/www.lebenslaute.net\/index.php?rest_route=\/wp\/v2\/pages"}],"about":[{"href":"https:\/\/www.lebenslaute.net\/index.php?rest_route=\/wp\/v2\/types\/page"}],"author":[{"embeddable":true,"href":"https:\/\/www.lebenslaute.net\/index.php?rest_route=\/wp\/v2\/users\/9"}],"replies":[{"embeddable":true,"href":"https:\/\/www.lebenslaute.net\/index.php?rest_route=%2Fwp%2Fv2%2Fcomments&post=8530"}],"version-history":[{"count":5,"href":"https:\/\/www.lebenslaute.net\/index.php?rest_route=\/wp\/v2\/pages\/8530\/revisions"}],"predecessor-version":[{"id":8927,"href":"https:\/\/www.lebenslaute.net\/index.php?rest_route=\/wp\/v2\/pages\/8530\/revisions\/8927"}],"wp:attachment":[{"href":"https:\/\/www.lebenslaute.net\/index.php?rest_route=%2Fwp%2Fv2%2Fmedia&parent=8530"}],"curies":[{"name":"wp","href":"https:\/\/api.w.org\/{rel}","templated":true}]}}