{"id":8553,"date":"2022-04-08T09:41:00","date_gmt":"2022-04-08T07:41:00","guid":{"rendered":"https:\/\/www.lebenslaute.net\/?page_id=8553"},"modified":"2022-04-15T11:38:08","modified_gmt":"2022-04-15T09:38:08","slug":"1999-biblis","status":"publish","type":"page","link":"https:\/\/www.lebenslaute.net\/?page_id=8553","title":{"rendered":"1999 Biblis"},"content":{"rendered":"\n<h2 class=\"wp-block-heading\">Abschiedssinfonie f\u00fcr die Atomenergie<\/h2>\n\n\n\n<figure class=\"wp-block-image size-large\"><a href=\"https:\/\/www.lebenslaute.net\/wp-content\/uploads\/2022\/04\/Lebenslaute_Scan_3.jpg\" target=\"_blank\" rel=\"noopener\"><img loading=\"lazy\" decoding=\"async\" width=\"1024\" height=\"714\" src=\"https:\/\/www.lebenslaute.net\/wp-content\/uploads\/2022\/04\/Lebenslaute_Scan_3-1024x714.jpg\" alt=\"\" class=\"wp-image-8554\" srcset=\"https:\/\/www.lebenslaute.net\/wp-content\/uploads\/2022\/04\/Lebenslaute_Scan_3-1024x714.jpg 1024w, https:\/\/www.lebenslaute.net\/wp-content\/uploads\/2022\/04\/Lebenslaute_Scan_3-300x209.jpg 300w, https:\/\/www.lebenslaute.net\/wp-content\/uploads\/2022\/04\/Lebenslaute_Scan_3-768x535.jpg 768w, https:\/\/www.lebenslaute.net\/wp-content\/uploads\/2022\/04\/Lebenslaute_Scan_3-1536x1070.jpg 1536w, https:\/\/www.lebenslaute.net\/wp-content\/uploads\/2022\/04\/Lebenslaute_Scan_3-2048x1427.jpg 2048w, https:\/\/www.lebenslaute.net\/wp-content\/uploads\/2022\/04\/Lebenslaute_Scan_3-387x270.jpg 387w\" sizes=\"auto, (max-width: 1024px) 100vw, 1024px\" \/><\/a><\/figure>\n\n\n\n<p>Der Super-GAU im Atomkraftwerk Tschernobyl hatte die Menschen aufger\u00fcttelt und allen denen Recht gegeben, die schon immer vor der Atomkraft warnten. Lebenslaute schloss sich daher 1999 einer Aktion gegen das Atomkraftwerk Biblis an. Der <a href=\"https:\/\/www.lebenslaute.net\/wp-content\/uploads\/2022\/04\/Aufruf-Biblis.pdf\">Aufruf, <\/a>in bescheidenem Layout gehalten, beschrieb die Lage. Die Konzertblockade war mit 37 TeilnehmerInnen relativ klein, aber die Ermutigung zum gemeinsamen Widerstand sorgte trotzdem f\u00fcr gute Stimmung. Beim Motto stand die witzige \u201eAbschiedssinfonie\u201c von Joseph Haydn Pate. Beim letzten Satz dieser Sinfonie steht ein Musiker nach dem anderen auf und verl\u00e4sst das Podium, so dass der Satz schlie\u00dflich nur noch von zwei Instrumenten zu Ende gespielt wird. Mit einem St\u00fcck wie \u201eEasy Rider\u201c zeigte Lebenslaute einmal mehr, dass man sich nicht dogmatisch auf klassische Musik beschr\u00e4nken wollte. Das endg\u00fcltige <a href=\"https:\/\/www.lebenslaute.net\/wp-content\/uploads\/2022\/04\/Biblis-Konzertprogramm.pdf\">Programm<\/a> wurde wohl erst kurz vor dem Auftritt festgelegt und auf ein Plakat geschrieben. Die Vorbereitung mit einem intensiven Aktionstraining wurde in Darmstadt gemacht, der letzte <a href=\"https:\/\/www.lebenslaute.net\/wp-content\/uploads\/2022\/04\/Biblis-Rundbrief.pdf\">Rundbrief <\/a>vor der Aktion fasst noch einmal die wesentlichen Punkte zusammen.<\/p>\n\n\n\n<p><strong>Musik:<\/strong><\/p>\n\n\n\n<p>Joseph Haydn: Sinfonie Nr. 45 (Abschiedssinfonie)<br>M\u00e4nnerchor: Dr\u00fcck mir zum Abschied<br>Bl\u00e4ser: Easy Rider<br>J. Chr. Bach: Fl\u00f6tenquartett<br>Annegret Keller: Lied von der Erde<br>Joseph Haydn: Zwei Nummern aus dem Oratorium \u201eDie Sch\u00f6pfung\u201c, Nr. 12 und 13 (Die Himmel erz\u00e4hlen die Ehre Gottes)<br>Anti-AKW-Percussion<br>Heinrich Sch\u00fctz: Psalm 58<\/p>\n","protected":false},"excerpt":{"rendered":"<p>Abschiedssinfonie f\u00fcr die Atomenergie Der Super-GAU im Atomkraftwerk Tschernobyl hatte die Menschen aufger\u00fcttelt und allen denen Recht gegeben, die schon immer vor der Atomkraft warnten. Lebenslaute schloss sich daher 1999 einer Aktion gegen das Atomkraftwerk Biblis an. Der Aufruf, in bescheidenem Layout gehalten, beschrieb die Lage. Die Konzertblockade war mit 37 TeilnehmerInnen relativ klein, aber die Ermutigung zum gemeinsamen Widerstand sorgte trotzdem f\u00fcr gute Stimmung. Beim Motto stand die witzige \u201eAbschiedssinfonie\u201c von Joseph Haydn Pate. Beim letzten Satz dieser Sinfonie&#8230;<\/p>\n<p class=\"read-more\"><a class=\"btn btn-default\" href=\"https:\/\/www.lebenslaute.net\/?page_id=8553\">Weiterlesen<span class=\"screen-reader-text\"> Weiterlesen<\/span><\/a><\/p>\n","protected":false},"author":9,"featured_media":0,"parent":0,"menu_order":0,"comment_status":"closed","ping_status":"closed","template":"","meta":{"footnotes":""},"class_list":["post-8553","page","type-page","status-publish","hentry"],"_links":{"self":[{"href":"https:\/\/www.lebenslaute.net\/index.php?rest_route=\/wp\/v2\/pages\/8553","targetHints":{"allow":["GET"]}}],"collection":[{"href":"https:\/\/www.lebenslaute.net\/index.php?rest_route=\/wp\/v2\/pages"}],"about":[{"href":"https:\/\/www.lebenslaute.net\/index.php?rest_route=\/wp\/v2\/types\/page"}],"author":[{"embeddable":true,"href":"https:\/\/www.lebenslaute.net\/index.php?rest_route=\/wp\/v2\/users\/9"}],"replies":[{"embeddable":true,"href":"https:\/\/www.lebenslaute.net\/index.php?rest_route=%2Fwp%2Fv2%2Fcomments&post=8553"}],"version-history":[{"count":4,"href":"https:\/\/www.lebenslaute.net\/index.php?rest_route=\/wp\/v2\/pages\/8553\/revisions"}],"predecessor-version":[{"id":8928,"href":"https:\/\/www.lebenslaute.net\/index.php?rest_route=\/wp\/v2\/pages\/8553\/revisions\/8928"}],"wp:attachment":[{"href":"https:\/\/www.lebenslaute.net\/index.php?rest_route=%2Fwp%2Fv2%2Fmedia&parent=8553"}],"curies":[{"name":"wp","href":"https:\/\/api.w.org\/{rel}","templated":true}]}}