{"id":8564,"date":"2022-04-08T10:36:33","date_gmt":"2022-04-08T08:36:33","guid":{"rendered":"https:\/\/www.lebenslaute.net\/?page_id=8564"},"modified":"2022-04-15T11:39:13","modified_gmt":"2022-04-15T09:39:13","slug":"2000-wittstock","status":"publish","type":"page","link":"https:\/\/www.lebenslaute.net\/?page_id=8564","title":{"rendered":"2000 Wittstock"},"content":{"rendered":"\n<h2 class=\"wp-block-heading\">Lebenslaute in der Freien Heide<\/h2>\n\n\n\n<figure class=\"wp-block-image size-large\"><a href=\"https:\/\/www.lebenslaute.net\/wp-content\/uploads\/2022\/04\/J2000_33_MQ_200000_Tanz-scaled.jpg\" target=\"_blank\" rel=\"noopener\"><img loading=\"lazy\" decoding=\"async\" width=\"1024\" height=\"780\" src=\"https:\/\/www.lebenslaute.net\/wp-content\/uploads\/2022\/04\/J2000_33_MQ_200000_Tanz-1024x780.jpg\" alt=\"\" class=\"wp-image-8565\" srcset=\"https:\/\/www.lebenslaute.net\/wp-content\/uploads\/2022\/04\/J2000_33_MQ_200000_Tanz-1024x780.jpg 1024w, https:\/\/www.lebenslaute.net\/wp-content\/uploads\/2022\/04\/J2000_33_MQ_200000_Tanz-300x229.jpg 300w, https:\/\/www.lebenslaute.net\/wp-content\/uploads\/2022\/04\/J2000_33_MQ_200000_Tanz-768x585.jpg 768w, https:\/\/www.lebenslaute.net\/wp-content\/uploads\/2022\/04\/J2000_33_MQ_200000_Tanz-1536x1170.jpg 1536w, https:\/\/www.lebenslaute.net\/wp-content\/uploads\/2022\/04\/J2000_33_MQ_200000_Tanz-2048x1560.jpg 2048w, https:\/\/www.lebenslaute.net\/wp-content\/uploads\/2022\/04\/J2000_33_MQ_200000_Tanz-354x270.jpg 354w\" sizes=\"auto, (max-width: 1024px) 100vw, 1024px\" \/><\/a><figcaption>Tanz in Neu-Herzberg. In der Mitte (mit Freie-Heide-T-Shirt) der B\u00fcrgermeister von Schweinrich, Helmut Sch\u00f6nberg<\/figcaption><\/figure>\n\n\n\n<p>Im Jahr 2000 war die Auseinandersetzung um die Wittstocker Heide noch keineswegs beendet, und Lebenslaute beschloss, die B\u00fcrgerinitiative und das j\u00e4hrlich stattfindende Aktionscamp ein zweites Mal mit einem Konzert zu unterst\u00fctzen. Erst am Abend vor der Aktion kam die z\u00fcndende Idee f\u00fcr den Ort: Bis zum 17. Jahrhundert hatte auf dem heutigen Milit\u00e4rgel\u00e4nde ein Dorf mit Namen Herzberg gestanden, es war im Drei\u00dfigj\u00e4hrigen Krieg zerst\u00f6rt worden. Lebenslaute gr\u00fcndete also mit Zelten Neu-Herzberg und veranstaltete dort ein Konzert, das sehr umfangreich wurde.<\/p>\n\n\n\n<p><strong>Musikprogramm<\/strong><\/p>\n\n\n\n<p>Benjamin Britten (1913-1976): War Requiem (op. 66) => Auswahl<br>Bob Dylan: Masters of War (bearbeitet von Uli Klan) f\u00fcr Chor und Orchester<br>Uli Klan: Seid Sand, auf einen Text von G\u00fcnter Eich<br>Hanns Eisler (1898-1962): Kriegskantate (op. 65, f\u00fcr Sologesang\/2 B-Klar.\/Va\/Vc)<br>Barbara Rodi: Out of Area (f\u00fcr Sprechgesang mit Percusssion)<br>Uli Klan: Lied der Freien Heide<br>Heinrich Sch\u00fctz (1585-1672): Psalmlied \u201cWie nun, ihr Herren\u201d nach Psalm 58 aus dem \u201cBecker Psalter\u201d<br>Georg Friedrich H\u00e4ndel (1685-1759): Arie \u201eWaffenhandwerk schafft nur Unheil\u201c aus: Das Alexander-Fest oder Die Macht der Musik<br>Johannes Brahms (1833-1897): Serenade in D-Dur (op. 11 Nr. 1) => Auswahl<br>Paul Hindemith (1895-1965): Minimax. Repertorium f\u00fcr Milit\u00e4rmusik (f\u00fcr 4 Stimmen) => Auswahl<br>Mauricio Kagel (*1931): Zehn M\u00e4rsche, um den Sieg zu verfehlen (f\u00fcr Bl\u00e4ser\/Schlagzeug) => Auswahl<\/p>\n","protected":false},"excerpt":{"rendered":"<p>Lebenslaute in der Freien Heide Im Jahr 2000 war die Auseinandersetzung um die Wittstocker Heide noch keineswegs beendet, und Lebenslaute beschloss, die B\u00fcrgerinitiative und das j\u00e4hrlich stattfindende Aktionscamp ein zweites Mal mit einem Konzert zu unterst\u00fctzen. Erst am Abend vor der Aktion kam die z\u00fcndende Idee f\u00fcr den Ort: Bis zum 17. Jahrhundert hatte auf dem heutigen Milit\u00e4rgel\u00e4nde ein Dorf mit Namen Herzberg gestanden, es war im Drei\u00dfigj\u00e4hrigen Krieg zerst\u00f6rt worden. Lebenslaute gr\u00fcndete also mit Zelten Neu-Herzberg und veranstaltete dort&#8230;<\/p>\n<p class=\"read-more\"><a class=\"btn btn-default\" href=\"https:\/\/www.lebenslaute.net\/?page_id=8564\">Weiterlesen<span class=\"screen-reader-text\"> Weiterlesen<\/span><\/a><\/p>\n","protected":false},"author":9,"featured_media":0,"parent":0,"menu_order":0,"comment_status":"closed","ping_status":"closed","template":"","meta":{"footnotes":""},"class_list":["post-8564","page","type-page","status-publish","hentry"],"_links":{"self":[{"href":"https:\/\/www.lebenslaute.net\/index.php?rest_route=\/wp\/v2\/pages\/8564","targetHints":{"allow":["GET"]}}],"collection":[{"href":"https:\/\/www.lebenslaute.net\/index.php?rest_route=\/wp\/v2\/pages"}],"about":[{"href":"https:\/\/www.lebenslaute.net\/index.php?rest_route=\/wp\/v2\/types\/page"}],"author":[{"embeddable":true,"href":"https:\/\/www.lebenslaute.net\/index.php?rest_route=\/wp\/v2\/users\/9"}],"replies":[{"embeddable":true,"href":"https:\/\/www.lebenslaute.net\/index.php?rest_route=%2Fwp%2Fv2%2Fcomments&post=8564"}],"version-history":[{"count":2,"href":"https:\/\/www.lebenslaute.net\/index.php?rest_route=\/wp\/v2\/pages\/8564\/revisions"}],"predecessor-version":[{"id":8929,"href":"https:\/\/www.lebenslaute.net\/index.php?rest_route=\/wp\/v2\/pages\/8564\/revisions\/8929"}],"wp:attachment":[{"href":"https:\/\/www.lebenslaute.net\/index.php?rest_route=%2Fwp%2Fv2%2Fmedia&parent=8564"}],"curies":[{"name":"wp","href":"https:\/\/api.w.org\/{rel}","templated":true}]}}