{"id":8577,"date":"2022-04-09T09:08:50","date_gmt":"2022-04-09T07:08:50","guid":{"rendered":"https:\/\/www.lebenslaute.net\/?page_id=8577"},"modified":"2022-04-15T11:40:40","modified_gmt":"2022-04-15T09:40:40","slug":"2001-stuttgart","status":"publish","type":"page","link":"https:\/\/www.lebenslaute.net\/?page_id=8577","title":{"rendered":"2001 Frankfurt\/Main"},"content":{"rendered":"\n<h2 class=\"wp-block-heading\"><strong>Musik gegen Grenzen<\/strong><\/h2>\n\n\n\n<p><br>Im Juli 2001 fand in Kelsterbach in der N\u00e4he des Flughafens Frankfurt\/Main ein \u201eGrenzcamp\u201c gegen Abschiebungen statt: die willf\u00e4hrige Haltung der Frankfurter Flughafengesellschaft Fraport gegen\u00fcber den W\u00fcnschen der Politik sollte aufs Korn genommen werden. Lebenslaute unterst\u00fctzte die Aktionen des Grenzcamps mit Musik.<\/p>\n\n\n\n<p>Im Vorfeld gab es Demonstrationen in der Frankfurter Innenstadt sowie Verhandlungen zwischen AktivistInnen, Polizei und Fraport \u00fcber eine Aktion im Geb\u00e4ude des Frankfurter Flughafens selbst. Die Fraport wies alle Vermittlungsversuche, auch die der Polizei, zur\u00fcck und versteifte sich auf ihr Hausrecht. Die Folge war, dass am Aktionstag am Flughafen nichts mehr ging: Weder Passagiere noch Demonstranten wurden eingelassen, es gab ein v\u00f6lliges Chaos, bis die Fraport nach mehreren Stunden dann doch nachgab. Lebenslaute hatte in dieser Situation die Gelegenheit, mehrfach das vorbereitete Programm zu spielen, erst vor den Toren, dann endlich auch innerhalb des Geb\u00e4udes.<\/p>\n\n\n\n<p><a href=\"https:\/\/www.lebenslaute.net\/wp-content\/uploads\/2022\/04\/taz_Ein_Requiem_fuer_die_Fluechtlinge.pdf\">Ein Artikel in der taz <\/a>vom 1.8.2001 beschreibt die chaotischen Situationen dieses Tages.<\/p>\n\n\n\n<p><strong>Musikprogramm:<\/strong><\/p>\n\n\n\n<p>W. A. Mozart: Requiem<\/p>\n","protected":false},"excerpt":{"rendered":"<p>Musik gegen Grenzen Im Juli 2001 fand in Kelsterbach in der N\u00e4he des Flughafens Frankfurt\/Main ein \u201eGrenzcamp\u201c gegen Abschiebungen statt: die willf\u00e4hrige Haltung der Frankfurter Flughafengesellschaft Fraport gegen\u00fcber den W\u00fcnschen der Politik sollte aufs Korn genommen werden. Lebenslaute unterst\u00fctzte die Aktionen des Grenzcamps mit Musik. Im Vorfeld gab es Demonstrationen in der Frankfurter Innenstadt sowie Verhandlungen zwischen AktivistInnen, Polizei und Fraport \u00fcber eine Aktion im Geb\u00e4ude des Frankfurter Flughafens selbst. Die Fraport wies alle Vermittlungsversuche, auch die der Polizei, zur\u00fcck&#8230;<\/p>\n<p class=\"read-more\"><a class=\"btn btn-default\" href=\"https:\/\/www.lebenslaute.net\/?page_id=8577\">Weiterlesen<span class=\"screen-reader-text\"> Weiterlesen<\/span><\/a><\/p>\n","protected":false},"author":9,"featured_media":0,"parent":0,"menu_order":0,"comment_status":"closed","ping_status":"closed","template":"","meta":{"footnotes":""},"class_list":["post-8577","page","type-page","status-publish","hentry"],"_links":{"self":[{"href":"https:\/\/www.lebenslaute.net\/index.php?rest_route=\/wp\/v2\/pages\/8577","targetHints":{"allow":["GET"]}}],"collection":[{"href":"https:\/\/www.lebenslaute.net\/index.php?rest_route=\/wp\/v2\/pages"}],"about":[{"href":"https:\/\/www.lebenslaute.net\/index.php?rest_route=\/wp\/v2\/types\/page"}],"author":[{"embeddable":true,"href":"https:\/\/www.lebenslaute.net\/index.php?rest_route=\/wp\/v2\/users\/9"}],"replies":[{"embeddable":true,"href":"https:\/\/www.lebenslaute.net\/index.php?rest_route=%2Fwp%2Fv2%2Fcomments&post=8577"}],"version-history":[{"count":4,"href":"https:\/\/www.lebenslaute.net\/index.php?rest_route=\/wp\/v2\/pages\/8577\/revisions"}],"predecessor-version":[{"id":8930,"href":"https:\/\/www.lebenslaute.net\/index.php?rest_route=\/wp\/v2\/pages\/8577\/revisions\/8930"}],"wp:attachment":[{"href":"https:\/\/www.lebenslaute.net\/index.php?rest_route=%2Fwp%2Fv2%2Fmedia&parent=8577"}],"curies":[{"name":"wp","href":"https:\/\/api.w.org\/{rel}","templated":true}]}}