{"id":8583,"date":"2022-04-09T12:28:56","date_gmt":"2022-04-09T10:28:56","guid":{"rendered":"https:\/\/www.lebenslaute.net\/?page_id=8583"},"modified":"2022-04-15T11:42:16","modified_gmt":"2022-04-15T09:42:16","slug":"2003-stuttgart","status":"publish","type":"page","link":"https:\/\/www.lebenslaute.net\/?page_id=8583","title":{"rendered":"2003 Stuttgart"},"content":{"rendered":"\n<h2 class=\"wp-block-heading\"><strong>Lebenslaute statt Kriegskommandos<\/strong><br><\/h2>\n\n\n\n<figure class=\"wp-block-image size-large\"><a href=\"https:\/\/www.lebenslaute.net\/wp-content\/uploads\/2022\/04\/Eucom-03.4.jpg\" target=\"_blank\" rel=\"noopener\"><img loading=\"lazy\" decoding=\"async\" width=\"1024\" height=\"745\" src=\"https:\/\/www.lebenslaute.net\/wp-content\/uploads\/2022\/04\/Eucom-03.4-1024x745.jpg\" alt=\"\" class=\"wp-image-8590\" srcset=\"https:\/\/www.lebenslaute.net\/wp-content\/uploads\/2022\/04\/Eucom-03.4-1024x745.jpg 1024w, https:\/\/www.lebenslaute.net\/wp-content\/uploads\/2022\/04\/Eucom-03.4-300x218.jpg 300w, https:\/\/www.lebenslaute.net\/wp-content\/uploads\/2022\/04\/Eucom-03.4-768x558.jpg 768w, https:\/\/www.lebenslaute.net\/wp-content\/uploads\/2022\/04\/Eucom-03.4-371x270.jpg 371w, https:\/\/www.lebenslaute.net\/wp-content\/uploads\/2022\/04\/Eucom-03.4.jpg 1433w\" sizes=\"auto, (max-width: 1024px) 100vw, 1024px\" \/><\/a><figcaption>Bei strahlendem Sonnenschein konnte das Konzert beginnen<\/figcaption><\/figure>\n\n\n\n<p>Die \u201ePatch Barracks\u201c in Stuttgart beherbergen die europ\u00e4ische Kommandozentrale der US-Streitkr\u00e4fte (EUCOM), von der aus milit\u00e4rische Aktionen in ganz Europa, aber auch in weiten Teilen Asiens und Afrikas wesentlich vorbereitet und durchgef\u00fchrt werden. 1991 hatte die \u201eS\u00fcdgruppe\u201c von Lebenslaute schon einmal eine Konzertaktion an diesem Ort gemacht (Das Foto auf S. 93 unten im Buch \u201eWiderst\u00e4ndige Musik\u201c stammt wohl eher von 1991 als von 2003).<\/p>\n\n\n\n<p>Trotz des milit\u00e4rischen Fotografierverbots sind eine Reihe von Fotos von dieser Aktion erhalten. Die erste H\u00e4lfte des Konzertes konnte bei strahlendem Wetter ohne Probleme durchgef\u00fchrt werden. Nach einer Pause ging es mit der Sinfonie Nr. 26 von Joseph Haydn weiter, aber w\u00e4hrend des langsamen Satzes griff die Polizei ein und begann mit der R\u00e4umung.<\/p>\n\n\n\n<figure class=\"wp-block-gallery has-nested-images columns-default is-cropped wp-block-gallery-1 is-layout-flex wp-block-gallery-is-layout-flex\">\n<figure class=\"wp-block-image size-large\"><a href=\"https:\/\/www.lebenslaute.net\/wp-content\/uploads\/2022\/04\/Eucom-04.2.jpg\" target=\"_blank\" rel=\"noopener\"><img loading=\"lazy\" decoding=\"async\" width=\"1024\" height=\"675\" data-id=\"8592\" src=\"https:\/\/www.lebenslaute.net\/wp-content\/uploads\/2022\/04\/Eucom-04.2-1024x675.jpg\" alt=\"\" class=\"wp-image-8592\" srcset=\"https:\/\/www.lebenslaute.net\/wp-content\/uploads\/2022\/04\/Eucom-04.2-1024x675.jpg 1024w, https:\/\/www.lebenslaute.net\/wp-content\/uploads\/2022\/04\/Eucom-04.2-300x198.jpg 300w, https:\/\/www.lebenslaute.net\/wp-content\/uploads\/2022\/04\/Eucom-04.2-768x506.jpg 768w, https:\/\/www.lebenslaute.net\/wp-content\/uploads\/2022\/04\/Eucom-04.2-410x270.jpg 410w, https:\/\/www.lebenslaute.net\/wp-content\/uploads\/2022\/04\/Eucom-04.2.jpg 1450w\" sizes=\"auto, (max-width: 1024px) 100vw, 1024px\" \/><\/a><figcaption>Aufbruch vom Zeltplatz zur Aktion<\/figcaption><\/figure>\n\n\n\n<figure class=\"wp-block-image size-large\"><a href=\"https:\/\/www.lebenslaute.net\/wp-content\/uploads\/2022\/04\/Eucom-02.3.jpg\" target=\"_blank\" rel=\"noopener\"><img loading=\"lazy\" decoding=\"async\" width=\"1024\" height=\"722\" data-id=\"8587\" src=\"https:\/\/www.lebenslaute.net\/wp-content\/uploads\/2022\/04\/Eucom-02.3-1024x722.jpg\" alt=\"\" class=\"wp-image-8587\" srcset=\"https:\/\/www.lebenslaute.net\/wp-content\/uploads\/2022\/04\/Eucom-02.3-1024x722.jpg 1024w, https:\/\/www.lebenslaute.net\/wp-content\/uploads\/2022\/04\/Eucom-02.3-300x211.jpg 300w, https:\/\/www.lebenslaute.net\/wp-content\/uploads\/2022\/04\/Eucom-02.3-768x541.jpg 768w, https:\/\/www.lebenslaute.net\/wp-content\/uploads\/2022\/04\/Eucom-02.3-383x270.jpg 383w, https:\/\/www.lebenslaute.net\/wp-content\/uploads\/2022\/04\/Eucom-02.3.jpg 1494w\" sizes=\"auto, (max-width: 1024px) 100vw, 1024px\" \/><\/a><figcaption>Kleine Besetzungen sorgten f\u00fcr Abwechslung<\/figcaption><\/figure>\n\n\n\n<figure class=\"wp-block-image size-large\"><a href=\"https:\/\/www.lebenslaute.net\/wp-content\/uploads\/2022\/04\/Eucom-01.2.jpg\" target=\"_blank\" rel=\"noopener\"><img loading=\"lazy\" decoding=\"async\" width=\"1024\" height=\"439\" data-id=\"8584\" src=\"https:\/\/www.lebenslaute.net\/wp-content\/uploads\/2022\/04\/Eucom-01.2-1024x439.jpg\" alt=\"\" class=\"wp-image-8584\" srcset=\"https:\/\/www.lebenslaute.net\/wp-content\/uploads\/2022\/04\/Eucom-01.2-1024x439.jpg 1024w, https:\/\/www.lebenslaute.net\/wp-content\/uploads\/2022\/04\/Eucom-01.2-300x129.jpg 300w, https:\/\/www.lebenslaute.net\/wp-content\/uploads\/2022\/04\/Eucom-01.2-768x329.jpg 768w, https:\/\/www.lebenslaute.net\/wp-content\/uploads\/2022\/04\/Eucom-01.2-1536x659.jpg 1536w, https:\/\/www.lebenslaute.net\/wp-content\/uploads\/2022\/04\/Eucom-01.2-2048x878.jpg 2048w, https:\/\/www.lebenslaute.net\/wp-content\/uploads\/2022\/04\/Eucom-01.2-604x259.jpg 604w\" sizes=\"auto, (max-width: 1024px) 100vw, 1024px\" \/><\/a><figcaption>Laut einem Augenzeugenbericht waren dreimal so viele Polizistinnen und Polizisten vor Ort als Zivile<\/figcaption><\/figure>\n\n\n\n<figure class=\"wp-block-image size-large\"><a href=\"https:\/\/www.lebenslaute.net\/wp-content\/uploads\/2022\/04\/Eucom-02.2.jpg\" target=\"_blank\" rel=\"noopener\"><img loading=\"lazy\" decoding=\"async\" width=\"1024\" height=\"729\" data-id=\"8586\" src=\"https:\/\/www.lebenslaute.net\/wp-content\/uploads\/2022\/04\/Eucom-02.2-1024x729.jpg\" alt=\"\" class=\"wp-image-8586\" srcset=\"https:\/\/www.lebenslaute.net\/wp-content\/uploads\/2022\/04\/Eucom-02.2-1024x729.jpg 1024w, https:\/\/www.lebenslaute.net\/wp-content\/uploads\/2022\/04\/Eucom-02.2-300x213.jpg 300w, https:\/\/www.lebenslaute.net\/wp-content\/uploads\/2022\/04\/Eucom-02.2-768x546.jpg 768w, https:\/\/www.lebenslaute.net\/wp-content\/uploads\/2022\/04\/Eucom-02.2-379x270.jpg 379w, https:\/\/www.lebenslaute.net\/wp-content\/uploads\/2022\/04\/Eucom-02.2.jpg 1480w\" sizes=\"auto, (max-width: 1024px) 100vw, 1024px\" \/><\/a><figcaption>Die Zuh\u00f6renden waren fasziniert<\/figcaption><\/figure>\n\n\n\n<figure class=\"wp-block-image size-large\"><a href=\"https:\/\/www.lebenslaute.net\/wp-content\/uploads\/2022\/04\/Eucom-03.2.jpg\" target=\"_blank\" rel=\"noopener\"><img loading=\"lazy\" decoding=\"async\" width=\"1024\" height=\"744\" data-id=\"8588\" src=\"https:\/\/www.lebenslaute.net\/wp-content\/uploads\/2022\/04\/Eucom-03.2-1024x744.jpg\" alt=\"\" class=\"wp-image-8588\" srcset=\"https:\/\/www.lebenslaute.net\/wp-content\/uploads\/2022\/04\/Eucom-03.2-1024x744.jpg 1024w, https:\/\/www.lebenslaute.net\/wp-content\/uploads\/2022\/04\/Eucom-03.2-300x218.jpg 300w, https:\/\/www.lebenslaute.net\/wp-content\/uploads\/2022\/04\/Eucom-03.2-768x558.jpg 768w, https:\/\/www.lebenslaute.net\/wp-content\/uploads\/2022\/04\/Eucom-03.2-372x270.jpg 372w, https:\/\/www.lebenslaute.net\/wp-content\/uploads\/2022\/04\/Eucom-03.2.jpg 1445w\" sizes=\"auto, (max-width: 1024px) 100vw, 1024px\" \/><\/a><figcaption>In der Pause entspannte sich die Lage<\/figcaption><\/figure>\n\n\n\n<figure class=\"wp-block-image size-large\"><a href=\"https:\/\/www.lebenslaute.net\/wp-content\/uploads\/2022\/04\/Eucom-03.3.jpg\" target=\"_blank\" rel=\"noopener\"><img loading=\"lazy\" decoding=\"async\" width=\"1024\" height=\"716\" data-id=\"8589\" src=\"https:\/\/www.lebenslaute.net\/wp-content\/uploads\/2022\/04\/Eucom-03.3-1024x716.jpg\" alt=\"\" class=\"wp-image-8589\" srcset=\"https:\/\/www.lebenslaute.net\/wp-content\/uploads\/2022\/04\/Eucom-03.3-1024x716.jpg 1024w, https:\/\/www.lebenslaute.net\/wp-content\/uploads\/2022\/04\/Eucom-03.3-300x210.jpg 300w, https:\/\/www.lebenslaute.net\/wp-content\/uploads\/2022\/04\/Eucom-03.3-768x537.jpg 768w, https:\/\/www.lebenslaute.net\/wp-content\/uploads\/2022\/04\/Eucom-03.3-386x270.jpg 386w, https:\/\/www.lebenslaute.net\/wp-content\/uploads\/2022\/04\/Eucom-03.3.jpg 1497w\" sizes=\"auto, (max-width: 1024px) 100vw, 1024px\" \/><\/a><figcaption>Mit einem Werk von Maria Martinez, einer Sch\u00fclerin von Joseph Haydn, wurde ein neuer Akzent gesetzt<\/figcaption><\/figure>\n<\/figure>\n\n\n\n<p><strong>Musik 2003:<\/strong><\/p>\n\n\n\n<p>George Gershwin: Lullaby<br>Marianna Mart\u00ednez: In Exitu Israel de Egypto<br>Joseph Haydn, Sinfonie Nr. 26, \u201eLamentatione\u201c<br>Leos Janacek: Krieg, ach Krieg<br>Rudolf Schmidt: Salaam, nach einem Text von Sameer<\/p>\n","protected":false},"excerpt":{"rendered":"<p>Lebenslaute statt Kriegskommandos Die \u201ePatch Barracks\u201c in Stuttgart beherbergen die europ\u00e4ische Kommandozentrale der US-Streitkr\u00e4fte (EUCOM), von der aus milit\u00e4rische Aktionen in ganz Europa, aber auch in weiten Teilen Asiens und Afrikas wesentlich vorbereitet und durchgef\u00fchrt werden. 1991 hatte die \u201eS\u00fcdgruppe\u201c von Lebenslaute schon einmal eine Konzertaktion an diesem Ort gemacht (Das Foto auf S. 93 unten im Buch \u201eWiderst\u00e4ndige Musik\u201c stammt wohl eher von 1991 als von 2003). Trotz des milit\u00e4rischen Fotografierverbots sind eine Reihe von Fotos von dieser Aktion&#8230;<\/p>\n<p class=\"read-more\"><a class=\"btn btn-default\" href=\"https:\/\/www.lebenslaute.net\/?page_id=8583\">Weiterlesen<span class=\"screen-reader-text\"> Weiterlesen<\/span><\/a><\/p>\n","protected":false},"author":9,"featured_media":0,"parent":0,"menu_order":0,"comment_status":"closed","ping_status":"closed","template":"","meta":{"footnotes":""},"class_list":["post-8583","page","type-page","status-publish","hentry"],"_links":{"self":[{"href":"https:\/\/www.lebenslaute.net\/index.php?rest_route=\/wp\/v2\/pages\/8583","targetHints":{"allow":["GET"]}}],"collection":[{"href":"https:\/\/www.lebenslaute.net\/index.php?rest_route=\/wp\/v2\/pages"}],"about":[{"href":"https:\/\/www.lebenslaute.net\/index.php?rest_route=\/wp\/v2\/types\/page"}],"author":[{"embeddable":true,"href":"https:\/\/www.lebenslaute.net\/index.php?rest_route=\/wp\/v2\/users\/9"}],"replies":[{"embeddable":true,"href":"https:\/\/www.lebenslaute.net\/index.php?rest_route=%2Fwp%2Fv2%2Fcomments&post=8583"}],"version-history":[{"count":3,"href":"https:\/\/www.lebenslaute.net\/index.php?rest_route=\/wp\/v2\/pages\/8583\/revisions"}],"predecessor-version":[{"id":8931,"href":"https:\/\/www.lebenslaute.net\/index.php?rest_route=\/wp\/v2\/pages\/8583\/revisions\/8931"}],"wp:attachment":[{"href":"https:\/\/www.lebenslaute.net\/index.php?rest_route=%2Fwp%2Fv2%2Fmedia&parent=8583"}],"curies":[{"name":"wp","href":"https:\/\/api.w.org\/{rel}","templated":true}]}}