{"id":8859,"date":"2022-04-14T10:45:54","date_gmt":"2022-04-14T08:45:54","guid":{"rendered":"https:\/\/www.lebenslaute.net\/?page_id=8859"},"modified":"2022-04-15T11:49:59","modified_gmt":"2022-04-15T09:49:59","slug":"2006-badingen-brandenburg","status":"publish","type":"page","link":"https:\/\/www.lebenslaute.net\/?page_id=8859","title":{"rendered":"2006 Badingen\/Brandenburg"},"content":{"rendered":"\n<h2 class=\"wp-block-heading\">Lieber wild musiziert als genmanipuliert<\/h2>\n\n\n\n<figure class=\"wp-block-image size-large\"><a href=\"https:\/\/www.lebenslaute.net\/wp-content\/uploads\/2022\/04\/01_03.jpg\" target=\"_blank\" rel=\"noopener\"><img loading=\"lazy\" decoding=\"async\" width=\"1024\" height=\"679\" src=\"https:\/\/www.lebenslaute.net\/wp-content\/uploads\/2022\/04\/01_03-1024x679.jpg\" alt=\"\" class=\"wp-image-8860\" srcset=\"https:\/\/www.lebenslaute.net\/wp-content\/uploads\/2022\/04\/01_03-1024x679.jpg 1024w, https:\/\/www.lebenslaute.net\/wp-content\/uploads\/2022\/04\/01_03-300x199.jpg 300w, https:\/\/www.lebenslaute.net\/wp-content\/uploads\/2022\/04\/01_03-768x509.jpg 768w, https:\/\/www.lebenslaute.net\/wp-content\/uploads\/2022\/04\/01_03-1536x1019.jpg 1536w, https:\/\/www.lebenslaute.net\/wp-content\/uploads\/2022\/04\/01_03-407x270.jpg 407w, https:\/\/www.lebenslaute.net\/wp-content\/uploads\/2022\/04\/01_03.jpg 1544w\" sizes=\"auto, (max-width: 1024px) 100vw, 1024px\" \/><\/a><figcaption>Vor dem &#8220;Vorkonzert&#8221; in der Kirche des Dorfes Badingen<\/figcaption><\/figure>\n\n\n\n<p>F\u00fcr Ende Juli 2006 war in der N\u00e4he von Zehdenick, n\u00f6rdlich von Berlin, ein Aktionscamp gegen die Gentechnologie geplant, und Lebenslaute schloss sich an. Die Vorbereitung fand auf einem Campingplatz statt, der ganz in der N\u00e4he eines geplanten Ziegelmuseums, einer ehemaligen Ziegelei lag: An dieser Stelle waren hundert Jahre zuvor die Ziegel f\u00fcr ganz Berlin gebrannt worden. Lebenslaute konnte f\u00fcr die Proben die Hallen dieses noch unfertigen Museums nutzen.<\/p>\n\n\n\n<p>Das Vorkonzert fand in der Kirche des Dorfes Badingen statt, ein sch\u00f6nes, stilles Angerdorf mit einer Umgehungsstra\u00dfe, so dass man die urspr\u00fcngliche Anlage des Ortes noch gut erkennen kann. (In anderen D\u00f6rfern dieser Art ist der breite Anger zwischen den H\u00e4usern zu einer Autostra\u00dfe geworden). Das historische \u201eFeste Haus\u201c neben der Kirche konnte f\u00fcr Proben und Organisation genutzt werden.<\/p>\n\n\n\n<p>Die Aktion selbst gestaltete sich schwierig und f\u00fchrte zu Diskussionen, die die Gruppe fast zerrissen h\u00e4tten. Gleich am Ortsende begann das Feld mit genmanipuliertem Mais, das die Leute vom Gendreck-weg-Camp zerst\u00f6ren wollten. Diese Art direkter Aktion wurde damals h\u00e4ufig angewandt. Schon zu diesem Thema gab es Differenzen: Zwar war f\u00fcr alle unstrittig, dass die Gentechnologie in der Landwirtschaft nur der Bereicherung der gro\u00dfen Konzerne dient und ihre langfristigen Folgen katastrophal sein w\u00fcrden, aber die Zerst\u00f6rung von Pflanzen, auch von genmanipulierten, wurde von manchen doch als unsch\u00f6nes Symbol gesehen.<\/p>\n\n\n\n<p>Zum Aktionstag hatte die Polizei sich rund um das kleine Dorf platziert, und im Unterschied zu den \u00fcbrigen AktivistInnen, die weite Umwege in Kauf nahmen, um auf das Feld zu gelangen, h\u00e4tte Lebenslaute mit den Instrumenten keine Chance gehabt, dorthin zu kommen. Einige bef\u00fcrworteten daher eine blo\u00dfe musikalische Untermalung der Aktion der anderen. Das wurde zu einem Konflikt, denn die \u201ealten Hasen\u201c argumentierten, eine solche harmlose Aktion sei nicht im Sinne von Lebenslaute. Die L\u00f6sung war eine Konzertaktion, die ganz woanders stattfand: Fr\u00fch am Aktionstag fuhr Lebenslaute an ein anderes Feld mit Genmais im Osten von Berlin, musizierte dort, zerst\u00f6rte ein paar Genmaispflanzen und war um 10 Uhr zum Abschlusskonzert wieder in Badingen zur\u00fcck.<\/p>\n\n\n\n<figure class=\"wp-block-gallery has-nested-images columns-default is-cropped wp-block-gallery-1 is-layout-flex wp-block-gallery-is-layout-flex\">\n<figure class=\"wp-block-image size-large\"><a href=\"https:\/\/www.lebenslaute.net\/wp-content\/uploads\/2022\/04\/01_05.jpg\" target=\"_blank\" rel=\"noopener\"><img loading=\"lazy\" decoding=\"async\" width=\"1024\" height=\"679\" data-id=\"8861\" src=\"https:\/\/www.lebenslaute.net\/wp-content\/uploads\/2022\/04\/01_05-1024x679.jpg\" alt=\"\" class=\"wp-image-8861\" srcset=\"https:\/\/www.lebenslaute.net\/wp-content\/uploads\/2022\/04\/01_05-1024x679.jpg 1024w, https:\/\/www.lebenslaute.net\/wp-content\/uploads\/2022\/04\/01_05-300x199.jpg 300w, https:\/\/www.lebenslaute.net\/wp-content\/uploads\/2022\/04\/01_05-768x509.jpg 768w, https:\/\/www.lebenslaute.net\/wp-content\/uploads\/2022\/04\/01_05-1536x1019.jpg 1536w, https:\/\/www.lebenslaute.net\/wp-content\/uploads\/2022\/04\/01_05-407x270.jpg 407w, https:\/\/www.lebenslaute.net\/wp-content\/uploads\/2022\/04\/01_05.jpg 1544w\" sizes=\"auto, (max-width: 1024px) 100vw, 1024px\" \/><\/a><figcaption>Die kleine Kirche konnte kaum alle Besucher fassen<\/figcaption><\/figure>\n\n\n\n<figure class=\"wp-block-image size-large\"><a href=\"https:\/\/www.lebenslaute.net\/wp-content\/uploads\/2022\/04\/01_08.jpg\" target=\"_blank\" rel=\"noopener\"><img loading=\"lazy\" decoding=\"async\" width=\"1024\" height=\"679\" data-id=\"8862\" src=\"https:\/\/www.lebenslaute.net\/wp-content\/uploads\/2022\/04\/01_08-1024x679.jpg\" alt=\"\" class=\"wp-image-8862\" srcset=\"https:\/\/www.lebenslaute.net\/wp-content\/uploads\/2022\/04\/01_08-1024x679.jpg 1024w, https:\/\/www.lebenslaute.net\/wp-content\/uploads\/2022\/04\/01_08-300x199.jpg 300w, https:\/\/www.lebenslaute.net\/wp-content\/uploads\/2022\/04\/01_08-768x509.jpg 768w, https:\/\/www.lebenslaute.net\/wp-content\/uploads\/2022\/04\/01_08-1536x1019.jpg 1536w, https:\/\/www.lebenslaute.net\/wp-content\/uploads\/2022\/04\/01_08-407x270.jpg 407w, https:\/\/www.lebenslaute.net\/wp-content\/uploads\/2022\/04\/01_08.jpg 1544w\" sizes=\"auto, (max-width: 1024px) 100vw, 1024px\" \/><\/a><figcaption>Hauptwerk war die &#8220;Bauernkantate&#8221; von J. S. Bach mit neuem Text<\/figcaption><\/figure>\n\n\n\n<figure class=\"wp-block-image size-large\"><a href=\"https:\/\/www.lebenslaute.net\/wp-content\/uploads\/2022\/04\/01_09.jpg\" target=\"_blank\" rel=\"noopener\"><img loading=\"lazy\" decoding=\"async\" width=\"1024\" height=\"679\" data-id=\"8863\" src=\"https:\/\/www.lebenslaute.net\/wp-content\/uploads\/2022\/04\/01_09-1024x679.jpg\" alt=\"\" class=\"wp-image-8863\" srcset=\"https:\/\/www.lebenslaute.net\/wp-content\/uploads\/2022\/04\/01_09-1024x679.jpg 1024w, https:\/\/www.lebenslaute.net\/wp-content\/uploads\/2022\/04\/01_09-300x199.jpg 300w, https:\/\/www.lebenslaute.net\/wp-content\/uploads\/2022\/04\/01_09-768x509.jpg 768w, https:\/\/www.lebenslaute.net\/wp-content\/uploads\/2022\/04\/01_09-1536x1019.jpg 1536w, https:\/\/www.lebenslaute.net\/wp-content\/uploads\/2022\/04\/01_09-407x270.jpg 407w, https:\/\/www.lebenslaute.net\/wp-content\/uploads\/2022\/04\/01_09.jpg 1544w\" sizes=\"auto, (max-width: 1024px) 100vw, 1024px\" \/><\/a><figcaption>Viele Kinder verfolgten das Konzert von der Galerie aus<\/figcaption><\/figure>\n\n\n\n<figure class=\"wp-block-image size-large\"><a href=\"https:\/\/www.lebenslaute.net\/wp-content\/uploads\/2022\/04\/01_15.jpg\" target=\"_blank\" rel=\"noopener\"><img loading=\"lazy\" decoding=\"async\" width=\"1024\" height=\"679\" data-id=\"8865\" src=\"https:\/\/www.lebenslaute.net\/wp-content\/uploads\/2022\/04\/01_15-1024x679.jpg\" alt=\"\" class=\"wp-image-8865\" srcset=\"https:\/\/www.lebenslaute.net\/wp-content\/uploads\/2022\/04\/01_15-1024x679.jpg 1024w, https:\/\/www.lebenslaute.net\/wp-content\/uploads\/2022\/04\/01_15-300x199.jpg 300w, https:\/\/www.lebenslaute.net\/wp-content\/uploads\/2022\/04\/01_15-768x509.jpg 768w, https:\/\/www.lebenslaute.net\/wp-content\/uploads\/2022\/04\/01_15-1536x1019.jpg 1536w, https:\/\/www.lebenslaute.net\/wp-content\/uploads\/2022\/04\/01_15-407x270.jpg 407w, https:\/\/www.lebenslaute.net\/wp-content\/uploads\/2022\/04\/01_15.jpg 1544w\" sizes=\"auto, (max-width: 1024px) 100vw, 1024px\" \/><\/a><figcaption>Mehrere Solo-Ensembles traten auf<\/figcaption><\/figure>\n\n\n\n<figure class=\"wp-block-image size-large\"><a href=\"https:\/\/www.lebenslaute.net\/wp-content\/uploads\/2022\/04\/01_10.jpg\" target=\"_blank\" rel=\"noopener\"><img loading=\"lazy\" decoding=\"async\" width=\"1024\" height=\"679\" data-id=\"8864\" src=\"https:\/\/www.lebenslaute.net\/wp-content\/uploads\/2022\/04\/01_10-1024x679.jpg\" alt=\"\" class=\"wp-image-8864\" srcset=\"https:\/\/www.lebenslaute.net\/wp-content\/uploads\/2022\/04\/01_10-1024x679.jpg 1024w, https:\/\/www.lebenslaute.net\/wp-content\/uploads\/2022\/04\/01_10-300x199.jpg 300w, https:\/\/www.lebenslaute.net\/wp-content\/uploads\/2022\/04\/01_10-768x509.jpg 768w, https:\/\/www.lebenslaute.net\/wp-content\/uploads\/2022\/04\/01_10-1536x1019.jpg 1536w, https:\/\/www.lebenslaute.net\/wp-content\/uploads\/2022\/04\/01_10-407x270.jpg 407w, https:\/\/www.lebenslaute.net\/wp-content\/uploads\/2022\/04\/01_10.jpg 1544w\" sizes=\"auto, (max-width: 1024px) 100vw, 1024px\" \/><\/a><figcaption>Herzlicher Beifall<\/figcaption><\/figure>\n\n\n\n<figure class=\"wp-block-image size-large\"><a href=\"https:\/\/www.lebenslaute.net\/wp-content\/uploads\/2022\/04\/01_21.jpg\" target=\"_blank\" rel=\"noopener\"><img loading=\"lazy\" decoding=\"async\" width=\"1024\" height=\"679\" data-id=\"8866\" src=\"https:\/\/www.lebenslaute.net\/wp-content\/uploads\/2022\/04\/01_21-1024x679.jpg\" alt=\"\" class=\"wp-image-8866\" srcset=\"https:\/\/www.lebenslaute.net\/wp-content\/uploads\/2022\/04\/01_21-1024x679.jpg 1024w, https:\/\/www.lebenslaute.net\/wp-content\/uploads\/2022\/04\/01_21-300x199.jpg 300w, https:\/\/www.lebenslaute.net\/wp-content\/uploads\/2022\/04\/01_21-768x509.jpg 768w, https:\/\/www.lebenslaute.net\/wp-content\/uploads\/2022\/04\/01_21-1536x1019.jpg 1536w, https:\/\/www.lebenslaute.net\/wp-content\/uploads\/2022\/04\/01_21-407x270.jpg 407w, https:\/\/www.lebenslaute.net\/wp-content\/uploads\/2022\/04\/01_21.jpg 1544w\" sizes=\"auto, (max-width: 1024px) 100vw, 1024px\" \/><\/a><figcaption>Angeregte Gespr\u00e4che nach dem Konzert<\/figcaption><\/figure>\n<\/figure>\n\n\n\n<p><strong>Musik 2006:<\/strong><\/p>\n\n\n\n<p>J. S. Bach: Bauernkantate BWV 212 (Nr. 1-8, 15, 16). Neuer Text: Lebenslaute<br>Joseph Haydn: Sinfonie Nr. 26 d, \u201eLamentatione\u201c<br>Leopold Mozart: Entr\u00e9e f\u00fcr 3 Blockfl\u00f6ten<br>J. J. Quantz: Sonate f\u00fcr 3 Fl\u00f6ten (1. Satz)<br>K. Serocki: Krasnoludki\/ Die Zwerge (Nr. 1, 6, 3)<br>Jochen Zeuner: Lebenslaute-Kanon<br>Heinrich Sch\u00fctz: Wie nun, ihr Herren<\/p>\n\n\n\n<figure class=\"wp-block-gallery has-nested-images columns-default is-cropped wp-block-gallery-2 is-layout-flex wp-block-gallery-is-layout-flex\">\n<figure class=\"wp-block-image size-large\"><a href=\"https:\/\/www.lebenslaute.net\/wp-content\/uploads\/2022\/04\/04_05.jpg\" target=\"_blank\" rel=\"noopener\"><img loading=\"lazy\" decoding=\"async\" width=\"1024\" height=\"679\" data-id=\"8867\" src=\"https:\/\/www.lebenslaute.net\/wp-content\/uploads\/2022\/04\/04_05-1024x679.jpg\" alt=\"\" class=\"wp-image-8867\" srcset=\"https:\/\/www.lebenslaute.net\/wp-content\/uploads\/2022\/04\/04_05-1024x679.jpg 1024w, https:\/\/www.lebenslaute.net\/wp-content\/uploads\/2022\/04\/04_05-300x199.jpg 300w, https:\/\/www.lebenslaute.net\/wp-content\/uploads\/2022\/04\/04_05-768x509.jpg 768w, https:\/\/www.lebenslaute.net\/wp-content\/uploads\/2022\/04\/04_05-1536x1019.jpg 1536w, https:\/\/www.lebenslaute.net\/wp-content\/uploads\/2022\/04\/04_05-407x270.jpg 407w, https:\/\/www.lebenslaute.net\/wp-content\/uploads\/2022\/04\/04_05.jpg 1544w\" sizes=\"auto, (max-width: 1024px) 100vw, 1024px\" \/><\/a><\/figure>\n\n\n\n<figure class=\"wp-block-image size-large\"><a href=\"https:\/\/www.lebenslaute.net\/wp-content\/uploads\/2022\/04\/04_07.jpg\" target=\"_blank\" rel=\"noopener\"><img loading=\"lazy\" decoding=\"async\" width=\"1024\" height=\"679\" data-id=\"8868\" src=\"https:\/\/www.lebenslaute.net\/wp-content\/uploads\/2022\/04\/04_07-1024x679.jpg\" alt=\"\" class=\"wp-image-8868\" srcset=\"https:\/\/www.lebenslaute.net\/wp-content\/uploads\/2022\/04\/04_07-1024x679.jpg 1024w, https:\/\/www.lebenslaute.net\/wp-content\/uploads\/2022\/04\/04_07-300x199.jpg 300w, https:\/\/www.lebenslaute.net\/wp-content\/uploads\/2022\/04\/04_07-768x509.jpg 768w, https:\/\/www.lebenslaute.net\/wp-content\/uploads\/2022\/04\/04_07-1536x1019.jpg 1536w, https:\/\/www.lebenslaute.net\/wp-content\/uploads\/2022\/04\/04_07-407x270.jpg 407w, https:\/\/www.lebenslaute.net\/wp-content\/uploads\/2022\/04\/04_07.jpg 1544w\" sizes=\"auto, (max-width: 1024px) 100vw, 1024px\" \/><\/a><\/figure>\n\n\n\n<figure class=\"wp-block-image size-large\"><a href=\"https:\/\/www.lebenslaute.net\/wp-content\/uploads\/2022\/04\/04_08.jpg\" target=\"_blank\" rel=\"noopener\"><img loading=\"lazy\" decoding=\"async\" width=\"1024\" height=\"679\" data-id=\"8869\" src=\"https:\/\/www.lebenslaute.net\/wp-content\/uploads\/2022\/04\/04_08-1024x679.jpg\" alt=\"\" class=\"wp-image-8869\" srcset=\"https:\/\/www.lebenslaute.net\/wp-content\/uploads\/2022\/04\/04_08-1024x679.jpg 1024w, https:\/\/www.lebenslaute.net\/wp-content\/uploads\/2022\/04\/04_08-300x199.jpg 300w, https:\/\/www.lebenslaute.net\/wp-content\/uploads\/2022\/04\/04_08-768x509.jpg 768w, https:\/\/www.lebenslaute.net\/wp-content\/uploads\/2022\/04\/04_08-1536x1019.jpg 1536w, https:\/\/www.lebenslaute.net\/wp-content\/uploads\/2022\/04\/04_08-407x270.jpg 407w, https:\/\/www.lebenslaute.net\/wp-content\/uploads\/2022\/04\/04_08.jpg 1544w\" sizes=\"auto, (max-width: 1024px) 100vw, 1024px\" \/><\/a><\/figure>\n\n\n\n<figure class=\"wp-block-image size-large\"><a href=\"https:\/\/www.lebenslaute.net\/wp-content\/uploads\/2022\/04\/04_09.jpg\" target=\"_blank\" rel=\"noopener\"><img loading=\"lazy\" decoding=\"async\" width=\"1024\" height=\"679\" data-id=\"8870\" src=\"https:\/\/www.lebenslaute.net\/wp-content\/uploads\/2022\/04\/04_09-1024x679.jpg\" alt=\"\" class=\"wp-image-8870\" srcset=\"https:\/\/www.lebenslaute.net\/wp-content\/uploads\/2022\/04\/04_09-1024x679.jpg 1024w, https:\/\/www.lebenslaute.net\/wp-content\/uploads\/2022\/04\/04_09-300x199.jpg 300w, https:\/\/www.lebenslaute.net\/wp-content\/uploads\/2022\/04\/04_09-768x509.jpg 768w, https:\/\/www.lebenslaute.net\/wp-content\/uploads\/2022\/04\/04_09-1536x1019.jpg 1536w, https:\/\/www.lebenslaute.net\/wp-content\/uploads\/2022\/04\/04_09-407x270.jpg 407w, https:\/\/www.lebenslaute.net\/wp-content\/uploads\/2022\/04\/04_09.jpg 1544w\" sizes=\"auto, (max-width: 1024px) 100vw, 1024px\" \/><\/a><\/figure>\n\n\n\n<figure class=\"wp-block-image size-large\"><a href=\"https:\/\/www.lebenslaute.net\/wp-content\/uploads\/2022\/04\/2006_Badingen_06_01.jpg\" target=\"_blank\" rel=\"noopener\"><img loading=\"lazy\" decoding=\"async\" width=\"1024\" height=\"679\" data-id=\"8871\" src=\"https:\/\/www.lebenslaute.net\/wp-content\/uploads\/2022\/04\/2006_Badingen_06_01-1024x679.jpg\" alt=\"\" class=\"wp-image-8871\" srcset=\"https:\/\/www.lebenslaute.net\/wp-content\/uploads\/2022\/04\/2006_Badingen_06_01-1024x679.jpg 1024w, https:\/\/www.lebenslaute.net\/wp-content\/uploads\/2022\/04\/2006_Badingen_06_01-300x199.jpg 300w, https:\/\/www.lebenslaute.net\/wp-content\/uploads\/2022\/04\/2006_Badingen_06_01-768x509.jpg 768w, https:\/\/www.lebenslaute.net\/wp-content\/uploads\/2022\/04\/2006_Badingen_06_01-1536x1019.jpg 1536w, https:\/\/www.lebenslaute.net\/wp-content\/uploads\/2022\/04\/2006_Badingen_06_01-407x270.jpg 407w, https:\/\/www.lebenslaute.net\/wp-content\/uploads\/2022\/04\/2006_Badingen_06_01.jpg 1544w\" sizes=\"auto, (max-width: 1024px) 100vw, 1024px\" \/><\/a><\/figure>\n<figcaption class=\"blocks-gallery-caption\">Das Camp der Gendreck-Weg-Aktion war auf dem selben Campingplatz wie das von Lebenslaute, aber aufgrund der intensiven Proben gab es wenig Kontakt<\/figcaption><\/figure>\n\n\n\n<p><br>Den Aufruf findet ihr <a href=\"https:\/\/www.lebenslaute.net\/wp-content\/uploads\/2022\/04\/Aufruf-2006.pdf\">hier,<\/a> das <a href=\"https:\/\/www.lebenslaute.net\/wp-content\/uploads\/2022\/04\/Handbuch-Badingen-2006.pdf\">Aktionshandbuch <\/a>bot auch Informationen \u00fcber die Gegend und das Dorf Badingen. Im nach dem Wochenende erstellten <a href=\"https:\/\/www.lebenslaute.net\/wp-content\/uploads\/2022\/04\/Rundbrief-Jutta-Sundermann.pdf\">Rundbrief<\/a> von Jutta Sundermann finden sich weitere Informationen zum Ablauf und zur politischen Einsch\u00e4tzung der Aktion.<br><\/p>\n","protected":false},"excerpt":{"rendered":"<p>Lieber wild musiziert als genmanipuliert F\u00fcr Ende Juli 2006 war in der N\u00e4he von Zehdenick, n\u00f6rdlich von Berlin, ein Aktionscamp gegen die Gentechnologie geplant, und Lebenslaute schloss sich an. Die Vorbereitung fand auf einem Campingplatz statt, der ganz in der N\u00e4he eines geplanten Ziegelmuseums, einer ehemaligen Ziegelei lag: An dieser Stelle waren hundert Jahre zuvor die Ziegel f\u00fcr ganz Berlin gebrannt worden. Lebenslaute konnte f\u00fcr die Proben die Hallen dieses noch unfertigen Museums nutzen. Das Vorkonzert fand in der Kirche&#8230;<\/p>\n<p class=\"read-more\"><a class=\"btn btn-default\" href=\"https:\/\/www.lebenslaute.net\/?page_id=8859\">Weiterlesen<span class=\"screen-reader-text\"> Weiterlesen<\/span><\/a><\/p>\n","protected":false},"author":9,"featured_media":0,"parent":0,"menu_order":0,"comment_status":"closed","ping_status":"closed","template":"","meta":{"footnotes":""},"class_list":["post-8859","page","type-page","status-publish","hentry"],"_links":{"self":[{"href":"https:\/\/www.lebenslaute.net\/index.php?rest_route=\/wp\/v2\/pages\/8859","targetHints":{"allow":["GET"]}}],"collection":[{"href":"https:\/\/www.lebenslaute.net\/index.php?rest_route=\/wp\/v2\/pages"}],"about":[{"href":"https:\/\/www.lebenslaute.net\/index.php?rest_route=\/wp\/v2\/types\/page"}],"author":[{"embeddable":true,"href":"https:\/\/www.lebenslaute.net\/index.php?rest_route=\/wp\/v2\/users\/9"}],"replies":[{"embeddable":true,"href":"https:\/\/www.lebenslaute.net\/index.php?rest_route=%2Fwp%2Fv2%2Fcomments&post=8859"}],"version-history":[{"count":5,"href":"https:\/\/www.lebenslaute.net\/index.php?rest_route=\/wp\/v2\/pages\/8859\/revisions"}],"predecessor-version":[{"id":8937,"href":"https:\/\/www.lebenslaute.net\/index.php?rest_route=\/wp\/v2\/pages\/8859\/revisions\/8937"}],"wp:attachment":[{"href":"https:\/\/www.lebenslaute.net\/index.php?rest_route=%2Fwp%2Fv2%2Fmedia&parent=8859"}],"curies":[{"name":"wp","href":"https:\/\/api.w.org\/{rel}","templated":true}]}}