{"id":92,"date":"2010-03-22T21:58:40","date_gmt":"2010-03-22T20:58:40","guid":{"rendered":"http:\/\/www.lebenslaute.net\/?page_id=92"},"modified":"2021-02-03T21:24:11","modified_gmt":"2021-02-03T20:24:11","slug":"links","status":"publish","type":"page","link":"https:\/\/www.lebenslaute.net\/?page_id=92","title":{"rendered":"Links"},"content":{"rendered":"<p class=\"empty-paragraph\" style=\"text-align: center;\"><strong><a href=\"http:\/\/www.lebenslaute.net\/?page_id=92#aktion\">Erprobte LL-PartnerInnen<\/a> | <a href=\"http:\/\/www.lebenslaute.net\/?page_id=92#grafikdesign\">Grafikdesign<\/a> | Politik+Termine-<a href=\"http:\/\/www.lebenslaute.net\/?page_id=92#infoseiten\">Infoseiten<\/a> |\u00a0<a href=\"http:\/\/www.lebenslaute.net\/?page_id=92#aktionsformen\">Musisch-politische Aktionsformen<\/a> | Musik-Einstudierhilfen<\/strong><\/p>\n<p class=\"empty-paragraph\"><span style=\"font-size: 1px; color: transparent;\">.<\/span><\/p>\n<p><strong>&gt;&gt; Erprobte LL-PartnerInnen<\/strong><\/p>\n<p><strong>Aktionen bereichernd<\/strong><br \/>\nNetzwerk zur Unterst\u00fctzung von Kampagnen und Aktionen: <a href=\"http:\/\/www.netzwerk-zugabe.de\">netzwerk-zugabe.de<\/a><br \/>\nAlternativer Journalismus, Filme und Fotos von Unten: <a href=\"http:\/\/www.graswurzel.tv\">graswurzel.tv<\/a><br \/>\nRechtshilfeb\u00fcro f\u00fcr gewaltfreie Aktionen (Hamburg, \u00fcberregional t\u00e4tig): <a href=\"http:\/\/www.rechtshilfebuero.de\/\">rechtshilfebuero.de<\/a><br \/>\nAntirepressionsgruppe Rheinisches Revier: <a href=\"http:\/\/antirrr.blogsport.de\/\" target=\"_blank\" rel=\"noopener noreferrer\">AntiRRR.blogsport.de<\/a><br \/>\nKochkollektiv Krisenherd aus Leipzig: <a href=\"https:\/\/krisenherd.blogsport.eu\/\" target=\"_blank\" rel=\"noopener noreferrer\">krisenherd.blogsport.eu<\/a><br \/>\nK\u00fcche f\u00fcr alle (K\u00fcfa) der WAA D\u00fcren: <a href=\"http:\/\/kuechenkollektivDN.blogsport.de\" target=\"_blank\" rel=\"noopener noreferrer\">KuechenKollektivDN.blogsport.de<\/a><br \/>\nMaulw\u00fcrfe \u2013 Volxk\u00fcche Freiburg: <a href=\"http:\/\/VolxkuecheFreiburg.blogsport.de\/maulwuerfe\/\" target=\"_blank\" rel=\"noopener noreferrer\">VolxkuecheFreiburg.blogsport.de\/maulwuerfe<\/a><br \/>\nKollektief Rampenplan \u2013 mobile K\u00fcche: <a href=\"http:\/\/www.KollektiefRampenplan.nl\/indexb.php?art_id=58&amp;vlag1=3&amp;vlag2=60\" target=\"_blank\" rel=\"noopener noreferrer\">KollektiefRampenplan.nl<\/a><br \/>\nAktionsk\u00fcche Wamkat \u2013 Fl\u00e4ming Kitchen, Berlin-Brandenburg und mehr: <a href=\"http:\/\/www.wamkat.de\/vokue\" target=\"_blank\" rel=\"noopener noreferrer\">wamkat.de\/vokue<br \/>\n<\/a> Volxk\u00fcche M\u00fcnchen e.V. \u2013 ohne Mampf kein Kampf: <a href=\"http:\/\/www.vokue-muc.de\" target=\"_blank\" rel=\"noopener noreferrer\">VoKue-Muc.de<\/a><\/p>\n<p class=\"empty-paragraph\"><strong>Kampagnen &amp; Themen \u00fcberregional<\/strong><br \/>\nDie AnStifter (- InterCulturelle Initiativen e.V.), u.a. Verleihung des Stuttgarter Friedenspreises: <a href=\"https:\/\/www.die-anstifter.de\/\" target=\"_blank\" rel=\"noopener noreferrer\">die-anstifter.de<\/a><br \/>\nInitiative \u201eBundeswehr abschaffen\u201c (DFG\/VK): <a href=\"https:\/\/bundeswehrabschaffen.de\/cms\/index.htm\" target=\"_blank\" rel=\"noopener noreferrer\">bundeswehrabschaffen.de<\/a><br \/>\nKampagne \u201eAktion Aufschrei \u2013 Stoppt den Waffenhandel\u201c (seit 2011): <a href=\"http:\/\/www.aufschrei-waffenhandel.de\">aufschrei-waffenhandel.de<\/a><br \/>\nKampagne Atomwaffenfrei.jetzt: <a href=\"http:\/\/www.atomwaffenfrei.de\/\">atomwaffenfrei.de<\/a><br \/>\nKarawane f\u00fcr die Rechte von Fl\u00fcchtlingen und MigrantInnen: <a href=\"http:\/\/www.thecaravan.org\">thecaravan.org<br \/>\n<\/a> Ohne R\u00fcstung Leben: <a href=\"http:\/\/www.ohne-ruestung-leben.de\" target=\"_blank\" rel=\"noopener noreferrer\">ohne-ruestung-leben.de<\/a><br \/>\nTribunal NSU-Komplex aufl\u00f6sen: <a href=\"http:\/\/www.nsu-tribunal.de\/\" target=\"_blank\" rel=\"noopener noreferrer\">nsu-tribunal.de<\/a><\/p>\n<p class=\"empty-paragraph\"><strong>Regionales\/Lokales &amp; zeitlich Beendetes<\/strong><br \/>\nDFG\/VK-Landesverband Hamburg\/Schleswig-Holstein <a href=\"https:\/\/www.dfg-vk.de\/kontakte\/landesverbaende-und-gruppen\/landesverband-hamburg-schleswig-holstein\" target=\"_blank\" rel=\"noopener noreferrer\">dfg-vk.de\/..\/Landesverband-HH-SH<\/a> mit <a href=\"https:\/\/bundeswehrabschaffen.de\/cms\/aktionen\/jagel\/\" target=\"_blank\" rel=\"noopener noreferrer\">Jagel.BundeswehrAbschaffen.de<\/a><br \/>\nPro Bleiberecht in Mecklenburg-Vorpommern: <a href=\"http:\/\/bleiberecht-mv.org\">bleiberecht-mv.org<\/a><br \/>\nLager Watch Eisenh\u00fcttenstadt \u2013 Refugees &amp; Support (-7\/2015): <a href=\"http:\/\/LagerWatchEisen.blogsport.eu\/\" target=\"_blank\" rel=\"noopener noreferrer\">LagerWatchEisen.blogsport.eu<\/a><br \/>\nBI \u201aOFFENe HEIDe\u2018 am T\u00dcP Altmark, Colbitz-Letzlinger Heide n\u00f6rdlich von Magdeburg: <a href=\"http:\/\/www.offeneheide.de\" target=\"_blank\" rel=\"noopener noreferrer\">OffeneHeide.de<\/a><br \/>\nAntimilitaristische Initiativen in Leipzig: <a href=\"http:\/\/www.flughafen-natofrei.de\">Flughafen-natofrei.de<\/a>, <a href=\"http:\/\/www.friedensweg.de\">Friedensweg.de<\/a>, <a href=\"http:\/\/www.nein-zum-kriegsflughafen.de\">Nein-zum-Kriegsflughafen.de<\/a><br \/>\nAntimilitaristische Initiative in Halle \/Saale: <a href=\"http:\/\/www.friedenskreis-halle.de\">Friedenskreis-Halle.de<br \/>\n<\/a> DFG-VK-Gruppe K\u00f6ln: <a href=\"https:\/\/www.friedenkoeln.de\" target=\"_blank\" rel=\"noopener noreferrer\">FriedenKoeln.de<\/a><br \/>\nInitiative \u201eKeupstra\u00dfe ist \u00fcberall\u201c K\u00f6ln: <a href=\"http:\/\/keupstrasse-ist-ueberall.de\/\" target=\"_blank\" rel=\"noopener noreferrer\">Keupstrasse-ist-ueberall.de<\/a><br \/>\nK\u00f6ln gegen Rechts: <a href=\"http:\/\/gegenrechts.koeln\/\" target=\"_blank\" rel=\"noopener noreferrer\">GegenRechts.Koeln<\/a><br \/>\nGegen Kohleabbau \u201eSolidarische Vielfalt\u201c K\u00f6ln: <a href=\"http:\/\/sovie-koelner-gruppe-gegen-braunkohle.de\/about-us\/\" target=\"_blank\" rel=\"noopener noreferrer\">SoVie-koelner-gruppe-gegen-braunkohle.de<\/a><br \/>\nGegen Kohleabbau im Rheinischen Revier: <a href=\"http:\/\/www.buirerfuerbuir.de\" target=\"_blank\" rel=\"noopener noreferrer\">BuirerFuerBuir.de<\/a> &amp; <a href=\"http:\/\/hambacherforst.blogsport.de\/\" target=\"_blank\" rel=\"noopener noreferrer\">HambacherForst.blogsport.de<\/a><a href=\"http:\/\/sovie-koelner-gruppe-gegen-braunkohle.de\/about-us\/\"><br \/>\n<\/a> Aktionsb\u00fcndnis \u201eAfricom und Eucom schlie\u00dfen\u201c (Region Stuttgart): <a href=\"https:\/\/www.facebook.com\/Aktionsb%C3%BCndnis-Africom-und-Eucom-schlie%C3%9Fen-894656893928923\" target=\"_blank\" rel=\"noopener noreferrer\">\u201eNixCom\u201c auf Facebook<\/a><br \/>\nFriedensb\u00fcndnis Esslingen (s\u00fcdlich von Stuttgart): <a href=\"https:\/\/friedensbuendnis-esslingen.de\/\" target=\"_blank\" rel=\"noopener noreferrer\">Friedensbuendnis-Esslingen.de<\/a><br \/>\n2014: Camp \u201eStop Deportation\u201c in Eisenh\u00fcttenstadt: <a href=\"http:\/\/www.stopdeportationcamp.org\/\" target=\"_blank\" rel=\"noopener noreferrer\">StopDeportationCamp.org<\/a><br \/>\n2013: \u201eInternationales Fl\u00fcchtlingstribunal gegen die Bundesrepublik Deutschland\u201c <a href=\"http:\/\/www.RefugeeTribunal.org\" target=\"_blank\" rel=\"noopener noreferrer\">RefugeeTribunal.org<\/a><br \/>\n2000er-2013: Initiative f\u00fcr Freiwillige Feldbefreiungen <a href=\"http:\/\/www.gendreck-weg.de\">Gendreck-weg.de<\/a>.<\/p>\n<div data-ce-tag=\"spacer\"><\/div>\n<p><strong>&gt;&gt; Grafikdesign<\/strong><\/p>\n<p>Holger M. M\u00fcller \u2013 print &amp; web: <a href=\"http:\/\/www.holgermmueller.de\" target=\"_blank\" rel=\"noopener noreferrer\">HolgerMMueller.de<\/a><br \/>\nKa Schmitz \u2013 Comics und Illustrationen: <a href=\"http:\/\/www.ka-comix.de\">ka-comix.de<\/a><\/p>\n<div data-ce-tag=\"spacer\"><\/div>\n<p><strong>&gt;&gt; Politik+Termine-Infoseiten<\/strong><\/p>\n<p class=\"empty-paragraph\">Antimilitaristische \u201eInformationsstelle Militarisierung\u201c e.V. (T\u00fcbingen): <a href=\"http:\/\/www.imi-online.de\">imi-online.de<\/a><br \/>\nForschungsgesellschaft Flucht &amp; Migration e.V. (Berlin): <a href=\"http:\/\/ffm-online.org\/\">ffm-online.org<\/a><br \/>\nTerminkalender des Netzwerks Friedenskooperative (Bonn): <a href=\"http:\/\/www.friedenskooperative.de\/termdat.htm\">friedenskooperative.de\/termdat<\/a><br \/>\nKalender der \u201cMusiker\/innen gegen Auftritte der Bundeswehrmusikkorps\u201c: <a href=\"http:\/\/musiker-gegen-militaermusik.de\">musiker-gegen-militaermusik.de<\/a> <span style=\"font-size: 1px; color: transparent;\">.<\/span><\/p>\n<div data-ce-tag=\"spacer\"><\/div>\n<p><strong>&gt;&gt; Weitere musikalisch-politische Aktionsformen<\/strong><\/p>\n<p><strong>F\u00fcr LEBENSLAUTE-Jahresaktionen ge\u00e4nderte l\u00e4ngere Konzertmusik<\/strong><br \/>\nBACH, Johann Sebastian: BAUERNKANTATE \u201eMer hahn en neue Oberkeet\u201c BWV 212 (1742), Ausz\u00fcge gentechkritisch umgetextet f\u00fcr LEBENSLAUTE 2006 \u201eDie Technik ist ja sehr bequem\u201c und Instrumentalstimmen erg\u00e4nzt (<a href=\"https:\/\/imslp.org\/wiki\/Mer_hahn_en_neue_Oberkeet,_BWV_212_%28Bach,_Johann_Sebastian%29\" target=\"_blank\" rel=\"noopener noreferrer\">Noten unter \u201eParts\u201c und \u201eArrangements\u201c<\/a>)<br \/>\nBACH, Johann Sebastian: Kantate \u201eBRICH DEM HUNGRIGEN dein Brot\u201c BWV 39 (1726), Er\u00f6ffnungschor umgetextet f\u00fcr LEBENSLAUTE 2014 \u201eSeht, Vertriebene sind hier\u201c gegen Abschiebehaft (<a href=\"https:\/\/imslp.org\/wiki\/Brich_dem_Hungrigen_dein_Brot%2C_BWV_39_(Bach%2C_Johann_Sebastian)\" target=\"_blank\" rel=\"noopener noreferrer\">Noten unter \u201eVocal Scores\u201c<\/a>)<br \/>\nBUXTEHUDE, Dietrich: Kantate \u201eALLES, WAS IHR TUT\u201c BuxWV 4 (c1666), Fl\u00fcchtende willkommen hei\u00dfend umgetextet f\u00fcr LEBENSLAUTE 2008 auf \u201eRei\u00dft die Grenzen ein\u201c (<a href=\"https:\/\/imslp.org\/wiki\/Alles%2C_was_ihr_tut_mit_Worten_oder_Werken%2C_BuxWV_4_(Buxtehude%2C_Dietrich)\" target=\"_blank\" rel=\"noopener noreferrer\">Noten unter \u201eArrangements\u201c<\/a>)<\/p>\n<p><strong>Aktionsformen anderer Art<\/strong><br \/>\n-2012\/2013: Achtsamkeit und Meditation trifft Politik: <a href=\"http:\/\/8sameaktion.wordpress.com\/\" target=\"_blank\" rel=\"noopener noreferrer\">8sameAktion.wordpress.com<\/a><br \/>\nDemo-Fahrradtour \u201eTour de Natur\u201c (seit 1991 jeweils Zwei-Wochen-Radtour): <a href=\"http:\/\/tourdenatur.net\/\" target=\"_blank\" rel=\"noopener noreferrer\">TourDeNatur.net<\/a><br \/>\nPappnasen rotschwarz, K\u00f6ln (gegr\u00fcndet 2007 als G8-Pappnasen): <a href=\"http:\/\/www.pappnasen-rotschwarz.de\/\" target=\"_blank\" rel=\"noopener noreferrer\">Pappnasen-rotschwarz.de<\/a><br \/>\nReiterInnen f\u00fcr den Frieden (j\u00e4hrlich seit 1984):\u00a0<a href=\"https:\/\/friedensritt.so36.net\/\" target=\"_blank\" rel=\"noopener noreferrer\">friedensritt.so36.net<\/a> &amp; <a href=\"https:\/\/friedensritt.wordpress.com\/\" target=\"_blank\" rel=\"noopener noreferrer\">friedensritt.wordpress.com<\/a><br \/>\nRoR-Netzwerk politischer Sambagruppen (viele BRD-St\u00e4dtegruppen): <a href=\"https:\/\/www.rhythms-of-resistance.org\/spip.php?rubrique17&amp;lang=de\" target=\"_blank\" rel=\"noopener noreferrer\">Rhythms-Of-Resistance.org<br \/>\n<\/a>Stuttgarter B\u00fcrgerchor, k\u00fcnstlerisch chorisches Sprechens als Stilmittel des Theaters (2011 gegr\u00fcndeter Verein): <a href=\"https:\/\/www.buergerchorstuttgart.de\" target=\"_blank\" rel=\"noopener noreferrer\">BuergerchorStuttgart.de<\/a><br \/>\nZentrum f\u00fcr Politische Sch\u00f6nheit, radikal humanistische Kunstaktionen (seit 2009): <a href=\"https:\/\/politicalbeauty.de\/ueber\u2013das-ZPS.html\" target=\"_blank\" rel=\"noopener noreferrer\">PoliticalBeauty.de<\/a><\/p>\n<p><strong>Andere politische Ch\u00f6re und Orchester<\/strong><br \/>\nSeit 1993 in Berlin: Frauenchor <a href=\"http:\/\/www.judiths-krise.de\/ueber_uns.html\">Judiths Krise<\/a><br \/>\nSeit 1979 in Hamburg: <a href=\"http:\/\/www.chgg.de\">Chor Hamburger GewerkschafterInnen<\/a><br \/>\nSeit 2001 Ch\u00f6re-\u201eInitiative gegen Gewalt, Rassismus und Ausgrenzung\u201c, Bremen und Niedersachsen: <a href=\"http:\/\/www.zivilchorage.de\/page4\/page4.html\">zivilCHORage<\/a><br \/>\nDortmund: <a href=\"https:\/\/www.atemgold09.de\/?cat=8\" target=\"_blank\" rel=\"noopener noreferrer\">Schwarz-Rot Atemgold 09<\/a>, die Dorfkapelle des Ruhrgebiets<br \/>\nIn Aachen basierter Projekt- und Familienchor seit 2010: <a href=\"http:\/\/www.andere-saiten.de\/\">Andere Saiten<\/a><br \/>\n1980 gegr\u00fcndeter <a href=\"https:\/\/www.politoene.de\/Kontakt.html\" target=\"_blank\" rel=\"noopener noreferrer\">Chor Marburger Gewerkschafter<\/a>: 1995 umbenannt in <a href=\"https:\/\/www.politoene.de\/index.htm\" target=\"_blank\" rel=\"noopener noreferrer\">Polit\u00f6ne Marburg<\/a><br \/>\nChornetzwerk \u2013 bisher nur S\u00fcd-Baden-W\u00fcrttemberger \u2013 politischer Ch\u00f6re: <a href=\"http:\/\/www.chornetzwerk.de\">Chornetzwerk<\/a><br \/>\nSeit 1987 Parteilichkeit, Kritik und Tr\u00e4ume: <a href=\"http:\/\/www.ernst-bloch-chor.de\/\">Ernst-Bloch-Chor T\u00fcbingen<\/a><br \/>\nSeit 2011 im Raum Basel: Projektchor <a href=\"https:\/\/www.ensembleliberte.ch\/\" target=\"_blank\" rel=\"noopener noreferrer\">Ensemble Libert\u00e9<\/a><br \/>\nGegen Krieg, Faschismus, Gewalt und Unterdr\u00fcckung in Wien und der Welt: <a href=\"http:\/\/www.gegenstimmen.org\">Gegenstimmen<\/a><a href=\"http:\/\/brazzbandfezzt.wordpress.com\/uber-uns\/\"><br \/>\n<\/a> Politischer Chor in Wien (2014): <a href=\"http:\/\/soundimgetriebe.wordpress.com\/2014\/02\/18\/wer-sind-wir\/\">Sound im Getriebe<\/a><br \/>\nBlechbl\u00e4serei aus Th\u00fcringen: <a href=\"http:\/\/www.tubalibre-weimar.de\/\">Tuba Libre<\/a><br \/>\nBrazzband Leipzig seit 2011: <a href=\"http:\/\/brazzbandfezzt.wordpress.com\/uber-uns\/\">BrassBanditen<br \/>\n<\/a> Projekt <a href=\"http:\/\/desertie.blogspot.de\/2012\/03\/chorprojekt-anlasslich-des-gedenkens.html\">WahnFlucht<\/a> anl\u00e4sslich 100 Jahre Erster Weltkrieg: <a href=\"http:\/\/bbek.vgc.be\/\">Brussels Brecht-Eislerkoor<\/a><br \/>\nIn Britannien seit 1983: <a href=\"http:\/\/www.mpdconcerts.org\" target=\"_blank\" rel=\"noopener noreferrer\">Musicians for Peace and Disarmament<\/a>, originally &#8220;Musicians Against Nuclear Arms&#8221;<br \/>\nFeministische Band \/ Protestbewegung\u00a0<a href=\"https:\/\/pussy-riot.livejournal.com\/\" target=\"_blank\" rel=\"noopener noreferrer\">Pussy Riot<\/a>, gegr\u00fcndet 2011 in Moskau<br \/>\nCircle Songs anstimmen, z.B. <a href=\"https:\/\/www.youtube.com\/watch?v=SBIX8DhfOO0\" target=\"_blank\" rel=\"noopener noreferrer\">Klima-Circle-Song<\/a>, Skizze 2019 von Viola Kramer<\/p>\n<div data-ce-tag=\"spacer\"><\/div>\n<p>&gt; Musik-Einstudierhilfen:<br \/>\n<strong>Hilfeseiten, um Musik selbst\u00e4ndig einzu\u00fcben<\/strong><br \/>\nChorstimmen-Singen mithilfe VS-Tondateien: <a href=\"https:\/\/www.choralia.net\/mp3katalog.html\" target=\"_blank\" rel=\"noopener noreferrer\">choralia.net<\/a> \u2013 Abspielen und Downloaden freier Stimmen-Audios von \u00fcber 1000 Chorwerken (Stand: Fr\u00fchjahr 2020)<\/p>\n<p class=\"empty-paragraph\"><span style=\"font-size: 1px; color: transparent;\">.<\/span><\/p>\n<p style=\"text-align: center;\">\u2013 Bitte meldet Euch bei uns, wenn Ihr weitere Links anbringen m\u00f6chtet. \u2013<\/p>\n","protected":false},"excerpt":{"rendered":"<p>Erprobte LL-PartnerInnen | Grafikdesign | Politik+Termine-Infoseiten |\u00a0Musisch-politische Aktionsformen | Musik-Einstudierhilfen . &gt;&gt; Erprobte LL-PartnerInnen Aktionen bereichernd Netzwerk zur Unterst\u00fctzung von Kampagnen und Aktionen: netzwerk-zugabe.de Alternativer Journalismus, Filme und Fotos von Unten: graswurzel.tv Rechtshilfeb\u00fcro f\u00fcr gewaltfreie Aktionen (Hamburg, \u00fcberregional t\u00e4tig): rechtshilfebuero.de Antirepressionsgruppe Rheinisches Revier: AntiRRR.blogsport.de Kochkollektiv Krisenherd aus Leipzig: krisenherd.blogsport.eu K\u00fcche f\u00fcr alle (K\u00fcfa) der WAA D\u00fcren: KuechenKollektivDN.blogsport.de Maulw\u00fcrfe \u2013 Volxk\u00fcche Freiburg: VolxkuecheFreiburg.blogsport.de\/maulwuerfe Kollektief Rampenplan \u2013 mobile K\u00fcche: KollektiefRampenplan.nl Aktionsk\u00fcche Wamkat \u2013 Fl\u00e4ming Kitchen, Berlin-Brandenburg und mehr: wamkat.de\/vokue Volxk\u00fcche M\u00fcnchen e.V&#8230;.<\/p>\n<p class=\"read-more\"><a class=\"btn btn-default\" href=\"https:\/\/www.lebenslaute.net\/?page_id=92\">Weiterlesen<span class=\"screen-reader-text\"> Weiterlesen<\/span><\/a><\/p>\n","protected":false},"author":1,"featured_media":0,"parent":0,"menu_order":6,"comment_status":"closed","ping_status":"closed","template":"","meta":{"footnotes":""},"class_list":["post-92","page","type-page","status-publish","hentry"],"_links":{"self":[{"href":"https:\/\/www.lebenslaute.net\/index.php?rest_route=\/wp\/v2\/pages\/92","targetHints":{"allow":["GET"]}}],"collection":[{"href":"https:\/\/www.lebenslaute.net\/index.php?rest_route=\/wp\/v2\/pages"}],"about":[{"href":"https:\/\/www.lebenslaute.net\/index.php?rest_route=\/wp\/v2\/types\/page"}],"author":[{"embeddable":true,"href":"https:\/\/www.lebenslaute.net\/index.php?rest_route=\/wp\/v2\/users\/1"}],"replies":[{"embeddable":true,"href":"https:\/\/www.lebenslaute.net\/index.php?rest_route=%2Fwp%2Fv2%2Fcomments&post=92"}],"version-history":[{"count":115,"href":"https:\/\/www.lebenslaute.net\/index.php?rest_route=\/wp\/v2\/pages\/92\/revisions"}],"predecessor-version":[{"id":6214,"href":"https:\/\/www.lebenslaute.net\/index.php?rest_route=\/wp\/v2\/pages\/92\/revisions\/6214"}],"wp:attachment":[{"href":"https:\/\/www.lebenslaute.net\/index.php?rest_route=%2Fwp%2Fv2%2Fmedia&parent=92"}],"curies":[{"name":"wp","href":"https:\/\/api.w.org\/{rel}","templated":true}]}}